{"id":28960,"date":"2018-02-12T16:20:19","date_gmt":"2018-02-12T15:20:19","guid":{"rendered":"https:\/\/www.naturmed.de\/produkt\/wege-durch-den-tod-levine-s\/"},"modified":"2020-05-02T15:23:05","modified_gmt":"2020-05-02T13:23:05","slug":"wege-durch-den-tod-levine-s","status":"publish","type":"product","link":"https:\/\/www.naturmed.de\/en\/product\/wege-durch-den-tod-levine-s\/","title":{"rendered":"Wege durch den Tod"},"content":{"rendered":"<p>Stephen Levine ermutigt uns im ersten Teil seines Buches, unsere eigenen Gedanken, \u00c4ngste, Sorgen und unser Verlangen &#8211; ohne zu bewerten &#8211; zu erforschen und unser Herz f\u00fcr uns selbst zu \u00f6ffnen. So erkennen wir, wie wir durch unseren eigenen Widerstand gegen das, was ist, uns unsere eigene H\u00f6lle schaffen.<br \/>\nIm zweiten Teil des Buches erfahren wir hilfreiche Unterst\u00fctzung f\u00fcr unsere Arbeit mit leidenden Menschen: Bei der Begleitung Kranker und Sterbender l\u00f6sen sich die Hindernisse zwischen unseren Herzen auf, wenn wir uns der Einzigartigkeit des Anderen gegen\u00fcber \u00f6ffnen und Gedanken und Bewertungen loslassen.<br \/>\nDieses Buch ist eine wertvolle Hilfe f\u00fcr alle auf ihrem Lebensweg, seien sie erkrankt oder gesund, f\u00fcr Helfer sowie Betroffene.<\/p>\n<p>Rezensionen:<br \/>\nWege durch den Tod ist das erste Buch, das zeigt, wie die Besch\u00e4ftigung mit dem Proze\u00df des Sterbens uns f\u00fcr die Unerme\u00dflichkeit des Lebens \u00f6ffnet. Stephen Levine f\u00fchrt einf\u00fchlsam und voller Poesie auf den Weg des vollkommenen Gewahrseins f\u00fcr alles, was unerwartet als n\u00e4chstes auf uns zukommen kann: Trauer oder Freude, Verlust oder Bereicherung, Tod oder ein anderes neues Lebenswunder.<\/p>\n<p>Seine Arbeit mit Leidenden und Sterbenden ist voller Mitgef\u00fchl und dabei \u00e4u\u00dferst professionell. Sie geh\u00f6rt zu den besten in diesem Land.<br \/>\n&#8212; Elisabeth K\u00fcbler-Ross<\/p>\n","protected":false},"excerpt":{"rendered":"<p>Stephen Levines Wege durch den Tod zeigt, wie die Besch\u00e4ftigung mit dem Proze\u00df des Sterbens uns f\u00fcr die Unerme\u00dflichkeit des Lebens \u00f6ffnet. Jetzt bei naturmed bestellen.<\/p>\n","protected":false},"featured_media":18827,"comment_status":"closed","ping_status":"closed","template":"","meta":{"_acf_changed":false,"_relevanssi_hide_post":"","_relevanssi_hide_content":"","_relevanssi_pin_for_all":"","_relevanssi_pin_keywords":"","_relevanssi_unpin_keywords":"","_relevanssi_related_keywords":"","_relevanssi_related_include_ids":"","_relevanssi_related_exclude_ids":"","_relevanssi_related_no_append":"","_relevanssi_related_not_related":"","_relevanssi_related_posts":"","_relevanssi_noindex_reason":""},"product_brand":[],"product_cat":[],"class_list":{"0":"post-28960","1":"product","2":"type-product","3":"status-publish","4":"has-post-thumbnail","6":"book_author-levine-s-en","8":"first","9":"instock","10":"taxable","11":"shipping-taxable","12":"purchasable","13":"product-type-simple"},"acf":[],"_links":{"self":[{"href":"https:\/\/www.naturmed.de\/en\/wp-json\/wp\/v2\/product\/28960","targetHints":{"allow":["GET"]}}],"collection":[{"href":"https:\/\/www.naturmed.de\/en\/wp-json\/wp\/v2\/product"}],"about":[{"href":"https:\/\/www.naturmed.de\/en\/wp-json\/wp\/v2\/types\/product"}],"replies":[{"embeddable":true,"href":"https:\/\/www.naturmed.de\/en\/wp-json\/wp\/v2\/comments?post=28960"}],"wp:featuredmedia":[{"embeddable":true,"href":"https:\/\/www.naturmed.de\/en\/wp-json\/wp\/v2\/media\/18827"}],"wp:attachment":[{"href":"https:\/\/www.naturmed.de\/en\/wp-json\/wp\/v2\/media?parent=28960"}],"wp:term":[{"taxonomy":"product_brand","embeddable":true,"href":"https:\/\/www.naturmed.de\/en\/wp-json\/wp\/v2\/product_brand?post=28960"},{"taxonomy":"product_cat","embeddable":true,"href":"https:\/\/www.naturmed.de\/en\/wp-json\/wp\/v2\/product_cat?post=28960"}],"curies":[{"name":"wp","href":"https:\/\/api.w.org\/{rel}","templated":true}]}}