{"id":29263,"date":"2019-04-03T15:36:04","date_gmt":"2019-04-03T13:36:04","guid":{"rendered":"https:\/\/www.naturmed.de\/produkt\/emotional-alchemy-dvd-bridges-l\/"},"modified":"2019-04-03T17:36:28","modified_gmt":"2019-04-03T15:36:28","slug":"emotional-alchemy-dvd-bridges-l","status":"publish","type":"product","link":"https:\/\/www.naturmed.de\/en\/product\/emotional-alchemy-dvd-bridges-l\/","title":{"rendered":"Emotional Alchemy (DVD)"},"content":{"rendered":"<p>Emotional Alchemy <i><\/i> Lillian Bridges<\/p>\n<p>Lillian explains that emotions are not dangerous, only if they are stuck. She says that the most of her patients with cancer, are always taking too much care of others. Also when the patients locking for attention, they become sick. Lillian shows that things we fear, we attract in some way. A certain disease should be understand as a wakeup call, to transform this disease. Perfectionism is killing the spirit. When you let go of imagination, you will be more happy, as you live the present moment. She is giving a lot of practical examples to see how emotions can change your life.<\/p>\n<p>Emotionale Alchemie <i><\/i> Lillian Bridges<\/p>\n<p>Lillian erl\u00e4utert das Emotionen nur gef\u00e4hrlich sind, wenn sie stecken bleiben. Sie erkl\u00e4rt, dass die meisten ihrer Patienten, die einen Krebs entwickeln, sich sehr stark um andere Menschen k\u00fcmmern. Auch wenn Patienten Aufmerksamkeit brauchen, werden sie krank. Lillian zeigt, dass Dinge vor denen wir Angst haben, wir indirekt anziehen. Alle Erkrankungen sollten als eine Art Weckruf gesehen werden, um die Krankheit zu transformieren. Perfektionismus zerst\u00f6rt den Geist, sie erl\u00e4utert, dass wenn die Imagination losgelassen wird, man gl\u00fccklicher ist, da man sein Leben im aktuellen Moment lebt. Sie gibt zahlreiche praktische Beispiele, um zu zeigen, dass Emotionen das Leben ver\u00e4ndern k\u00f6nnen.<\/p>\n<p>Scan. Kongress 2014, 1 DVD, 38 min., English.<\/p>\n","protected":false},"excerpt":{"rendered":"<p>Lillian Bridges explains that emotions are not dangerous, only if they are stuck. Order the DVD of Emotional Alchemy here.<\/p>\n","protected":false},"featured_media":24011,"comment_status":"closed","ping_status":"closed","template":"","meta":{"_acf_changed":false,"_relevanssi_hide_post":"","_relevanssi_hide_content":"","_relevanssi_pin_for_all":"","_relevanssi_pin_keywords":"","_relevanssi_unpin_keywords":"","_relevanssi_related_keywords":"","_relevanssi_related_include_ids":"","_relevanssi_related_exclude_ids":"","_relevanssi_related_no_append":"","_relevanssi_related_not_related":"","_relevanssi_related_posts":"","_relevanssi_noindex_reason":""},"product_brand":[],"product_cat":[18441,18449,18404],"class_list":{"0":"post-29263","1":"product","2":"type-product","3":"status-publish","4":"has-post-thumbnail","6":"book_author-bridges-l","7":"product_cat-grundlagen-der-tcm-en","8":"product_cat-tcm-basics","9":"product_cat-tcmacupuncture-books","11":"first","12":"instock","13":"taxable","14":"shipping-taxable","15":"purchasable","16":"product-type-simple"},"acf":[],"_links":{"self":[{"href":"https:\/\/www.naturmed.de\/en\/wp-json\/wp\/v2\/product\/29263","targetHints":{"allow":["GET"]}}],"collection":[{"href":"https:\/\/www.naturmed.de\/en\/wp-json\/wp\/v2\/product"}],"about":[{"href":"https:\/\/www.naturmed.de\/en\/wp-json\/wp\/v2\/types\/product"}],"replies":[{"embeddable":true,"href":"https:\/\/www.naturmed.de\/en\/wp-json\/wp\/v2\/comments?post=29263"}],"wp:featuredmedia":[{"embeddable":true,"href":"https:\/\/www.naturmed.de\/en\/wp-json\/wp\/v2\/media\/24011"}],"wp:attachment":[{"href":"https:\/\/www.naturmed.de\/en\/wp-json\/wp\/v2\/media?parent=29263"}],"wp:term":[{"taxonomy":"product_brand","embeddable":true,"href":"https:\/\/www.naturmed.de\/en\/wp-json\/wp\/v2\/product_brand?post=29263"},{"taxonomy":"product_cat","embeddable":true,"href":"https:\/\/www.naturmed.de\/en\/wp-json\/wp\/v2\/product_cat?post=29263"}],"curies":[{"name":"wp","href":"https:\/\/api.w.org\/{rel}","templated":true}]}}