{"id":29609,"date":"2018-02-12T16:24:53","date_gmt":"2018-02-12T15:24:53","guid":{"rendered":"https:\/\/www.naturmed.de\/produkt\/blood-in-womens-physiology-online-video-yifan-yang\/"},"modified":"2022-07-21T13:54:00","modified_gmt":"2022-07-21T11:54:00","slug":"blood-in-womens-physiology-video-yifan-yang-2","status":"publish","type":"product","link":"https:\/\/www.naturmed.de\/en\/product\/blood-in-womens-physiology-video-yifan-yang-2\/","title":{"rendered":"Blood in women`s physiology (video)"},"content":{"rendered":"<p>Bereits im Kassiker des Gelben Kaisers wird auf die Physiologie der Frau n\u00e4her eingegangen. Yifan Yang geht auf die 7 Jahre-Alters-Zyklen, vom Baby \u00fcber M\u00e4dchen bis zu erwachsenen Frauen ein. Der gesamte Vortrag baut sich auf diese Zyklen auf. Yifan Yang zeigt wie sich die Menge und Qualit\u00e4t des Blutes in Abh\u00e4ngigkeit im Laufe des Lebens einer Frau ver\u00e4ndert. Erfahren Sie, wie stark bzw schwach das Blut exakt in welchem Alter ist. Yifan Yang gibt f\u00fcr jede dieser Lebensphasen geeignete Rezepturen mit chinesischen Kr\u00e4utern an um das Nieren-Qi zu beeinflussen. Neben der Kr\u00e4utertherapie erhalten Sie noch eine F\u00fclle weiterer Tipps, wie z.B. konkrete Anweisungen zu Kinder-Tuina, die besonders gut wirkt, wenn das Kind j\u00fcnger als 3 Jahre ist oder zahlreiche Infos zu chinesischen Kr\u00e4uter-Rezepturen. Mit diesem Video erhalten Sie einen umfassenden \u00dcberblick \u00fcber die Verwendung chinesischer Kr\u00e4uter bei M\u00e4dchen und Frauen.<\/p>\n<p>Yifan Yang gives a lecture about Blood in women`s physiology, select appropriate herbs in your formula according to women`s age.<br \/>\nAlso in the Yellow Emperor the physiology of women has been discussed. Yifan Yang explains the seven years-age cycles, from babies through girls to adult women. The entire presentation is built on these cycles. Yifan Yang shows how the quantity and quality of blood changes depending on the course of a woman&#8217;s life. Learn how strong the blood in which age is and how weak or accurate. Yifan Yang provides for each of these life stages suitable recipes with Chinese herbs in order to influence the kidney qi. In addition to the herbal therapy you will receive a wealth of other hints, such as specific instructions to children of Tuina, which works particularly well when the child is younger than 3 years or a lot of information on Chinese herbal formulas. With this video you will get a comprehensive overview of the use of Chinese herbs for different girl`s and women`s ages.<\/p>\n<p>video, 180 min. engl, deutsch TAO Kongress 2013<\/p>\n","protected":false},"excerpt":{"rendered":"<p>The lecture by Yifan Yang about Blood in women`s physiology &#8211; Select appropriate herbs in your formula according women`s age. Order it here.<\/p>\n","protected":false},"featured_media":23417,"comment_status":"closed","ping_status":"closed","template":"","meta":{"_acf_changed":false,"_relevanssi_hide_post":"","_relevanssi_hide_content":"","_relevanssi_pin_for_all":"","_relevanssi_pin_keywords":"","_relevanssi_unpin_keywords":"","_relevanssi_related_keywords":"","_relevanssi_related_include_ids":"","_relevanssi_related_exclude_ids":"","_relevanssi_related_no_append":"","_relevanssi_related_not_related":"","_relevanssi_related_posts":"","_relevanssi_noindex_reason":""},"product_brand":[],"product_cat":[18431,18435,29683,29680,29565,18404],"class_list":{"0":"post-29609","1":"product","2":"type-product","3":"status-publish","4":"has-post-thumbnail","6":"book_author-yifan-yang-en","7":"product_cat-chinese-herbs-kampo","8":"product_cat-formula-books","9":"product_cat-gynaekologie-videos-en","10":"product_cat-tcm-behandlung-en","11":"product_cat-tcm-videos-en","12":"product_cat-tcmacupuncture-books","13":"pa_videotyp-dvd-en","14":"pa_videotyp-streaming-en","16":"first","17":"instock","18":"taxable","19":"shipping-taxable","20":"purchasable","21":"product-type-variable"},"acf":[],"_links":{"self":[{"href":"https:\/\/www.naturmed.de\/en\/wp-json\/wp\/v2\/product\/29609","targetHints":{"allow":["GET"]}}],"collection":[{"href":"https:\/\/www.naturmed.de\/en\/wp-json\/wp\/v2\/product"}],"about":[{"href":"https:\/\/www.naturmed.de\/en\/wp-json\/wp\/v2\/types\/product"}],"replies":[{"embeddable":true,"href":"https:\/\/www.naturmed.de\/en\/wp-json\/wp\/v2\/comments?post=29609"}],"wp:featuredmedia":[{"embeddable":true,"href":"https:\/\/www.naturmed.de\/en\/wp-json\/wp\/v2\/media\/23417"}],"wp:attachment":[{"href":"https:\/\/www.naturmed.de\/en\/wp-json\/wp\/v2\/media?parent=29609"}],"wp:term":[{"taxonomy":"product_brand","embeddable":true,"href":"https:\/\/www.naturmed.de\/en\/wp-json\/wp\/v2\/product_brand?post=29609"},{"taxonomy":"product_cat","embeddable":true,"href":"https:\/\/www.naturmed.de\/en\/wp-json\/wp\/v2\/product_cat?post=29609"}],"curies":[{"name":"wp","href":"https:\/\/api.w.org\/{rel}","templated":true}]}}