{"id":29619,"date":"2018-02-12T16:23:31","date_gmt":"2018-02-12T15:23:31","guid":{"rendered":"https:\/\/www.naturmed.de\/produkt\/chiu-diet-da-online-video-zaech-n\/"},"modified":"2024-01-29T16:59:44","modified_gmt":"2024-01-29T15:59:44","slug":"chiu-diet-da-online-video-zaech-n","status":"publish","type":"product","link":"https:\/\/www.naturmed.de\/en\/product\/chiu-diet-da-online-video-zaech-n\/","title":{"rendered":"Chiu Diet Da"},"content":{"rendered":"<p>Nadine Z\u00e4ch erkl\u00e4rt in ihrem Vortrag den Begriff Chiu Diet Da (Manipulative Therapie bei traumatischen St\u00f6rungen des Bewegungsapparates) und beschreibt die geschichtlichen Hintergr\u00fcnde.<br \/>\nWeiterhin geht es in ihrem Vortrag um die Grundlagen und Techniken von Diet Da.<br \/>\nSie befasst sich mit der Frage: Was ist Schmerz?<br \/>\nSie zeigt verschiedene Arten von St\u00f6rungen auf, sowie deren Diagnose und deren Behandlung mit vielen TCM-Techniken wie Kr\u00e4utertherapie, manuelle Ma\u00dfnahmen, Gua Sha, Schr\u00f6pfen, Bluten lassen, Moibustion, K\u00f6rper\u00fcbungen und Ern\u00e4hrungshinweise f\u00fcr den Bewegungsapparat.<br \/>\nZuletzt geht Frau Z\u00e4ch auf diverse Rezepturen ein.<br \/>\nZ\u00e4ch zeigt in diesem Video viele Fallbeispiele mit detaillierter Therapieanleitung.<br \/>\nTCM Kongress Rothenburg 2010, Video, 360 min., deutsch.<\/p>\n","protected":false},"excerpt":{"rendered":"<p>Video von Nadine Z\u00e4ch \u00fcber Traumatologie und St\u00f6rungen des Bewegungsapparates und chinesische Medizin vom TCM-Kongress in Rothenburg 2011 &#8211; hier bei naturmed!<\/p>\n","protected":false},"featured_media":23177,"comment_status":"closed","ping_status":"closed","template":"","meta":{"_acf_changed":false,"_relevanssi_hide_post":"","_relevanssi_hide_content":"","_relevanssi_pin_for_all":"","_relevanssi_pin_keywords":"","_relevanssi_unpin_keywords":"","_relevanssi_related_keywords":"","_relevanssi_related_include_ids":"","_relevanssi_related_exclude_ids":"","_relevanssi_related_no_append":"","_relevanssi_related_not_related":"","_relevanssi_related_posts":"","_relevanssi_noindex_reason":""},"product_brand":[],"product_cat":[18452,29673,18463,29680,29565,18404,29979],"class_list":{"0":"post-29619","1":"product","2":"type-product","3":"status-publish","4":"has-post-thumbnail","6":"book_author-zaech-n-en","7":"product_cat-clinical-practice-in-tcm","8":"product_cat-psyche-videos-tcm-behandlung-en","9":"product_cat-schmerztherapie-en","10":"product_cat-tcm-behandlung-en","11":"product_cat-tcm-videos-en","12":"product_cat-tcmacupuncture-books","13":"product_cat-videos-tcm-kongress-en","14":"pa_videotyp-dvd-en","15":"pa_videotyp-streaming-en","17":"first","18":"instock","19":"taxable","20":"shipping-taxable","21":"purchasable","22":"product-type-variable"},"acf":[],"_links":{"self":[{"href":"https:\/\/www.naturmed.de\/en\/wp-json\/wp\/v2\/product\/29619","targetHints":{"allow":["GET"]}}],"collection":[{"href":"https:\/\/www.naturmed.de\/en\/wp-json\/wp\/v2\/product"}],"about":[{"href":"https:\/\/www.naturmed.de\/en\/wp-json\/wp\/v2\/types\/product"}],"replies":[{"embeddable":true,"href":"https:\/\/www.naturmed.de\/en\/wp-json\/wp\/v2\/comments?post=29619"}],"wp:featuredmedia":[{"embeddable":true,"href":"https:\/\/www.naturmed.de\/en\/wp-json\/wp\/v2\/media\/23177"}],"wp:attachment":[{"href":"https:\/\/www.naturmed.de\/en\/wp-json\/wp\/v2\/media?parent=29619"}],"wp:term":[{"taxonomy":"product_brand","embeddable":true,"href":"https:\/\/www.naturmed.de\/en\/wp-json\/wp\/v2\/product_brand?post=29619"},{"taxonomy":"product_cat","embeddable":true,"href":"https:\/\/www.naturmed.de\/en\/wp-json\/wp\/v2\/product_cat?post=29619"}],"curies":[{"name":"wp","href":"https:\/\/api.w.org\/{rel}","templated":true}]}}