{"id":30009,"date":"2019-08-12T11:50:22","date_gmt":"2019-08-12T09:50:22","guid":{"rendered":"https:\/\/www.naturmed.de\/produkt\/die-seele-der-heilmittel-sankaran-r\/"},"modified":"2020-05-30T14:47:31","modified_gmt":"2020-05-30T12:47:31","slug":"die-seele-der-heilmittel-sankaran-r","status":"publish","type":"product","link":"https:\/\/www.naturmed.de\/en\/product\/die-seele-der-heilmittel-sankaran-r\/","title":{"rendered":"Die Seele der Heilmittel"},"content":{"rendered":"<p>Hundert hom\u00f6opathische Arzneimittel in ihrem inneren Wesen und ihre klinischen Ausdrucksformen, \u00fcberpr\u00fcft und in kurzen Umrissen dargestellt.<\/p>\n","protected":false},"excerpt":{"rendered":"<p>In Seele der Heilmittel beschreibt Rajan Sankaran einhundert hom\u00f6opathische Arzneimittel. Alle Sankaran-B\u00fccher finden Sie hier bei naturmed.de.<\/p>\n","protected":false},"featured_media":18357,"comment_status":"open","ping_status":"closed","template":"","meta":{"_acf_changed":false,"_relevanssi_hide_post":"","_relevanssi_hide_content":"","_relevanssi_pin_for_all":"","_relevanssi_pin_keywords":"","_relevanssi_unpin_keywords":"","_relevanssi_related_keywords":"","_relevanssi_related_include_ids":"","_relevanssi_related_exclude_ids":"","_relevanssi_related_no_append":"","_relevanssi_related_not_related":"","_relevanssi_related_posts":"","_relevanssi_noindex_reason":""},"product_brand":[],"product_cat":[29456,29458,29460],"class_list":{"0":"post-30009","1":"product","2":"type-product","3":"status-publish","4":"has-post-thumbnail","6":"book_author-sankaran-r-en","7":"product_cat-arzneimittel-en","8":"product_cat-homoeopathie-en","9":"product_cat-materia-medica-en","11":"first","12":"outofstock","13":"taxable","14":"shipping-taxable","15":"purchasable","16":"product-type-simple"},"acf":[],"_links":{"self":[{"href":"https:\/\/www.naturmed.de\/en\/wp-json\/wp\/v2\/product\/30009","targetHints":{"allow":["GET"]}}],"collection":[{"href":"https:\/\/www.naturmed.de\/en\/wp-json\/wp\/v2\/product"}],"about":[{"href":"https:\/\/www.naturmed.de\/en\/wp-json\/wp\/v2\/types\/product"}],"replies":[{"embeddable":true,"href":"https:\/\/www.naturmed.de\/en\/wp-json\/wp\/v2\/comments?post=30009"}],"wp:featuredmedia":[{"embeddable":true,"href":"https:\/\/www.naturmed.de\/en\/wp-json\/wp\/v2\/media\/18357"}],"wp:attachment":[{"href":"https:\/\/www.naturmed.de\/en\/wp-json\/wp\/v2\/media?parent=30009"}],"wp:term":[{"taxonomy":"product_brand","embeddable":true,"href":"https:\/\/www.naturmed.de\/en\/wp-json\/wp\/v2\/product_brand?post=30009"},{"taxonomy":"product_cat","embeddable":true,"href":"https:\/\/www.naturmed.de\/en\/wp-json\/wp\/v2\/product_cat?post=30009"}],"curies":[{"name":"wp","href":"https:\/\/api.w.org\/{rel}","templated":true}]}}