{"id":30022,"date":"2018-02-12T16:27:54","date_gmt":"2018-02-12T15:27:54","guid":{"rendered":"https:\/\/www.naturmed.de\/produkt\/body-and-consciousness-dvd-rochat-de-la-vallee-e\/"},"modified":"2018-02-28T16:18:46","modified_gmt":"2018-02-28T15:18:46","slug":"body-and-consciousness-dvd-rochat-de-la-vallee-e","status":"publish","type":"product","link":"https:\/\/www.naturmed.de\/en\/product\/body-and-consciousness-dvd-rochat-de-la-vallee-e\/","title":{"rendered":"Body and consciousness (DVD)"},"content":{"rendered":"<p>Das DVD zum Vortrag K\u00f6rper und Bewusstsein von Elisabeth Rochat de la Vall\u00e9e auf dem TCM Kongress Rothenburg 2013.<br \/>Rochat de la Vall\u00e9e spricht \u00fcber K\u00f6rper und Bewusstsein. Gibt es im K\u00f6rper und im Geist ein Bewusstsein und kann man dies \u00fcberhaupt trennen unter Einbeziehung zahlreicher philosophischer Klassiker aus der traditionellen chinesischen Medizin, wie Suwen, Lingshu.<br \/>Es geht um Fragestellungen wie: Was ist der Geist (shen), die Zirkulation des Blutes und Qi und was diese Zirkulation beeinflusst und seine Auswirkung auf das Herz.<br \/>Wo liegen die Emotionen? Wie wird das Qi dieser Emotion beeinflusst?<br \/>Mit vielen daoistischen Grundlagen und Gedanken.<\/p>\n<p>TCM Rothenburg 2013,<br \/>1 DVD, 180 min., English <i><\/i> deutsch.<\/p>\n","protected":false},"excerpt":{"rendered":"<p>Rochat de la Vall\u00e9e mit einem Vortrag \u00fcber K\u00f6rper und Bewusstsein von auf dem TCM Kongress Rothenburg 2013. Order your DVD here.<\/p>\n","protected":false},"featured_media":23866,"comment_status":"closed","ping_status":"closed","template":"","meta":{"_acf_changed":false,"_relevanssi_hide_post":"","_relevanssi_hide_content":"","_relevanssi_pin_for_all":"","_relevanssi_pin_keywords":"","_relevanssi_unpin_keywords":"","_relevanssi_related_keywords":"","_relevanssi_related_include_ids":"","_relevanssi_related_exclude_ids":"","_relevanssi_related_no_append":"","_relevanssi_related_not_related":"","_relevanssi_related_posts":"","_relevanssi_noindex_reason":""},"product_brand":[],"product_cat":[18441,18449,18404],"class_list":{"0":"post-30022","1":"product","2":"type-product","3":"status-publish","4":"has-post-thumbnail","6":"book_author-rochat-de-la-vallee-e-en","7":"product_cat-grundlagen-der-tcm-en","8":"product_cat-tcm-basics","9":"product_cat-tcmacupuncture-books","11":"first","12":"instock","13":"taxable","14":"shipping-taxable","15":"purchasable","16":"product-type-simple"},"acf":[],"_links":{"self":[{"href":"https:\/\/www.naturmed.de\/en\/wp-json\/wp\/v2\/product\/30022","targetHints":{"allow":["GET"]}}],"collection":[{"href":"https:\/\/www.naturmed.de\/en\/wp-json\/wp\/v2\/product"}],"about":[{"href":"https:\/\/www.naturmed.de\/en\/wp-json\/wp\/v2\/types\/product"}],"replies":[{"embeddable":true,"href":"https:\/\/www.naturmed.de\/en\/wp-json\/wp\/v2\/comments?post=30022"}],"wp:featuredmedia":[{"embeddable":true,"href":"https:\/\/www.naturmed.de\/en\/wp-json\/wp\/v2\/media\/23866"}],"wp:attachment":[{"href":"https:\/\/www.naturmed.de\/en\/wp-json\/wp\/v2\/media?parent=30022"}],"wp:term":[{"taxonomy":"product_brand","embeddable":true,"href":"https:\/\/www.naturmed.de\/en\/wp-json\/wp\/v2\/product_brand?post=30022"},{"taxonomy":"product_cat","embeddable":true,"href":"https:\/\/www.naturmed.de\/en\/wp-json\/wp\/v2\/product_cat?post=30022"}],"curies":[{"name":"wp","href":"https:\/\/api.w.org\/{rel}","templated":true}]}}