{"id":30043,"date":"2018-02-12T16:24:53","date_gmt":"2018-02-12T15:24:53","guid":{"rendered":"https:\/\/www.naturmed.de\/produkt\/body-and-consciousness-online-video-rochat-de-la-vallee-e\/"},"modified":"2019-08-05T14:55:31","modified_gmt":"2019-08-05T12:55:31","slug":"body-and-consciousness-online-video-rochat-de-la-vallee-e","status":"publish","type":"product","link":"https:\/\/www.naturmed.de\/en\/product\/body-and-consciousness-online-video-rochat-de-la-vallee-e\/","title":{"rendered":"Body and consciousness (video)"},"content":{"rendered":"<p>Das Video zum Vortrag K\u00f6rper und Bewusstsein von Elisabth Rochat de la Vall\u00e9e auf dem TCM Kongress Rothenburg 2013.<br \/>\nRochat de la Vall\u00e9e spricht \u00fcber K\u00f6rper und Bewusstsein.<br \/>\nGibt es im K\u00f6rper und im Geist ein Bewusstsein und kann man dies \u00fcberhaupt trennen unter Einbeziehung zahlreicher philosophischer Klassiker aus der traditionellen chinesischen Medizin, wie Suwen, Lingshu.<br \/>\nEs geht um Fragestellungen wie: Was ist der Geist (shen), die Zirkulation des Blutes und Qi und was diese Zirkulation beeinflusst und seine Auswirkung auf das Herz. Wo liegen die Emotionen? Wie wird das Qi dieser Emotion beeinflusst?<br \/>\nMit vielen daoistischen Grundlagen und Gedanken.<\/p>\n<p>TCM Rothenburg 2013,<br \/>\nvideo, 180 min., English deutsch.<\/p>\n","protected":false},"excerpt":{"rendered":"<p>Das Video zum Vortrag K\u00f6rper und Bewusstsein von Rochat de la Vall\u00e9e auf dem TCM Kongress Rothenburg 2013, hier bei naturmed.<\/p>\n","protected":false},"featured_media":23393,"comment_status":"closed","ping_status":"closed","template":"","meta":{"_acf_changed":false,"_relevanssi_hide_post":"","_relevanssi_hide_content":"","_relevanssi_pin_for_all":"","_relevanssi_pin_keywords":"","_relevanssi_unpin_keywords":"","_relevanssi_related_keywords":"","_relevanssi_related_include_ids":"","_relevanssi_related_exclude_ids":"","_relevanssi_related_no_append":"","_relevanssi_related_not_related":"","_relevanssi_related_posts":"","_relevanssi_noindex_reason":""},"product_brand":[],"product_cat":[18441,18449,29565,18404,29678],"class_list":{"0":"post-30043","1":"product","2":"type-product","3":"status-publish","4":"has-post-thumbnail","6":"book_author-rochat-de-la-vallee-e-en","7":"product_cat-grundlagen-der-tcm-en","8":"product_cat-tcm-basics","9":"product_cat-tcm-videos-en","10":"product_cat-tcmacupuncture-books","11":"product_cat-weitere-tcm-praxis-videos-en","12":"pa_videotyp-dvd-en","13":"pa_videotyp-streaming-en","15":"first","16":"instock","17":"taxable","18":"shipping-taxable","19":"purchasable","20":"product-type-variable"},"acf":[],"_links":{"self":[{"href":"https:\/\/www.naturmed.de\/en\/wp-json\/wp\/v2\/product\/30043","targetHints":{"allow":["GET"]}}],"collection":[{"href":"https:\/\/www.naturmed.de\/en\/wp-json\/wp\/v2\/product"}],"about":[{"href":"https:\/\/www.naturmed.de\/en\/wp-json\/wp\/v2\/types\/product"}],"replies":[{"embeddable":true,"href":"https:\/\/www.naturmed.de\/en\/wp-json\/wp\/v2\/comments?post=30043"}],"wp:featuredmedia":[{"embeddable":true,"href":"https:\/\/www.naturmed.de\/en\/wp-json\/wp\/v2\/media\/23393"}],"wp:attachment":[{"href":"https:\/\/www.naturmed.de\/en\/wp-json\/wp\/v2\/media?parent=30043"}],"wp:term":[{"taxonomy":"product_brand","embeddable":true,"href":"https:\/\/www.naturmed.de\/en\/wp-json\/wp\/v2\/product_brand?post=30043"},{"taxonomy":"product_cat","embeddable":true,"href":"https:\/\/www.naturmed.de\/en\/wp-json\/wp\/v2\/product_cat?post=30043"}],"curies":[{"name":"wp","href":"https:\/\/api.w.org\/{rel}","templated":true}]}}