{"id":30964,"date":"2018-02-12T16:25:28","date_gmt":"2018-02-12T15:25:28","guid":{"rendered":"https:\/\/www.naturmed.de\/produkt\/placing-applied-channel-theory-at-the-core-of-acupuncture-part-1-wang-ju-yi\/"},"modified":"2021-04-22T13:44:40","modified_gmt":"2021-04-22T11:44:40","slug":"placing-applied-channel-theory-at-the-core-of-acupuncture-part-1-wang-ju-yi","status":"publish","type":"product","link":"https:\/\/www.naturmed.de\/en\/product\/placing-applied-channel-theory-at-the-core-of-acupuncture-part-1-wang-ju-yi\/","title":{"rendered":"Placing Applied Channel Theory at the Core of Acupuncture Part 1 Video"},"content":{"rendered":"<p>Teil 1 des 3-teiligen Vortrags <i><\/i> part 1 of 3 parts:<\/p>\n<p>Wang Ju-Yi questions what meridians are and where they are. Scientifically they could not be evaluated. Earlier studies tried to explain that all meridians are neural-, vascular, lymphatic or harmonic structures, but this could not be confirmed. Wang Ju-Yi explains the danger that acupuncture is only used for pain treatment and his deeper meaning is going lost and therefore the clinic result develops negatively.<br \/>\nWang Yu-Ji explains that scientist tried to explore the meridians at corpses, but after death they no longer exists. Also if the patient is sick the meridians are irregularly, this can be shown by palpitation the meridians. In his speech Wang Yu Ji shows us how to palpitate and how to regulate them. This works on a soft and respectful way, like a violin player and not a drummer. He also explains the meaning of the San Jiao (triple burner), which is like a layer on the other organs.<br \/>\nHe explains the importance of source points and the separation of the acupuncture points in about 365 points into fire, water, earth, metal, wood and his indications, like the depth of needling, the effectiveness and the combination possibilities. Wang Ju-Yi shows us that we have to know about 150 acupuncture points by heart and that we have to know where the muscles, ligaments, vessels and tendons are. One very important point for Wang Ju-Yi is the palpation of points before needling.<br \/>\nVery informative case studies gives you an effective insight for treatment.<\/p>\n<p>Wang Ju-Yi hinterfragt, was die Meridiane sind und wo diese liegen? Wissenschaftlich konnten die Meridiane noch nicht nachgewiesen werden. Fr\u00fchere Studien versuchten zu erkl\u00e4ren, dass Meridiane Nervenleitbahnen sind, die auf vaskul\u00e4ren- lymphatischen- oder hormonellen Systemen beruhen. Dies konnte allerdings nicht best\u00e4tigt werden. Wang Ju-Yi erl\u00e4utert die Gefahr, dass Akupunktur nur zur Schmerzbehandlung verwendet wird, da seine tiefere Bedeutung oft verloren geht und dadurch das klinische Ergebnis negativ ausf\u00e4llt.<br \/>\nWang Ju-Yi erkl\u00e4rt, dass Wissenschaftler versucht haben bei Kadavern die Meridiane zu entdecken, diese aber nach dem Tod nicht mehr vorhanden sind. Auch bei Erkrankungen des Menschen zeigen Meridiane Unregelm\u00e4\u00dfigkeiten auf, dies kann durch das Palpieren der Meridiane gezeigt werden. In diesem Vortrag zeigt uns Wang Ju-Yi wie das Palpieren von statten geht und wie \u00fcber die Meridiane F\u00fclle und Leere reguliert werden kann. Dies funktioniert auf sehr sanfte und respektvolle Weise, etwa wie ein Geigenspieler und nicht wie bei einem Schlagzeuger. Au\u00dferdem erl\u00e4utert er die Bedeutung des San Jiao (Dreifacher Erw\u00e4rmer), welcher wie eine H\u00fclle um die anderen Organe liegt.<br \/>\nEr erl\u00e4utert die Bedeutung der Quellpunkte und die Aufteilung der Akupunkturpunkte in ca. 365 Punkte in Feuer, Wasser, Erde, Metall, Holzpunkte und seine Anwendungstechniken, wie die Tiefe der Nadelung, deren Wirkungsweise und Kombinationsm\u00f6glichkeiten. Wang Ju-Yi zeigt uns, dass diese 150 Hauptpunkte wirklich beherrscht werden sollten und die Muskeln, B\u00e4nder, Gef\u00e4\u00dfe und Sehnen besondere Ber\u00fccksichtigung erhalten sollten. Ein sehr wichtiger Stellenwert hat f\u00fcr Wang Ju-Yi das Palpieren der Punkte bevor genadelt wird.<br \/>\nAnschauliche praktische Fallbeispiele von Jason Robertson runden das Seminar sehr effektiv ab.<\/p>\n<p>TCM Kongress Rothenburg 2014,<br \/>\nvideo, 309 min., chinesisch <i><\/i> + englisch,<\/p>\n<p>Languages: Chinese and English.<\/p>\n","protected":false},"excerpt":{"rendered":"<p>In part 1 of his lecture Wang Ju-Yi demonstrates that we have to know about 150 acupuncture points by heart. Order the video now.<\/p>\n","protected":false},"featured_media":23474,"comment_status":"closed","ping_status":"closed","template":"","meta":{"_acf_changed":false,"_relevanssi_hide_post":"","_relevanssi_hide_content":"","_relevanssi_pin_for_all":"","_relevanssi_pin_keywords":"","_relevanssi_unpin_keywords":"","_relevanssi_related_keywords":"","_relevanssi_related_include_ids":"","_relevanssi_related_exclude_ids":"","_relevanssi_related_no_append":"","_relevanssi_related_not_related":"","_relevanssi_related_posts":"","_relevanssi_noindex_reason":""},"product_brand":[],"product_cat":[18408,29659,29665,18419,29565,18404,29979],"class_list":{"0":"post-30964","1":"product","2":"type-product","3":"status-publish","4":"has-post-thumbnail","6":"book_author-robertson-j-en","7":"book_author-wang-ju-yi-en","8":"product_cat-acupuncture-books","9":"product_cat-akupunktur-videos-tcm-videos-en","10":"product_cat-meridiane-videos-en","11":"product_cat-meridians","12":"product_cat-tcm-videos-en","13":"product_cat-tcmacupuncture-books","14":"product_cat-videos-tcm-kongress-en","15":"pa_videotyp-dvd-en","16":"pa_videotyp-streaming-en","18":"first","19":"instock","20":"taxable","21":"shipping-taxable","22":"purchasable","23":"product-type-variable"},"acf":[],"_links":{"self":[{"href":"https:\/\/www.naturmed.de\/en\/wp-json\/wp\/v2\/product\/30964","targetHints":{"allow":["GET"]}}],"collection":[{"href":"https:\/\/www.naturmed.de\/en\/wp-json\/wp\/v2\/product"}],"about":[{"href":"https:\/\/www.naturmed.de\/en\/wp-json\/wp\/v2\/types\/product"}],"replies":[{"embeddable":true,"href":"https:\/\/www.naturmed.de\/en\/wp-json\/wp\/v2\/comments?post=30964"}],"wp:featuredmedia":[{"embeddable":true,"href":"https:\/\/www.naturmed.de\/en\/wp-json\/wp\/v2\/media\/23474"}],"wp:attachment":[{"href":"https:\/\/www.naturmed.de\/en\/wp-json\/wp\/v2\/media?parent=30964"}],"wp:term":[{"taxonomy":"product_brand","embeddable":true,"href":"https:\/\/www.naturmed.de\/en\/wp-json\/wp\/v2\/product_brand?post=30964"},{"taxonomy":"product_cat","embeddable":true,"href":"https:\/\/www.naturmed.de\/en\/wp-json\/wp\/v2\/product_cat?post=30964"}],"curies":[{"name":"wp","href":"https:\/\/api.w.org\/{rel}","templated":true}]}}