{"id":30967,"date":"2018-02-12T16:25:28","date_gmt":"2018-02-12T15:25:28","guid":{"rendered":"https:\/\/www.naturmed.de\/produkt\/insomnia-diagnosis-and-treatment-online-video-montakab-h\/"},"modified":"2023-05-12T13:57:53","modified_gmt":"2023-05-12T11:57:53","slug":"insomnia-diagnosis-and-treatment-online-video-montakab-h","status":"publish","type":"product","link":"https:\/\/www.naturmed.de\/en\/product\/insomnia-diagnosis-and-treatment-online-video-montakab-h\/","title":{"rendered":"Insomnia: Diagnosis and Treatment (Video)"},"content":{"rendered":"<p>Hamid Montakab explains that especially the liver and the heart are very important points in the Chinese Medicine to treat insomnia, as they are housing the hun and the shen. Also blood deficiency is very often a reason for insomnia. He explains very good acupuncture points to treat the blood deficiency and when to adjust which point. Dietary is another very important point for sleep. To cold or to late dinner as well as watching TV or reading on the laptop or computer could disturb the sleep. Montakab gives you very helpful advice to treat patient with insomnia and which point is the most effective one to deal with the individual insomnia.<\/p>\n<p>Hamid Montakab erl\u00e4utert, dass besonders die Punkte des Leber- und des Herzmeridians in der chinesischen Medizin sehr wichtig bei der Behandlung von Schlafst\u00f6rungen sind, da diese das Hun und das Shen beherbergen. Auch ein Blutmangel ist oft ein Grund f\u00fcr Schlafst\u00f6rungen, hierzu erl\u00e4utert er wichtige Akupunkturpunkte und wann diese richtig angewendet werden. Ebenso nennt er falsche Ern\u00e4hrungsweisen, zu sp\u00e4tes oder zu kaltes Essen, genauso wie abendliches Fernsehen oder das Lesen am Laptop oder Computer. Montakab gibt Ihnen sehr hilfreiche Ratschl\u00e4ge um Patienten mit Schlafst\u00f6rungen zu behandeln und zeigt Ihnen die effektivsten Behandlungspunkte um die jeweilige Schlafst\u00f6rung optimal zu behandeln.<\/p>\n<p>TCM Kongress Rothenburg 2014,<br \/>\nvideo, 377 min., englisch\/deutsch.<\/p>\n","protected":false},"excerpt":{"rendered":"<p>Hamid Montakab explains that especially the liver and the heart are very important points in the Chinese Medicine to treat insomnia. Order your video now at naturmed!<\/p>\n","protected":false},"featured_media":23478,"comment_status":"closed","ping_status":"closed","template":"","meta":{"_acf_changed":false,"_relevanssi_hide_post":"","_relevanssi_hide_content":"","_relevanssi_pin_for_all":"","_relevanssi_pin_keywords":"","_relevanssi_unpin_keywords":"","_relevanssi_related_keywords":"","_relevanssi_related_include_ids":"","_relevanssi_related_exclude_ids":"","_relevanssi_related_no_append":"","_relevanssi_related_not_related":"","_relevanssi_related_posts":"","_relevanssi_noindex_reason":""},"product_brand":[],"product_cat":[18437,29687,29680,18436,29565,18404,29979],"class_list":{"0":"post-30967","1":"product","2":"type-product","3":"status-publish","4":"has-post-thumbnail","6":"book_author-montakab-h-en","7":"product_cat-general-diagnosis","8":"product_cat-insomnia-behandlung-en","9":"product_cat-tcm-behandlung-en","10":"product_cat-tcm-diagnosis","11":"product_cat-tcm-videos-en","12":"product_cat-tcmacupuncture-books","13":"product_cat-videos-tcm-kongress-en","14":"pa_videotyp-dvd-en","15":"pa_videotyp-streaming-en","17":"first","18":"instock","19":"taxable","20":"shipping-taxable","21":"purchasable","22":"product-type-variable"},"acf":[],"_links":{"self":[{"href":"https:\/\/www.naturmed.de\/en\/wp-json\/wp\/v2\/product\/30967","targetHints":{"allow":["GET"]}}],"collection":[{"href":"https:\/\/www.naturmed.de\/en\/wp-json\/wp\/v2\/product"}],"about":[{"href":"https:\/\/www.naturmed.de\/en\/wp-json\/wp\/v2\/types\/product"}],"replies":[{"embeddable":true,"href":"https:\/\/www.naturmed.de\/en\/wp-json\/wp\/v2\/comments?post=30967"}],"wp:featuredmedia":[{"embeddable":true,"href":"https:\/\/www.naturmed.de\/en\/wp-json\/wp\/v2\/media\/23478"}],"wp:attachment":[{"href":"https:\/\/www.naturmed.de\/en\/wp-json\/wp\/v2\/media?parent=30967"}],"wp:term":[{"taxonomy":"product_brand","embeddable":true,"href":"https:\/\/www.naturmed.de\/en\/wp-json\/wp\/v2\/product_brand?post=30967"},{"taxonomy":"product_cat","embeddable":true,"href":"https:\/\/www.naturmed.de\/en\/wp-json\/wp\/v2\/product_cat?post=30967"}],"curies":[{"name":"wp","href":"https:\/\/api.w.org\/{rel}","templated":true}]}}