{"id":30968,"date":"2018-02-14T03:06:16","date_gmt":"2018-02-14T02:06:16","guid":{"rendered":"https:\/\/www.naturmed.de\/produkt\/linking-classical-chinese-medical-understanding-to-thyroid-scott-john\/"},"modified":"2019-11-25T10:39:37","modified_gmt":"2019-11-25T09:39:37","slug":"linking-classical-chinese-medical-understanding-to-thyroid-scott-john","status":"publish","type":"product","link":"https:\/\/www.naturmed.de\/en\/product\/linking-classical-chinese-medical-understanding-to-thyroid-scott-john\/","title":{"rendered":"Linking Classical Chinese Medical Understanding to Thyroid"},"content":{"rendered":"<p>Julian Scott explains that the Ming Men fire plays an important role to the kidneys. The balance of the middle burner is an important factor for health. The thyroid regulates the Yang and Ming Men controls the Yang. Julian Scott explains that the treatment of the root plays an important role for diseases of the thyroid. He shows that the kidneys have a hereditary component and the middle burner have an important role to strengthen the kidney (acquired qi). He also states, that emotions have a big impact to regulate Yin and Yang. He shows very clear fully the different diseases of the thyroid (hypo-\/hyperthyroid, autoimmune disturbances) and the axis they move on. Julian Scott gives us a lot of dietetic examples and how to improve the thyroid with food. He shows a lot of helpful formulas and effective acupuncture points to treat thyroid disturbances.<\/p>\n<p>Julian Scott erl\u00e4utert, dass das Ming Men Feuer eine wichtige Rolle in Bezug auf die Nieren hat. Das Gleichgewicht der Mitte ist ein wesentlicher Faktor von Gesundheit. Die Schilddr\u00fcse reguliert das Yang und Ming Men ist f\u00fcr die Steuerung des Yang verantwortlich. Julian Scott zeigt, dass die Behandlung der Wurzel ein sehr wichtiger Faktor bei der Behandlung von Schilddr\u00fcsenerkrankungen ist. Die Niere muss bei endokrinen St\u00f6rungen immer ber\u00fccksichtigt werden. Er zeigt auf, dass die Nieren auch eine erbliche Komponente haben und der mittlere Erw\u00e4rmer eine wichtige Funktion hat, die Niere zu n\u00e4hren (erworbenes Qi). Des Weiteren gibt er zu bedenken, dass auch die Emotionen eine sehr starke Wirkung auf unser Yin und Yang haben. Er zeigt anschaulich die verschiedenen Erkrankungen der Schilddr\u00fcse (Hypo-\/Hyperthyreose, autoimmune St\u00f6rungen) und deren Achsen auf. Des Weiteren gibt Julian Scott viele di\u00e4tetische Beispiele und wie wir mit der Nahrung unsere Schilddr\u00fcse unterst\u00fctzen k\u00f6nnen. Er zeigt viele hilfreiche Kr\u00e4uterrezepturen, sowie effektive Akupunkturpunkte, um St\u00f6rungen der Schilddr\u00fcse zu behandeln.<\/p>\n<p>TCM Kongress Rothenburg 2014,<br \/>\nvideo, 265 min., englisch.<\/p>\n","protected":false},"excerpt":{"rendered":"<p>John Scott explains that the Ming Men fire plays an important role to the kidneys. The balance of the middle burner is an important factor for health. Order the video here.<\/p>\n","protected":false},"featured_media":23479,"comment_status":"closed","ping_status":"closed","template":"","meta":{"_acf_changed":false,"_relevanssi_hide_post":"","_relevanssi_hide_content":"","_relevanssi_pin_for_all":"","_relevanssi_pin_keywords":"","_relevanssi_unpin_keywords":"","_relevanssi_related_keywords":"","_relevanssi_related_include_ids":"","_relevanssi_related_exclude_ids":"","_relevanssi_related_no_append":"","_relevanssi_related_not_related":"","_relevanssi_related_posts":"","_relevanssi_noindex_reason":""},"product_brand":[],"product_cat":[29659,18452,18464,29661,29565,18404,29979],"class_list":{"0":"post-30968","1":"product","2":"type-product","3":"status-publish","4":"has-post-thumbnail","6":"book_author-scott-john-en","7":"product_cat-akupunktur-videos-tcm-videos-en","8":"product_cat-clinical-practice-in-tcm","9":"product_cat-other-disease","10":"product_cat-tcm-basic-videos-en","11":"product_cat-tcm-videos-en","12":"product_cat-tcmacupuncture-books","13":"product_cat-videos-tcm-kongress-en","14":"pa_videotyp-dvd-en","15":"pa_videotyp-streaming-en","17":"first","18":"instock","19":"taxable","20":"shipping-taxable","21":"purchasable","22":"product-type-variable"},"acf":[],"_links":{"self":[{"href":"https:\/\/www.naturmed.de\/en\/wp-json\/wp\/v2\/product\/30968","targetHints":{"allow":["GET"]}}],"collection":[{"href":"https:\/\/www.naturmed.de\/en\/wp-json\/wp\/v2\/product"}],"about":[{"href":"https:\/\/www.naturmed.de\/en\/wp-json\/wp\/v2\/types\/product"}],"replies":[{"embeddable":true,"href":"https:\/\/www.naturmed.de\/en\/wp-json\/wp\/v2\/comments?post=30968"}],"wp:featuredmedia":[{"embeddable":true,"href":"https:\/\/www.naturmed.de\/en\/wp-json\/wp\/v2\/media\/23479"}],"wp:attachment":[{"href":"https:\/\/www.naturmed.de\/en\/wp-json\/wp\/v2\/media?parent=30968"}],"wp:term":[{"taxonomy":"product_brand","embeddable":true,"href":"https:\/\/www.naturmed.de\/en\/wp-json\/wp\/v2\/product_brand?post=30968"},{"taxonomy":"product_cat","embeddable":true,"href":"https:\/\/www.naturmed.de\/en\/wp-json\/wp\/v2\/product_cat?post=30968"}],"curies":[{"name":"wp","href":"https:\/\/api.w.org\/{rel}","templated":true}]}}