{"id":30993,"date":"2018-02-12T16:23:31","date_gmt":"2018-02-12T15:23:31","guid":{"rendered":"https:\/\/www.naturmed.de\/produkt\/the-dreaded-childhood-diseases-online-video-scott-julian\/"},"modified":"2021-07-22T12:01:55","modified_gmt":"2021-07-22T10:01:55","slug":"the-dreaded-childhood-diseases-online-video-scott-julian","status":"publish","type":"product","link":"https:\/\/www.naturmed.de\/en\/product\/the-dreaded-childhood-diseases-online-video-scott-julian\/","title":{"rendered":"The dreaded childhood diseases (Video)"},"content":{"rendered":"<p>Dr. Scott gives a lecture about the dreaded childhood diseases: measles, whooping coung and scarlet fever. Watch the video.<\/p>\n<p>TCM-Kongress Rothenburg 2012,<br \/>\nvideo, englisch\/deutsch, English\/German.<\/p>\n<p>German title: Die gef\u00fcrchteten Kinderkrankheiten: Masern, Keuchhusten und Scharlach.<\/p>\n","protected":false},"excerpt":{"rendered":"<p>Dr. Julian Scott h\u00e4lt einen Vortrag \u00fcber gef\u00fcrchtete Kinderkrankheiten auf dem TCM-Kongress Rothenburg 2012. Ihr Video hier bei naturmed bestellen.<\/p>\n","protected":false},"featured_media":23210,"comment_status":"closed","ping_status":"closed","template":"","meta":{"_acf_changed":false,"_relevanssi_hide_post":"","_relevanssi_hide_content":"","_relevanssi_pin_for_all":"","_relevanssi_pin_keywords":"","_relevanssi_unpin_keywords":"","_relevanssi_related_keywords":"","_relevanssi_related_include_ids":"","_relevanssi_related_exclude_ids":"","_relevanssi_related_no_append":"","_relevanssi_related_not_related":"","_relevanssi_related_posts":"","_relevanssi_noindex_reason":""},"product_brand":[],"product_cat":[18453,18452,29688,29680,29565,18404,29979],"class_list":{"0":"post-30993","1":"product","2":"type-product","3":"status-publish","4":"has-post-thumbnail","6":"book_author-julian-scott-en","7":"product_cat-children","8":"product_cat-clinical-practice-in-tcm","9":"product_cat-kinderkrankheiten-tcm-behandlung-en","10":"product_cat-tcm-behandlung-en","11":"product_cat-tcm-videos-en","12":"product_cat-tcmacupuncture-books","13":"product_cat-videos-tcm-kongress-en","14":"pa_videotyp-dvd-en","16":"pa_videotyp-streaming-en","19":"first","20":"instock","21":"taxable","22":"shipping-taxable","23":"product-type-variable"},"acf":[],"_links":{"self":[{"href":"https:\/\/www.naturmed.de\/en\/wp-json\/wp\/v2\/product\/30993","targetHints":{"allow":["GET"]}}],"collection":[{"href":"https:\/\/www.naturmed.de\/en\/wp-json\/wp\/v2\/product"}],"about":[{"href":"https:\/\/www.naturmed.de\/en\/wp-json\/wp\/v2\/types\/product"}],"replies":[{"embeddable":true,"href":"https:\/\/www.naturmed.de\/en\/wp-json\/wp\/v2\/comments?post=30993"}],"wp:featuredmedia":[{"embeddable":true,"href":"https:\/\/www.naturmed.de\/en\/wp-json\/wp\/v2\/media\/23210"}],"wp:attachment":[{"href":"https:\/\/www.naturmed.de\/en\/wp-json\/wp\/v2\/media?parent=30993"}],"wp:term":[{"taxonomy":"product_brand","embeddable":true,"href":"https:\/\/www.naturmed.de\/en\/wp-json\/wp\/v2\/product_brand?post=30993"},{"taxonomy":"product_cat","embeddable":true,"href":"https:\/\/www.naturmed.de\/en\/wp-json\/wp\/v2\/product_cat?post=30993"}],"curies":[{"name":"wp","href":"https:\/\/api.w.org\/{rel}","templated":true}]}}