{"id":31072,"date":"2018-02-12T16:23:31","date_gmt":"2018-02-12T15:23:31","guid":{"rendered":"https:\/\/www.naturmed.de\/produkt\/safety-evaluation-system-online-video-becker-s\/"},"modified":"2025-05-06T11:28:01","modified_gmt":"2025-05-06T09:28:01","slug":"safety-evaluation-system-online-video-becker-s","status":"publish","type":"product","link":"https:\/\/www.naturmed.de\/en\/product\/safety-evaluation-system-online-video-becker-s\/","title":{"rendered":"Safety evaluation system (video)"},"content":{"rendered":"<p>Safety evaluation system &#8211; Chinese medicine during pregnancy is a lecture by Simon Becker at the TCM congress in Rothenburg 2011.<br \/>\nvideo, 1:45 h, German\/English.<\/p>\n<p>Deutscher Titel:<br \/>\nSicherheit der Chinesischen Arzneimitteltherapie in der Schwangerschaft: Eine Standortbestimmung. In den Standardwerken der Chinesischen Arzneitherapie (CA) finden sich exzellente Darstellungen der Indikationen, Wirkungen und Nebenwirkungen der chinesischen Drogen.<br \/>\nKommt es zu Kontraindikationen und Vorsichtsma\u00dfnahmen in der Schwangerschaft (SS), widersprechen sich nicht selten die Angaben in verschiedenen B\u00fcchern und sind mitunter schwer nachvollziehbar.<br \/>\nDie Sicherheitshinweise beziehen sich dabei neben m\u00f6glichen toxischen Auswirkungen weitgehend auf das Risiko eines Aborts. In unserer Zeit wird das Hauptrisiko bei der Anwendung von Arzneistoffen in der SS in einer m\u00f6glichen teratogenen Wirkung gesehen.<br \/>\nDa man zum Erkennen bzw. Ausschluss dieses Risikos hohe Fallzahlen mit Vergleichsgruppen ben\u00f6tigt, gab es in vormodernen Zeiten keine M\u00f6glichkeit, dieses Risiko zu erkennen und zu beurteilen.<br \/>\nEin anderes in neuerer Zeit erkanntes Risiko ist das einer Gensch\u00e4digung mit einer m\u00f6glichen sp\u00e4teren Krebsentstehung. Inzwischen gibt es zu diesen Fragestellungen zahlreiche Erkenntnisse aus experimentellen Versuchen an Tieren, Bakterien oder Zellkulturen, die bisher in den TCM-Standardwerken so gut wie keine Ber\u00fccksichtigung gefunden haben.<br \/>\nAllerdings ist es sehr schwer, aus diesen das Risiko f\u00fcr den Menschen abzuleiten. Andererseits ist es ethisch nicht zu verantworten, diese einfach zu ignorieren. Zwei tierexperimentelle Studien, die erhebliche Risiken verschiedener Art f\u00fcr wichtige chinesische Drogen aufzuzeigen scheinen, konnten von unserer AG Sicherheit der Chinesischen Arzneitherapie in der SS klar als unhaltbar zur\u00fcckgewiesen werden. Wir m\u00fcssen uns jedoch der Problematik stellen, welche Schlussfolgerungen f\u00fcr eine sichere Anwendung der CA in der SS aus zahlreichen weiteren vorliegenden Ergebnissen zu ziehen sind.<br \/>\nWir werden exemplarisch derartige Ergebnisse vorstellen, die Problematik der \u00dcbertragbarkeit auf die therapeutische Situation darstellen und versuchen, Schlussfolgerungen f\u00fcr das Verhalten in der therapeutischen Situation daraus abzuleiten.<\/p>\n<p>TCM Kongress Rothenburg 2011, Video, 1:45 h, deutsch\/englisch.<\/p>\n","protected":false},"excerpt":{"rendered":"<p>Safety evaluation system &#8211; Chinese medicine during pregnancy is a lecture by Simon Becker at the TCM congress in Rothenburg 2011. Order your video here.<\/p>\n","protected":false},"featured_media":23193,"comment_status":"closed","ping_status":"closed","template":"","meta":{"_acf_changed":false,"_relevanssi_hide_post":"","_relevanssi_hide_content":"","_relevanssi_pin_for_all":"","_relevanssi_pin_keywords":"","_relevanssi_unpin_keywords":"","_relevanssi_related_keywords":"","_relevanssi_related_include_ids":"","_relevanssi_related_exclude_ids":"","_relevanssi_related_no_append":"","_relevanssi_related_not_related":"","_relevanssi_related_posts":"","_relevanssi_noindex_reason":""},"product_brand":[],"product_cat":[29565,18433,18431,29674,18404,29979],"class_list":{"0":"post-31072","1":"product","2":"type-product","3":"status-publish","4":"has-post-thumbnail","6":"book_author-becker-s","7":"product_cat-tcm-videos-en","8":"product_cat-chinese-herbsmateria-medica","9":"product_cat-chinese-herbs-kampo","10":"product_cat-tcm-kraeuter-videos-en","11":"product_cat-tcmacupuncture-books","12":"product_cat-videos-tcm-kongress-en","13":"pa_videotyp-dvd-en","14":"pa_videotyp-streaming-en","16":"first","17":"instock","18":"taxable","19":"shipping-taxable","20":"purchasable","21":"product-type-variable"},"acf":[],"_links":{"self":[{"href":"https:\/\/www.naturmed.de\/en\/wp-json\/wp\/v2\/product\/31072","targetHints":{"allow":["GET"]}}],"collection":[{"href":"https:\/\/www.naturmed.de\/en\/wp-json\/wp\/v2\/product"}],"about":[{"href":"https:\/\/www.naturmed.de\/en\/wp-json\/wp\/v2\/types\/product"}],"replies":[{"embeddable":true,"href":"https:\/\/www.naturmed.de\/en\/wp-json\/wp\/v2\/comments?post=31072"}],"wp:featuredmedia":[{"embeddable":true,"href":"https:\/\/www.naturmed.de\/en\/wp-json\/wp\/v2\/media\/23193"}],"wp:attachment":[{"href":"https:\/\/www.naturmed.de\/en\/wp-json\/wp\/v2\/media?parent=31072"}],"wp:term":[{"taxonomy":"product_brand","embeddable":true,"href":"https:\/\/www.naturmed.de\/en\/wp-json\/wp\/v2\/product_brand?post=31072"},{"taxonomy":"product_cat","embeddable":true,"href":"https:\/\/www.naturmed.de\/en\/wp-json\/wp\/v2\/product_cat?post=31072"}],"curies":[{"name":"wp","href":"https:\/\/api.w.org\/{rel}","templated":true}]}}