{"id":31075,"date":"2018-02-12T16:23:31","date_gmt":"2018-02-12T15:23:31","guid":{"rendered":"https:\/\/www.naturmed.de\/produkt\/application-of-the-five-elements-acupuncture-online-video-sun-peilin\/"},"modified":"2021-07-22T12:59:42","modified_gmt":"2021-07-22T10:59:42","slug":"application-of-the-five-elements-acupuncture-online-video-sun-peilin","status":"publish","type":"product","link":"https:\/\/www.naturmed.de\/en\/product\/application-of-the-five-elements-acupuncture-online-video-sun-peilin\/","title":{"rendered":"Application of the five elements acupuncture (video)"},"content":{"rendered":"<p>Depression ist eine der am h\u00e4ufigsten anzutreffenden Beschwerden in der t\u00e4glichen Praxis.<br \/>\nDie gel\u00e4ufigste Behandlung besteht darin, Leber-Qi-Stagnation zu l\u00f6sen. Manchmal hilft dies, doch meistens nicht so wie erwartet.<br \/>\nWenn die Behandlung auf Basis der F\u00fcnf-Wandlungsphasen-Theorie ausge\u00fcbt wird, sind die therapeutischen Ergebnisse viel besser.<br \/>\nDieser Vortrag behandelt die relativ vollst\u00e4ndige Information, wie man Depression nach den F\u00fcnf Wandlungsphasen behandelt, wie man eine Diagnose stellt, wie man die Beschwerden analysiert und wie man Akupunktur sowohl mit chinesischen Kr\u00e4utern als auch mit Ern\u00e4hrungsempfehlungen kombiniert. Im Vortrag werde ich auch eine Demonstration vornehmen um zu zeigen, dass St\u00f6rungen der Wandlungsphasen Feuer und Holz die haupts\u00e4chlich ausl\u00f6senden Faktoren der Depression sind, und der Schl\u00fcssel zum Erfolg in der Regulierung von Feuer und Holz liegt. Die Behandlung legt den Fokus haupts\u00e4chlich auf die Akupunktur. Zum Ende des Vortrags werden Teilnehmende feststellen, dass ein gr\u00fcndliches Verst\u00e4ndnis und eine korrekte Anwendung dieser Theorie in der t\u00e4glichen Praxis eine breite Anwendung findet und mit einer Bandbreite an Beschwerden umgehen kann.<\/p>\n<p>TCM Kongress Rothenburg 2011,<br \/>\nhalf day, video, 2:30 h, englisch\/deutsch.<\/p>\n<p>deutscher Titel: Anwendung der F\u00fcnf-Elemente-Akupunktur in der Behandlung von Depression.<\/p>\n","protected":false},"excerpt":{"rendered":"<p>Ein Vortrag \u00fcber die Anwendung der F\u00fcnf-Elemente-Akupunktur, aufgenommen auf dem TCM-Kongress in Rothenburg 2011. Jetzt das Video bei naturmed bestellen.<\/p>\n","protected":false},"featured_media":23197,"comment_status":"closed","ping_status":"closed","template":"","meta":{"_acf_changed":false,"_relevanssi_hide_post":"","_relevanssi_hide_content":"","_relevanssi_pin_for_all":"","_relevanssi_pin_keywords":"","_relevanssi_unpin_keywords":"","_relevanssi_related_keywords":"","_relevanssi_related_include_ids":"","_relevanssi_related_exclude_ids":"","_relevanssi_related_no_append":"","_relevanssi_related_not_related":"","_relevanssi_related_posts":"","_relevanssi_noindex_reason":""},"product_brand":[],"product_cat":[18452,29673,18462,29680,29565,18404,29979],"class_list":{"0":"post-31075","1":"product","2":"type-product","3":"status-publish","4":"has-post-thumbnail","6":"book_author-sun-peilin","7":"product_cat-clinical-practice-in-tcm","8":"product_cat-psyche-videos-tcm-behandlung-en","9":"product_cat-psychologic-diseases","10":"product_cat-tcm-behandlung-en","11":"product_cat-tcm-videos-en","12":"product_cat-tcmacupuncture-books","13":"product_cat-videos-tcm-kongress-en","14":"pa_videotyp-dvd-en","16":"pa_videotyp-streaming-en","19":"first","20":"instock","21":"taxable","22":"shipping-taxable","23":"product-type-variable"},"acf":[],"_links":{"self":[{"href":"https:\/\/www.naturmed.de\/en\/wp-json\/wp\/v2\/product\/31075","targetHints":{"allow":["GET"]}}],"collection":[{"href":"https:\/\/www.naturmed.de\/en\/wp-json\/wp\/v2\/product"}],"about":[{"href":"https:\/\/www.naturmed.de\/en\/wp-json\/wp\/v2\/types\/product"}],"replies":[{"embeddable":true,"href":"https:\/\/www.naturmed.de\/en\/wp-json\/wp\/v2\/comments?post=31075"}],"wp:featuredmedia":[{"embeddable":true,"href":"https:\/\/www.naturmed.de\/en\/wp-json\/wp\/v2\/media\/23197"}],"wp:attachment":[{"href":"https:\/\/www.naturmed.de\/en\/wp-json\/wp\/v2\/media?parent=31075"}],"wp:term":[{"taxonomy":"product_brand","embeddable":true,"href":"https:\/\/www.naturmed.de\/en\/wp-json\/wp\/v2\/product_brand?post=31075"},{"taxonomy":"product_cat","embeddable":true,"href":"https:\/\/www.naturmed.de\/en\/wp-json\/wp\/v2\/product_cat?post=31075"}],"curies":[{"name":"wp","href":"https:\/\/api.w.org\/{rel}","templated":true}]}}