{"id":31142,"date":"2018-02-12T16:27:15","date_gmt":"2018-02-12T15:27:15","guid":{"rendered":"https:\/\/www.naturmed.de\/produkt\/mobilise-qi-and-prolong-life-dvd-liu-ya-fei\/"},"modified":"2019-09-18T11:55:41","modified_gmt":"2019-09-18T09:55:41","slug":"mobilise-qi-and-prolong-life-dvd-liu-ya-fei","status":"publish","type":"product","link":"https:\/\/www.naturmed.de\/en\/product\/mobilise-qi-and-prolong-life-dvd-liu-ya-fei\/","title":{"rendered":"Mobilise Qi and prolong life (DVD)"},"content":{"rendered":"<p>engl. version of\/engl. Fassung der DVD Bewege das Qi und verl\u00e4ngere das Leben.<br \/>\nThese are further developments of the exercises Transform muscles and tendons, and mobilise Qi.<br \/>\nIn comparison to those, a greater emphasis is placed here upon internal Qi flow and cultivation of the mind.<br \/>\nAt the body level, softness should restrain hardness and hardness should incorparate softness.<br \/>\nAt the same time, the movements of long-lived animals, such as the Immortal Crane, Nimble Monkey, Crimson Phoenix, and Divine Tortoise are emulated, in order to draw closer to the goal of enjoying a long and healthy life.<\/p>\n<p>Die \u00dcbungen des Nei Yang Gong sind die Aufbaustufe der \u00dcbungen Wandle Muskeln und Sehnen und bewege das Qi. Im Vergleich dazu wird eine gr\u00f6\u00dfere Betonung auf den inneren Qi-Fluss und den Geist gelegt. Auf der Ebene des K\u00f6rpers soll das Weiche im Harten und das Harte im Weichen enthalten sein. Gleichzeitig werden Bewegungen des unsterblichen Kranichs, des flinken Affen, des zinnoberroten Ph\u00f6nix und der g\u00f6ttlichen Schildkr\u00f6te nachgeahmt, Bewegungen langlebiger Tiere, um damit dem Ziel eines langen Lebens n\u00e4her zu kommen.<\/p>\n<p>Autorenportrait: Liu Ya Fei (geboren 1955) ist eine der bekanntesten Vertreterinnen des Innen N\u00e4hrende Qi Gong \u0096 Nei Yang Gong.<br \/>\nDiese sehr alte \u00dcbungsmethode mit stillen und bewegten Qigong-Formen, geht bis in die Ming Dynastie zur\u00fcck. Liu Ya Fei hat bereits als M\u00e4dchen die Qi Gong und Tai Ji Quan-Stile erlernt. Ihr Vater Liu Gui Zhen gilt als Begr\u00fcnder des medizinischen Qi Gong in China. In der von ihm gegr\u00fcndeten Qigong-Klinik werden Patienten mit Qi Gong \u00dcbungen behandelt. Liu Ya Fei studierte in Tianjin und legte dort ihr Examen als \u00c4rztin f\u00fcr Traditionelle Chinesische Medizin ab. Danach arbeitete sie zusammen mit ihrem Vater in der Qi Gong Klinik in Beidaihe.<br \/>\nLiu Yafei erforschte die therapeutische Wirkung des Qi Gong bei Magen-Darm-Krankheiten und Erkrankungen der Halswirbels\u00e4ule.<br \/>\nSie war Mitherausgeberin der nationalen chinesischen Zeitschrift f\u00fcr Qi Gong (Qi Gong Za Zhi).<br \/>\nSeit 1998 ist Liu Ya Fei Leiterin des Gesamtchinesische Ausbildungszentrum f\u00fcr Medizinisches Qigong und stellvertretende Klinikdirektorin. Liu Ya Fei unterrichtet in China, Japan und zahlreichen europ\u00e4ischen L\u00e4ndern. Sie kommt mehrmals im Jahr nach Deutschland und unterrichtet oftmals in Berlin.<br \/>\nIhr Buch und ihre Videos sind hervorragend geeignet, um die \u00dcbungen des Innen N\u00e4hrenden Qi Gongs zu erlernen.<\/p>\n","protected":false},"excerpt":{"rendered":"<p>These are further developments of the exercises Transform muscles and tendons, and mobilise Qi, great emphasis is placed upon internal Qi flow and cultivation of the mind. Available here.<\/p>\n","protected":false},"featured_media":23766,"comment_status":"closed","ping_status":"closed","template":"","meta":{"_acf_changed":false,"_relevanssi_hide_post":"","_relevanssi_hide_content":"","_relevanssi_pin_for_all":"","_relevanssi_pin_keywords":"","_relevanssi_unpin_keywords":"","_relevanssi_related_keywords":"","_relevanssi_related_include_ids":"","_relevanssi_related_exclude_ids":"","_relevanssi_related_no_append":"","_relevanssi_related_not_related":"","_relevanssi_related_posts":"","_relevanssi_noindex_reason":""},"product_brand":[],"product_cat":[18465,18467,29677,18404],"class_list":{"0":"post-31142","1":"product","2":"type-product","3":"status-publish","4":"has-post-thumbnail","6":"book_author-liu-ya-fei","7":"product_cat-qi-gong-taichi","8":"product_cat-qigong-forms","9":"product_cat-qigong-videos-en","10":"product_cat-tcmacupuncture-books","12":"first","13":"instock","14":"taxable","15":"shipping-taxable","16":"purchasable","17":"product-type-simple"},"acf":[],"_links":{"self":[{"href":"https:\/\/www.naturmed.de\/en\/wp-json\/wp\/v2\/product\/31142","targetHints":{"allow":["GET"]}}],"collection":[{"href":"https:\/\/www.naturmed.de\/en\/wp-json\/wp\/v2\/product"}],"about":[{"href":"https:\/\/www.naturmed.de\/en\/wp-json\/wp\/v2\/types\/product"}],"replies":[{"embeddable":true,"href":"https:\/\/www.naturmed.de\/en\/wp-json\/wp\/v2\/comments?post=31142"}],"wp:featuredmedia":[{"embeddable":true,"href":"https:\/\/www.naturmed.de\/en\/wp-json\/wp\/v2\/media\/23766"}],"wp:attachment":[{"href":"https:\/\/www.naturmed.de\/en\/wp-json\/wp\/v2\/media?parent=31142"}],"wp:term":[{"taxonomy":"product_brand","embeddable":true,"href":"https:\/\/www.naturmed.de\/en\/wp-json\/wp\/v2\/product_brand?post=31142"},{"taxonomy":"product_cat","embeddable":true,"href":"https:\/\/www.naturmed.de\/en\/wp-json\/wp\/v2\/product_cat?post=31142"}],"curies":[{"name":"wp","href":"https:\/\/api.w.org\/{rel}","templated":true}]}}