{"id":31143,"date":"2018-02-12T16:27:15","date_gmt":"2018-02-12T15:27:15","guid":{"rendered":"https:\/\/www.naturmed.de\/produkt\/transform-muscles-and-tendons-and-mobilise-qi-dvd-liu-ya-fei\/"},"modified":"2021-11-24T12:17:56","modified_gmt":"2021-11-24T11:17:56","slug":"transform-muscles-and-tendons-and-mobilise-qi-dvd-liu-ya-fei","status":"publish","type":"product","link":"https:\/\/www.naturmed.de\/en\/product\/transform-muscles-and-tendons-and-mobilise-qi-dvd-liu-ya-fei\/","title":{"rendered":"Transform muscles and tendons and mobilise Qi (DVD)"},"content":{"rendered":"<p>English version of <i><\/i> engl. Fassung von Wandle Muskeln und Sehnen und bewege das Qi.<br \/>\nNei Yang Gong is divided into three levels.<br \/>\nThese exercises in motion are from the intermediate level of Nei Yang Gong.<br \/>\nAuf dieser DVD zeigt Liu Ya Fei mit ihrer beispielhaften Vorf\u00fchrung des Nei Yang Gong wie die Bewegungen regelhaft ausgef\u00fchrt, die Haltung anmutig, das Harte und Weiche unterst\u00fctzend verbunden, K\u00f6rper, Qi und Geist vereint, Vorstellung, Qi und Kraft grundlegend vermischt werden.<br \/>\nEs ist in dieser Qualit\u00e4t nicht einfach zu erhalten und f\u00fcr Nei Yang Gong \u00dcbende sicher ein wahres Juwel.<br \/>\nDas Video enth\u00e4lt sowohl vorbereitende, wie auch abschlie\u00dfende \u00dcbungen und zeigt im Mittelteil, mit rangezommten Bildern und Erkl\u00e4rungen die Feinheiten spezieller Formen.<br \/>\nEine ideale Erg\u00e4nzung zu dem Buch Das innen n\u00e4hrende Qigong von Liu Yafei.<\/p>\n<p>&nbsp;<\/p>\n","protected":false},"excerpt":{"rendered":"<p>These exercises in motion are from the intermediate level of Nei Yang Gong. Available here.<\/p>\n","protected":false},"featured_media":23767,"comment_status":"closed","ping_status":"closed","template":"","meta":{"_acf_changed":false,"_relevanssi_hide_post":"","_relevanssi_hide_content":"","_relevanssi_pin_for_all":"","_relevanssi_pin_keywords":"","_relevanssi_unpin_keywords":"","_relevanssi_related_keywords":"","_relevanssi_related_include_ids":"","_relevanssi_related_exclude_ids":"","_relevanssi_related_no_append":"","_relevanssi_related_not_related":"","_relevanssi_related_posts":"","_relevanssi_noindex_reason":""},"product_brand":[],"product_cat":[18465,18467,29677,18404],"class_list":{"0":"post-31143","1":"product","2":"type-product","3":"status-publish","4":"has-post-thumbnail","6":"book_author-liu-ya-fei","7":"product_cat-qi-gong-taichi","8":"product_cat-qigong-forms","9":"product_cat-qigong-videos-en","10":"product_cat-tcmacupuncture-books","12":"first","13":"instock","14":"taxable","15":"shipping-taxable","16":"purchasable","17":"product-type-simple"},"acf":[],"_links":{"self":[{"href":"https:\/\/www.naturmed.de\/en\/wp-json\/wp\/v2\/product\/31143","targetHints":{"allow":["GET"]}}],"collection":[{"href":"https:\/\/www.naturmed.de\/en\/wp-json\/wp\/v2\/product"}],"about":[{"href":"https:\/\/www.naturmed.de\/en\/wp-json\/wp\/v2\/types\/product"}],"replies":[{"embeddable":true,"href":"https:\/\/www.naturmed.de\/en\/wp-json\/wp\/v2\/comments?post=31143"}],"wp:featuredmedia":[{"embeddable":true,"href":"https:\/\/www.naturmed.de\/en\/wp-json\/wp\/v2\/media\/23767"}],"wp:attachment":[{"href":"https:\/\/www.naturmed.de\/en\/wp-json\/wp\/v2\/media?parent=31143"}],"wp:term":[{"taxonomy":"product_brand","embeddable":true,"href":"https:\/\/www.naturmed.de\/en\/wp-json\/wp\/v2\/product_brand?post=31143"},{"taxonomy":"product_cat","embeddable":true,"href":"https:\/\/www.naturmed.de\/en\/wp-json\/wp\/v2\/product_cat?post=31143"}],"curies":[{"name":"wp","href":"https:\/\/api.w.org\/{rel}","templated":true}]}}