{"id":31144,"date":"2019-04-03T15:23:30","date_gmt":"2019-04-03T13:23:30","guid":{"rendered":"https:\/\/www.naturmed.de\/produkt\/womens-qi-gong-dvd-liu-ya-fei\/"},"modified":"2019-12-18T15:30:54","modified_gmt":"2019-12-18T14:30:54","slug":"womens-qi-gong-dvd-liu-ya-fei-2","status":"publish","type":"product","link":"https:\/\/www.naturmed.de\/en\/product\/womens-qi-gong-dvd-liu-ya-fei-2\/","title":{"rendered":"Women&#8217;s Qi Gong (Video)"},"content":{"rendered":"<p>engl. version of\/ englische Fassung der DVD Frauen Qi Gong.<br \/>\nIn Women&#8217;s Qi Gong the exercises are structured with harmony with the particular physical characteristics of women. At the same time it is very important to pay heed to the masterful interplay of posture, Qi flow and mental imagery whilst performing these exercises.<br \/>\nWomen`s Qui Gong possesses an especially high practical value both in prevention and curing women&#8217;s diseases, as well as for the general care and maintenance of good health.<\/p>\n<p>Auf dieser DVD zeigt Liu Ya Fei mit ihrer beispielhaften Vorf\u00fchrung das N\u00fc Zi Qi Gong wie die Bewegungen regelhaft ausgef\u00fchrt, die Haltung anmutig, das Harte und Weiche unterst\u00fctzend verbunden, K\u00f6rper, Qi und Geist vereint, Vorstellung, Qi und Kraft grundlegend vermischt werden. Es ist in dieser Qualit\u00e4t nicht einfach zu erhalten und f\u00fcr N\u00fc Zi Qi Gong \u00dcbende sicher ein wahres Juwel.<br \/>\nSpieldauer: ca. 1 Stunde<\/p>\n","protected":false},"excerpt":{"rendered":"<p>In Women&#8217;s Qi Gong the exercises are structured with harmony with the particular physical characteristics of women. Available here.<\/p>\n","protected":false},"featured_media":23768,"comment_status":"closed","ping_status":"closed","template":"","meta":{"_acf_changed":false,"_relevanssi_hide_post":"","_relevanssi_hide_content":"","_relevanssi_pin_for_all":"","_relevanssi_pin_keywords":"","_relevanssi_unpin_keywords":"","_relevanssi_related_keywords":"","_relevanssi_related_include_ids":"","_relevanssi_related_exclude_ids":"","_relevanssi_related_no_append":"","_relevanssi_related_not_related":"","_relevanssi_related_posts":"","_relevanssi_noindex_reason":""},"product_brand":[],"product_cat":[18465,18467,29677,18404],"class_list":{"0":"post-31144","1":"product","2":"type-product","3":"status-publish","4":"has-post-thumbnail","6":"book_author-liu-ya-fei","7":"product_cat-qi-gong-taichi","8":"product_cat-qigong-forms","9":"product_cat-qigong-videos-en","10":"product_cat-tcmacupuncture-books","11":"pa_videotyp-dvd-en","12":"pa_videotyp-streaming-en","14":"first","15":"instock","16":"shipping-taxable","17":"purchasable","18":"product-type-variable"},"acf":[],"_links":{"self":[{"href":"https:\/\/www.naturmed.de\/en\/wp-json\/wp\/v2\/product\/31144","targetHints":{"allow":["GET"]}}],"collection":[{"href":"https:\/\/www.naturmed.de\/en\/wp-json\/wp\/v2\/product"}],"about":[{"href":"https:\/\/www.naturmed.de\/en\/wp-json\/wp\/v2\/types\/product"}],"replies":[{"embeddable":true,"href":"https:\/\/www.naturmed.de\/en\/wp-json\/wp\/v2\/comments?post=31144"}],"wp:featuredmedia":[{"embeddable":true,"href":"https:\/\/www.naturmed.de\/en\/wp-json\/wp\/v2\/media\/23768"}],"wp:attachment":[{"href":"https:\/\/www.naturmed.de\/en\/wp-json\/wp\/v2\/media?parent=31144"}],"wp:term":[{"taxonomy":"product_brand","embeddable":true,"href":"https:\/\/www.naturmed.de\/en\/wp-json\/wp\/v2\/product_brand?post=31144"},{"taxonomy":"product_cat","embeddable":true,"href":"https:\/\/www.naturmed.de\/en\/wp-json\/wp\/v2\/product_cat?post=31144"}],"curies":[{"name":"wp","href":"https:\/\/api.w.org\/{rel}","templated":true}]}}