{"id":312057,"date":"2022-11-08T16:55:59","date_gmt":"2022-11-08T15:55:59","guid":{"rendered":"https:\/\/www.naturmed.de\/produkt\/the-hidden-codes-of-the-daodejing-willmont-d\/"},"modified":"2022-11-09T17:17:07","modified_gmt":"2022-11-09T16:17:07","slug":"the-hidden-codes-of-the-daodejing-willmont-d","status":"publish","type":"product","link":"https:\/\/www.naturmed.de\/en\/product\/the-hidden-codes-of-the-daodejing-willmont-d\/","title":{"rendered":"The Hidden Codes of the Daodejing"},"content":{"rendered":"<p>This volume is the fifth in a five-part series on the D\u00e0od\u00e9jing. The third volume, The D\u00e0od\u00e9jing, Daoism, and the Restoration of Humanity in the Asian Healing Arts, contains a large section on the Ancient Chinese cultural background of the text as well as a Complete translation of each of the eight-one chapters, including the Chinese characters from the Received Text of W\u00e1ngb\u00ec\u0092s H\u00e0n Dynasty version, and a commentary on each chapter based on the cultural background. The Received Text of W\u00e1ngb\u00ec is the version from which all other prominent versions in China and around the World since at least the M\u00edng Dynasty (1368-1644 CE) have been derived.<\/p>\n<p>The fourth volume in this series, Many Paths, One Center: The D\u00e0od\u00e9jing and the Worldview of Ancient China, provides a detailed presentation of the Thematic Context, which organizes the many important themes used in the D\u00e0od\u00e9jing so that its underlying Principles can be better understood and coordinated with practical application to daily Life. Here in the present volume, we shall also include the theme of the evolution of the Ruler to the Heart of every person including the role of the Sage who connects the two. This important role of the Ruler can be understood on four different levels in the text: (1) the archaeological versions where different references to the Ruler were used, (2) the Thematic Context where the Ruler is associated with Political or Governmental Force, (3) a numerological interpretation of the eighty-one chapters where the different roles of the Ruler are symbolized, and (4) the Three Levels of Healing established by T\u00e1o H\u00f3ngjing\u00a0 in the fourth century CE where the role of the Ruler\/Heart\/Mind reaches the most comprehensive level of application.<\/p>\n<p>The archaeological versions, Guodi\u00e0n ?? of 300 BCE and Maw\u00e1ngdui of 168 BCE, and discovered in 1993 and 1973, are the earliest Known versions of the text that we have today. The Guodi\u00e0n version was written during the Warring States Period on bamboo strips while the Maw\u00e1ngdui version was written during the Former H\u00e0n Dynasty on silk banners so that slight character variations are found that are not present in the Received Text of W\u00e1ngb\u00ec. While most of these variations are minimal, most of which indicate that these earlier texts were written for the Ruler, the Received Text included in its audience the educated literati and, by implication, the common ordinary person. These differences are accounted for as much by the political and educational changes made in the H\u00e0n Dynasty as they were by the writing Materials available at the time. From the Warring States Period through the Former H\u00e0n, texts were written on silken cloth or rolled bamboo slips, a technique that limited their availability. However, by the Later H\u00e0n, when the Received Text of W\u00e1ngb\u00ec was written, paper was invented so that the same texts were now available to a wider audience, especially the larger and emerging class of bureaucrats. Furthermore, by the T\u00e1ng Dynasty (618-905 CE), when Laozi was deified by the first T\u00e1ng Emperor, woodblock printing was invented, which made these texts, and others, much more available as more and more people began to read. At the same time, the earlier Zhou Dynasty concept of the Mandate of Heaven (tianm\u00ecng ??) evolved with the cooperation of Chinese Medicine to the extent where the Outer Ruler of the Kingdom also became a pertinent symbol for the Sh\u00e9n\/Spirit of the Heart, which functioned in every person as the Ruler of the Body\/Mind\/Spirit within. The ideas in the D\u00e0od\u00e9jing, then, came to be understood as advice given, not only to the Outer Ruler of the Kingdom, but also to the Inner Ruler of the Heart for Humanity as a Whole.<\/p>\n<p>The Thematic Context is an organization of over two hundred fifty-three different terms used in the D\u00e0od\u00e9jing into an overall Pattern from which the main Principles of the text can be understood on a more linear and comprehensive level. I discovered this system when I first translated the text from the original Chinese, which enabled me to see how different words were repeated throughout the text as well as throughout other related texts of Ancient China such as the Y\u00ecjing, the Chinese Medical texts, the Confucian texts, and other Daoist texts that used the same words to consistently convey ideas that were not perceptible by reading other western translations. I, then, organized these terms into five basic categories, which in themselves summarize the fundamental meaning of the text and the highly significant worldview that emerges from it. These are:<\/p>\n<p>1. A Definition of D\u00e0o as both Source and Path<br \/>\n2. The Manifestation of D\u00e0o into the World<br \/>\n3. Human Nature, Virtue\/Empowerment, and the Psycho-Spiritual Dimension of Humanity<br \/>\n4. The Fragmentation and Loss of D\u00e0o<br \/>\n5. The Embracing of D\u00e0o for the Restoration of Humanity<\/p>\n<p>Please notice that, for the sake of clarity and to facilitate the learning process, all of these terms appear in Small Caps wherever they are used in the text.<\/p>\n<p>Included in these terms are the Ruler, the Sage, the role of Numbers as an aspect of the Pattern\/Template system of archetypes, and the Mandate of Heaven, which connects the evolution of the Ruler to the Heart of every person and makes the text not only more available, but also a requirement for everyone who wants to attain the goal of One Peaceful World. In addition, the Mandate of Heaven is also related to the Three levels of Healing, an idea introduced by the M\u00e1oshan Daoist and Chinese Medical practitioner, T\u00e1o H\u00f3ngjing\u00a0 (452-536 CE). These levels include the Symptomatic Level as the Lowest, the Preventive Level at the Middle, and the Fulfilling of Inner Potential at the Highest, which is directly related to the Mandate of Heaven as we shall see later in the section on the Thematic Context.<\/p>\n","protected":false},"excerpt":{"rendered":"<p>This book on the ancient Chinese cultural background is a complete translation the text of W\u00e1ngb\u00ec\u0092s H\u00e0n Dynasty. Order here<\/p>\n","protected":false},"featured_media":311466,"comment_status":"open","ping_status":"closed","template":"","meta":{"_acf_changed":false,"_relevanssi_hide_post":"","_relevanssi_hide_content":"","_relevanssi_pin_for_all":"","_relevanssi_pin_keywords":"","_relevanssi_unpin_keywords":"","_relevanssi_related_keywords":"","_relevanssi_related_include_ids":"","_relevanssi_related_exclude_ids":"","_relevanssi_related_no_append":"","_relevanssi_related_not_related":"","_relevanssi_related_posts":"","_relevanssi_noindex_reason":""},"product_brand":[],"product_cat":[18441,18449,18404],"class_list":{"0":"post-312057","1":"product","2":"type-product","3":"status-publish","4":"has-post-thumbnail","6":"book_author-willmont-d","7":"product_cat-grundlagen-der-tcm-en","8":"product_cat-tcm-basics","9":"product_cat-tcmacupuncture-books","11":"first","12":"instock","13":"taxable","14":"shipping-taxable","15":"purchasable","16":"product-type-simple"},"acf":[],"_links":{"self":[{"href":"https:\/\/www.naturmed.de\/en\/wp-json\/wp\/v2\/product\/312057","targetHints":{"allow":["GET"]}}],"collection":[{"href":"https:\/\/www.naturmed.de\/en\/wp-json\/wp\/v2\/product"}],"about":[{"href":"https:\/\/www.naturmed.de\/en\/wp-json\/wp\/v2\/types\/product"}],"replies":[{"embeddable":true,"href":"https:\/\/www.naturmed.de\/en\/wp-json\/wp\/v2\/comments?post=312057"}],"wp:featuredmedia":[{"embeddable":true,"href":"https:\/\/www.naturmed.de\/en\/wp-json\/wp\/v2\/media\/311466"}],"wp:attachment":[{"href":"https:\/\/www.naturmed.de\/en\/wp-json\/wp\/v2\/media?parent=312057"}],"wp:term":[{"taxonomy":"product_brand","embeddable":true,"href":"https:\/\/www.naturmed.de\/en\/wp-json\/wp\/v2\/product_brand?post=312057"},{"taxonomy":"product_cat","embeddable":true,"href":"https:\/\/www.naturmed.de\/en\/wp-json\/wp\/v2\/product_cat?post=312057"}],"curies":[{"name":"wp","href":"https:\/\/api.w.org\/{rel}","templated":true}]}}