{"id":312059,"date":"2022-11-08T16:56:14","date_gmt":"2022-11-08T15:56:14","guid":{"rendered":"https:\/\/www.naturmed.de\/produkt\/healing-virtue-power-wilms-s\/"},"modified":"2024-05-24T13:34:35","modified_gmt":"2024-05-24T11:34:35","slug":"healing-virtue-power-wilms-s","status":"publish","type":"product","link":"https:\/\/www.naturmed.de\/en\/product\/healing-virtue-power-wilms-s\/","title":{"rendered":"Healing Virtue-Power"},"content":{"rendered":"<p>Healing Virtue-Power: Medical Ethics and the Doctor\u00b4s Dao is a conversation across time and space, between the seventh-century hermit Sun Simiao and the contemporary translator Sabine Wilms, to address two sets of questions at the heart of the most ancient and precious texts in Chinese medicine:<br \/>\nHow do we find the D\u00c0O OF MEDICINE How do we walk the PATH OF THE HEALER?<br \/>\nHow do we cultivate VIRTUE-POWER? How do we learn and teach, recognize and transmit, replenish and nurture our HEALING SUPERPOWER?<br \/>\nTo explore these questions and potential answers from the 7th-century Chinese and modern Western perspective, this book includes:<br \/>\nLiteral, line-by-line translations of Sun Simiao\u00b4s two essays On the Professional Practice of the Great Doctor and On the Sublime Sincerity of the Great Doctor, which constitute the first two chapters of his B\u00e8ij\u00ed qianjin y\u00e0ofang from 652 CE, in Dr. Wilms\u00b4s trademark lucid style and elegant layout with the original Chinese text plus Pinyin transcription on the opposite page.<br \/>\nA critical edition of the original Chinese source text.<br \/>\nOver a hundred pages of detailed notes and discussions that provide historical, religious, philosophical, and medical context for Sun Simiao\u00b4s writings.<br \/>\nA 30-page preface by Dr. Wilms on Honoring those Whose Shoulders We Stand On.<br \/>\nA 36-page conclusion by Dr. Wilms on Acting by Non-Action: The Last Word?<br \/>\nForewords by Michael Max and Zev` Rosenberg.<\/p>\n<p>&nbsp;<\/p>\n","protected":false},"excerpt":{"rendered":"<p>Sabine Wilms about How do we find the D\u00c0O OF MEDICINE? Find here here new book. Order here<\/p>\n","protected":false},"featured_media":311472,"comment_status":"open","ping_status":"closed","template":"","meta":{"_acf_changed":false,"_relevanssi_hide_post":"","_relevanssi_hide_content":"","_relevanssi_pin_for_all":"","_relevanssi_pin_keywords":"","_relevanssi_unpin_keywords":"","_relevanssi_related_keywords":"","_relevanssi_related_include_ids":"","_relevanssi_related_exclude_ids":"","_relevanssi_related_no_append":"","_relevanssi_related_not_related":"","_relevanssi_related_posts":"","_relevanssi_noindex_reason":""},"product_brand":[],"product_cat":[18408,18419,18404],"class_list":{"0":"post-312059","1":"product","2":"type-product","3":"status-publish","4":"has-post-thumbnail","6":"book_author-wilms-s-en","7":"product_cat-acupuncture-books","8":"product_cat-meridians","9":"product_cat-tcmacupuncture-books","11":"first","12":"onbackorder","13":"taxable","14":"shipping-taxable","15":"purchasable","16":"product-type-simple"},"acf":[],"_links":{"self":[{"href":"https:\/\/www.naturmed.de\/en\/wp-json\/wp\/v2\/product\/312059","targetHints":{"allow":["GET"]}}],"collection":[{"href":"https:\/\/www.naturmed.de\/en\/wp-json\/wp\/v2\/product"}],"about":[{"href":"https:\/\/www.naturmed.de\/en\/wp-json\/wp\/v2\/types\/product"}],"replies":[{"embeddable":true,"href":"https:\/\/www.naturmed.de\/en\/wp-json\/wp\/v2\/comments?post=312059"}],"wp:featuredmedia":[{"embeddable":true,"href":"https:\/\/www.naturmed.de\/en\/wp-json\/wp\/v2\/media\/311472"}],"wp:attachment":[{"href":"https:\/\/www.naturmed.de\/en\/wp-json\/wp\/v2\/media?parent=312059"}],"wp:term":[{"taxonomy":"product_brand","embeddable":true,"href":"https:\/\/www.naturmed.de\/en\/wp-json\/wp\/v2\/product_brand?post=312059"},{"taxonomy":"product_cat","embeddable":true,"href":"https:\/\/www.naturmed.de\/en\/wp-json\/wp\/v2\/product_cat?post=312059"}],"curies":[{"name":"wp","href":"https:\/\/api.w.org\/{rel}","templated":true}]}}