{"id":31248,"date":"2018-02-12T16:22:43","date_gmt":"2018-02-12T15:22:43","guid":{"rendered":"https:\/\/www.naturmed.de\/produkt\/weiji-xiaochu-gong-stress-prevention-exercise-online-video-faulkner-g\/"},"modified":"2019-11-05T16:07:50","modified_gmt":"2019-11-05T15:07:50","slug":"weiji-xiaochu-gong-stress-prevention-exercise-online-video-faulkner-g","status":"publish","type":"product","link":"https:\/\/www.naturmed.de\/en\/product\/weiji-xiaochu-gong-stress-prevention-exercise-online-video-faulkner-g\/","title":{"rendered":"Weiji Xiaochu Gong &#8211; Stress Prevention Exercise (Video)"},"content":{"rendered":"<p>Gordon Faulkner spricht \u00fcber Stress Prevention &#8211; eine Form des Medizinischen Qigongs.<br \/>\nEr kennt Prof. Chang seit 1994 und konnte dessen Stile genauestens lernen.<br \/>\nDas Video ist in Englisch und wurde in Deutsch \u00fcbersetzt.<br \/>\nDer Workshop beginnt mit einem theoretischen Teil gefolgt von einem praktischen Teil.<br \/>\nFaulkner beginnt mit den Details der \u00dcbungen des Weiji Xiaochu Gong, erkl\u00e4rt die \u00dcbungen, spricht \u00fcber die Atmung und korrigiert die \u00dcbenden.<br \/>\nDen Abschluss bilden danach noch eine Form \u00fcber gesundheitssch\u00fctzendes Qigong.<br \/>\nDie \u00dcbungen von Faulkner sind nicht nur einzelne Schritte, die man macht, um die Form zu laufen, sondern erm\u00f6glichen einen Qigong-Sch\u00fcler innerlich zu f\u00fchlen, was als n\u00e4chstes bei der \u00dcbung kommt.<\/p>\n<p>Gordon Faulkner talks about stress prevention.<br \/>\nHe has known Prof. Chang, a famous qigong teachter, since 1994, and was able learn his styles carefully.<br \/>\nThe video is in English and also translated into German.<br \/>\nThe workshop begins with a theoretical part followed by a practical part.<br \/>\nFaulkner begins with the details of the exercises of Weiji Xiaochu Gong explains the exercises in details, talks about breathing and corrects the practitioner. The final form yet after a form about health protective Qigong.<br \/>\nThe exercises of Faulkner are not only individual steps that you make to run the form, but allow Qigong students inside to feel what comes next in the exercise.<\/p>\n<p>TCM Rothenburg 2006, video, 420 min., English German.<\/p>\n","protected":false},"excerpt":{"rendered":"<p>Gordon Faulkner shows how to use the Weiji Xiaochu Gong forms for stress prevention. You can find this form and others in our TCM videocenter. Order now from naturmed.<\/p>\n","protected":false},"featured_media":23141,"comment_status":"closed","ping_status":"closed","template":"","meta":{"_acf_changed":false,"_relevanssi_hide_post":"","_relevanssi_hide_content":"","_relevanssi_pin_for_all":"","_relevanssi_pin_keywords":"","_relevanssi_unpin_keywords":"","_relevanssi_related_keywords":"","_relevanssi_related_include_ids":"","_relevanssi_related_exclude_ids":"","_relevanssi_related_no_append":"","_relevanssi_related_not_related":"","_relevanssi_related_posts":"","_relevanssi_noindex_reason":""},"product_brand":[],"product_cat":[18466,18465,29677,29565,18404],"class_list":{"0":"post-31248","1":"product","2":"type-product","3":"status-publish","4":"has-post-thumbnail","6":"book_author-faulkner-g-en","7":"product_cat-medical-qigong","8":"product_cat-qi-gong-taichi","9":"product_cat-qigong-videos-en","10":"product_cat-tcm-videos-en","11":"product_cat-tcmacupuncture-books","12":"pa_videotyp-dvd-en","13":"pa_videotyp-streaming-en","15":"first","16":"instock","17":"taxable","18":"shipping-taxable","19":"purchasable","20":"product-type-variable"},"acf":[],"_links":{"self":[{"href":"https:\/\/www.naturmed.de\/en\/wp-json\/wp\/v2\/product\/31248","targetHints":{"allow":["GET"]}}],"collection":[{"href":"https:\/\/www.naturmed.de\/en\/wp-json\/wp\/v2\/product"}],"about":[{"href":"https:\/\/www.naturmed.de\/en\/wp-json\/wp\/v2\/types\/product"}],"replies":[{"embeddable":true,"href":"https:\/\/www.naturmed.de\/en\/wp-json\/wp\/v2\/comments?post=31248"}],"wp:featuredmedia":[{"embeddable":true,"href":"https:\/\/www.naturmed.de\/en\/wp-json\/wp\/v2\/media\/23141"}],"wp:attachment":[{"href":"https:\/\/www.naturmed.de\/en\/wp-json\/wp\/v2\/media?parent=31248"}],"wp:term":[{"taxonomy":"product_brand","embeddable":true,"href":"https:\/\/www.naturmed.de\/en\/wp-json\/wp\/v2\/product_brand?post=31248"},{"taxonomy":"product_cat","embeddable":true,"href":"https:\/\/www.naturmed.de\/en\/wp-json\/wp\/v2\/product_cat?post=31248"}],"curies":[{"name":"wp","href":"https:\/\/api.w.org\/{rel}","templated":true}]}}