{"id":33692,"date":"2019-04-03T15:39:28","date_gmt":"2019-04-03T13:39:28","guid":{"rendered":"https:\/\/www.naturmed.de\/produkt\/panel-yangsheng-dvd-hildenbrand-g-krinninger-patricia\/"},"modified":"2019-04-03T17:39:44","modified_gmt":"2019-04-03T15:39:44","slug":"panel-yangsheng-dvd-hildenbrand-g-krinninger-patricia","status":"publish","type":"product","link":"https:\/\/www.naturmed.de\/en\/product\/panel-yangsheng-dvd-hildenbrand-g-krinninger-patricia\/","title":{"rendered":"Panel Yangsheng (DVD)"},"content":{"rendered":"<p>Panel Yangsheng auf dem<br \/>5. SMS-Kongress 2017 &#8211; Chinesische Medizin im klinischen Alltag,<br \/>1 DVD, 90 Minuten, deutsch.<br \/>Chair: PD Dr. Gisela Hildenbrand.<br \/>Die Tradition des Yangtai den Fetus n\u00e4hren im Kontext der Epigenetik:<br \/>die besondere Rolle der Ern\u00e4hrung in der Schwangerschaft<br \/>mit Dr. Patricia Krinninger.<\/p>\n<p>In der Chinesischen Medizin wurde der Ern\u00e4hrung von<br \/>Schwangeren und Kleinkindern seit jeher besondere Beachtung geschenkt.<br \/>Die Tradition des Yangtai den Fetus n\u00e4hren ist ein wichtiger Bestandteil<br \/>der Lebenspflege yangsheng und der chinesischen Frauenheilkunde.<br \/>Schon in fr\u00fcher Zeit war man sich bewusst, dass Schwangere durch gesunde Ern\u00e4hrung und Lebensf\u00fchrung sowie<br \/>durch Freude an sch\u00f6nen Dingen ihr Ungeborenes st\u00e4rken und positiv beeinflussen k\u00f6nnen.<br \/>Der neue westliche Wissenschaftszweig &#8211; die Epigenetik &#8211; zeigt<br \/>ebenfalls, dass besonders in der Schwangerschaft Lebenseinfl\u00fcsse<br \/>wie die Ern\u00e4hrung, aber auch emotionale Faktoren wie beispielsweise<br \/>Stress eine entscheidende Rolle spielen.<br \/>Durch sogenannte epigenetische Schalter kann die Ern\u00e4hrung in der Schwangerschaft<br \/>die Aktivit\u00e4t von Genen beeinflussen und die lebenslange<br \/>Konstitution des Ungeborenen entscheidend pr\u00e4gen.<br \/>Sowohl die Tradition des Yangtai den Fetus n\u00e4hren als auch die<br \/>Epigenetik sind sich somit sehr deutlich der besonderen Rolle der<br \/>Ern\u00e4hrung in der Schwangerschaft und der M\u00f6glichkeit bewusst,<br \/>entscheidende Weichen f\u00fcr lebenslange Gesundheit beziehungsweise Krankheitsdisposition zu legen.<br \/>In diesem Vortrag wird die Tradition des Yangtai den Fetus n\u00e4hren<br \/>anhand von klassischen chinesischen Texten vorgestellt, und es werden<br \/>Parallelen zum neuen wissenschaftlichen Fachgebiet der Epigenetik aufgezeigt.<br \/>Dar\u00fcber hinaus geben die Vortragenden aus Sicht der Chinesischen Medizin<br \/>Ern\u00e4hrungsempfehlungen f\u00fcr die Schwangerschaft mit besonderem Bezug auf den Fetus.<\/p>\n","protected":false},"excerpt":{"rendered":"<p>Panel Yangsheng auf dem 5. SMS-Kongress 2017: Dr. Patricia Krinninger spricht \u00fcber die besondere Rolle der Ern\u00e4hrung in der Schwangerschaft. Die DVD hier bei naturmed.<\/p>\n<p>\n","protected":false},"featured_media":34912,"comment_status":"closed","ping_status":"closed","template":"","meta":{"_acf_changed":false,"_relevanssi_hide_post":"","_relevanssi_hide_content":"","_relevanssi_pin_for_all":"","_relevanssi_pin_keywords":"","_relevanssi_unpin_keywords":"","_relevanssi_related_keywords":"","_relevanssi_related_include_ids":"","_relevanssi_related_exclude_ids":"","_relevanssi_related_no_append":"","_relevanssi_related_not_related":"","_relevanssi_related_posts":"","_relevanssi_noindex_reason":""},"product_brand":[],"product_cat":[18473,18471,18404],"class_list":{"0":"post-33692","1":"product","2":"type-product","3":"status-publish","4":"has-post-thumbnail","6":"book_author-hildenbrand-g-en","7":"book_author-krinninger-patricia-en","8":"product_cat-ernaehrung-patientenratgeber-tcm-akupunktur-en","9":"product_cat-patientenratgeber-tcm-akupunktur-en","10":"product_cat-tcmacupuncture-books","12":"first","13":"instock","14":"taxable","15":"shipping-taxable","16":"purchasable","17":"product-type-simple"},"acf":[],"_links":{"self":[{"href":"https:\/\/www.naturmed.de\/en\/wp-json\/wp\/v2\/product\/33692","targetHints":{"allow":["GET"]}}],"collection":[{"href":"https:\/\/www.naturmed.de\/en\/wp-json\/wp\/v2\/product"}],"about":[{"href":"https:\/\/www.naturmed.de\/en\/wp-json\/wp\/v2\/types\/product"}],"replies":[{"embeddable":true,"href":"https:\/\/www.naturmed.de\/en\/wp-json\/wp\/v2\/comments?post=33692"}],"wp:featuredmedia":[{"embeddable":true,"href":"https:\/\/www.naturmed.de\/en\/wp-json\/wp\/v2\/media\/34912"}],"wp:attachment":[{"href":"https:\/\/www.naturmed.de\/en\/wp-json\/wp\/v2\/media?parent=33692"}],"wp:term":[{"taxonomy":"product_brand","embeddable":true,"href":"https:\/\/www.naturmed.de\/en\/wp-json\/wp\/v2\/product_brand?post=33692"},{"taxonomy":"product_cat","embeddable":true,"href":"https:\/\/www.naturmed.de\/en\/wp-json\/wp\/v2\/product_cat?post=33692"}],"curies":[{"name":"wp","href":"https:\/\/api.w.org\/{rel}","templated":true}]}}