{"id":33718,"date":"2018-03-02T08:21:11","date_gmt":"2018-03-02T07:21:11","guid":{"rendered":"https:\/\/www.naturmed.de\/produkt\/panel-yangsheng-online-video-hildenbrand-g-krinninger-patricia\/"},"modified":"2019-08-29T15:25:25","modified_gmt":"2019-08-29T13:25:25","slug":"panel-yangsheng-online-video-hildenbrand-g-krinninger-patricia","status":"publish","type":"product","link":"https:\/\/www.naturmed.de\/en\/product\/panel-yangsheng-online-video-hildenbrand-g-krinninger-patricia\/","title":{"rendered":"Panel Yangsheng (Video)"},"content":{"rendered":"<p>Panel Yangsheng auf dem 5. SMS-Kongress 2017 &#8211; Chinesische Medizin im klinischen Alltag, Video, 90 Minuten, deutsch. Chair: PD Dr. Gisela Hildenbrand.<br \/>\nDie Tradition des Yangtai den Fetus n\u00e4hren im Kontext der Epigenetik:<br \/>\ndie besondere Rolle der Ern\u00e4hrung in der Schwangerschaft\u00a0mit Dr. Patricia Krinninger.<\/p>\n<p>In der Chinesischen Medizin wurde der Ern\u00e4hrung von Schwangeren\u00a0und Kleinkindern seit jeher besondere Beachtung geschenkt.<br \/>\nDie Tradition des Yangtai den Fetus n\u00e4hren ist ein wichtiger Bestandteil der Lebenspflege yangsheng und der chinesischen Frauenheilkunde.<br \/>\nSchon in fr\u00fcher Zeit war man sich bewusst, dass Schwangere durch gesunde Ern\u00e4hrung und Lebensf\u00fchrung sowie\u00a0durch Freude an sch\u00f6nen Dingen ihr Ungeborenes st\u00e4rken und positiv beeinflussen k\u00f6nnen.\u00a0Der neue westliche Wissenschaftszweig &#8211; die Epigenetik &#8211; zeigt\u00a0ebenfalls, dass besonders in der Schwangerschaft Lebenseinfl\u00fcsse\u00a0wie die Ern\u00e4hrung, aber auch emotionale Faktoren wie beispielsweise\u00a0Stress eine entscheidende Rolle spielen.<br \/>\nDurch sogenannte epigenetische Schalter kann die Ern\u00e4hrung in der Schwangerschaft\u00a0die Aktivit\u00e4t von Genen beeinflussen und die lebenslange\u00a0Konstitution des Ungeborenen entscheidend pr\u00e4gen.<br \/>\nSowohl die Tradition des Yangtai den Fetus n\u00e4hren als auch die\u00a0Epigenetik sind sich somit sehr deutlich der besonderen Rolle der\u00a0Ern\u00e4hrung in der Schwangerschaft und der M\u00f6glichkeit bewusst,<br \/>\nentscheidende Weichen f\u00fcr lebenslange Gesundheit beziehungsweise Krankheitsdisposition zu legen.<br \/>\nIn diesem Vortrag wird die Tradition des Yangtai den Fetus n\u00e4hren\u00a0anhand von klassischen chinesischen Texten vorgestellt, und es werden\u00a0Parallelen zum neuen wissenschaftlichen Fachgebiet der Epigenetik aufgezeigt.<br \/>\nDar\u00fcber hinaus geben die Vortragenden aus Sicht der Chinesischen Medizin Ern\u00e4hrungsempfehlungen f\u00fcr die Schwangerschaft mit besonderem Bezug auf den Fetus.<\/p>\n","protected":false},"excerpt":{"rendered":"<p>Dr. Patricia Krinninger spricht auf dem auf dem 5. SMS-Kongress 2017 \u00fcber die besondere Rolle der Ern\u00e4hrung in der Schwangerschaft. Das Video hier bei naturmed.<\/p>\n<p>&nbsp;<\/p>\n","protected":false},"featured_media":34866,"comment_status":"closed","ping_status":"closed","template":"","meta":{"_acf_changed":false,"_relevanssi_hide_post":"","_relevanssi_hide_content":"","_relevanssi_pin_for_all":"","_relevanssi_pin_keywords":"","_relevanssi_unpin_keywords":"","_relevanssi_related_keywords":"","_relevanssi_related_include_ids":"","_relevanssi_related_exclude_ids":"","_relevanssi_related_no_append":"","_relevanssi_related_not_related":"","_relevanssi_related_posts":"","_relevanssi_noindex_reason":""},"product_brand":[],"product_cat":[18473,18471,29674,29565,18404],"class_list":{"0":"post-33718","1":"product","2":"type-product","3":"status-publish","4":"has-post-thumbnail","6":"book_author-hildenbrand-g-en","7":"book_author-krinninger-patricia-en","8":"product_cat-ernaehrung-patientenratgeber-tcm-akupunktur-en","9":"product_cat-patientenratgeber-tcm-akupunktur-en","10":"product_cat-tcm-kraeuter-videos-en","11":"product_cat-tcm-videos-en","12":"product_cat-tcmacupuncture-books","13":"pa_videotyp-dvd-en","14":"pa_videotyp-streaming-en","16":"first","17":"instock","18":"taxable","19":"shipping-taxable","20":"purchasable","21":"product-type-variable"},"acf":[],"_links":{"self":[{"href":"https:\/\/www.naturmed.de\/en\/wp-json\/wp\/v2\/product\/33718","targetHints":{"allow":["GET"]}}],"collection":[{"href":"https:\/\/www.naturmed.de\/en\/wp-json\/wp\/v2\/product"}],"about":[{"href":"https:\/\/www.naturmed.de\/en\/wp-json\/wp\/v2\/types\/product"}],"replies":[{"embeddable":true,"href":"https:\/\/www.naturmed.de\/en\/wp-json\/wp\/v2\/comments?post=33718"}],"wp:featuredmedia":[{"embeddable":true,"href":"https:\/\/www.naturmed.de\/en\/wp-json\/wp\/v2\/media\/34866"}],"wp:attachment":[{"href":"https:\/\/www.naturmed.de\/en\/wp-json\/wp\/v2\/media?parent=33718"}],"wp:term":[{"taxonomy":"product_brand","embeddable":true,"href":"https:\/\/www.naturmed.de\/en\/wp-json\/wp\/v2\/product_brand?post=33718"},{"taxonomy":"product_cat","embeddable":true,"href":"https:\/\/www.naturmed.de\/en\/wp-json\/wp\/v2\/product_cat?post=33718"}],"curies":[{"name":"wp","href":"https:\/\/api.w.org\/{rel}","templated":true}]}}