{"id":35810,"date":"2018-02-12T15:55:48","date_gmt":"2018-02-12T14:55:48","guid":{"rendered":"https:\/\/www.naturmed.de\/produkt\/netters-flashcards-anatomy-latin-nomenclature-netter-f-h\/"},"modified":"2024-08-30T11:14:51","modified_gmt":"2024-08-30T09:14:51","slug":"netters-flashcards-anatomy-latin-nomenclature-netter-f-h","status":"publish","type":"product","link":"https:\/\/www.naturmed.de\/en\/product\/netters-flashcards-anatomy-latin-nomenclature-netter-f-h\/","title":{"rendered":"Netter&#8217;s Flashcards Anatomy &#8211; Latin Nomenclature"},"content":{"rendered":"<p>Netter&#8217;s Anatomy Flashcards sind eine einzigartige Erg\u00e4nzung zum Atlas und erleichtern das Lernen &#8211; \u00fcberall und jederzeit.<br \/>\nAnatomie erfolgreich lernen mit 324 perfekt illustrierten farbigen Lernkarten.<br \/>\nGeordnet nach K\u00f6rperregionen: Kopf und Hals, R\u00fccken und Wirbels\u00e4ule, Thorax, Abdomen, Becken und Dammregion, Obere Extremit\u00e4t, Untere Extremit\u00e4t.<br \/>\nAuf der Vorderseite jeder Karte findet sich eine detaillierte anatomische Zeichnung, auf der R\u00fcckseite die Bezeichnung der Strukturen gem\u00e4\u00df Lateinischer Nomenklatur!<\/p>\n","protected":false},"excerpt":{"rendered":"<p>Anatomie erfolgreich lernen mit 324 perfekt illustrierten farbigen Lernkarten. Geordnet nach den einzelnen K\u00f6rperregionen. Hier online bei naturmed.de<\/p>\n","protected":false},"featured_media":19099,"comment_status":"closed","ping_status":"closed","template":"","meta":{"_acf_changed":false,"_relevanssi_hide_post":"","_relevanssi_hide_content":"","_relevanssi_pin_for_all":"","_relevanssi_pin_keywords":"","_relevanssi_unpin_keywords":"","_relevanssi_related_keywords":"","_relevanssi_related_include_ids":"","_relevanssi_related_exclude_ids":"","_relevanssi_related_no_append":"","_relevanssi_related_not_related":"","_relevanssi_related_posts":"","_relevanssi_noindex_reason":""},"product_brand":[],"product_cat":[18323,18324,18322],"class_list":{"0":"post-35810","1":"product","2":"type-product","3":"status-publish","4":"has-post-thumbnail","6":"book_author-netter-f-h-en","7":"product_cat-anatomie-en","8":"product_cat-anatomie-lernkarten-anatomie-en","9":"product_cat-manual-medicine","11":"first","12":"outofstock","13":"taxable","14":"shipping-taxable","15":"purchasable","16":"product-type-simple"},"acf":[],"_links":{"self":[{"href":"https:\/\/www.naturmed.de\/en\/wp-json\/wp\/v2\/product\/35810","targetHints":{"allow":["GET"]}}],"collection":[{"href":"https:\/\/www.naturmed.de\/en\/wp-json\/wp\/v2\/product"}],"about":[{"href":"https:\/\/www.naturmed.de\/en\/wp-json\/wp\/v2\/types\/product"}],"replies":[{"embeddable":true,"href":"https:\/\/www.naturmed.de\/en\/wp-json\/wp\/v2\/comments?post=35810"}],"wp:featuredmedia":[{"embeddable":true,"href":"https:\/\/www.naturmed.de\/en\/wp-json\/wp\/v2\/media\/19099"}],"wp:attachment":[{"href":"https:\/\/www.naturmed.de\/en\/wp-json\/wp\/v2\/media?parent=35810"}],"wp:term":[{"taxonomy":"product_brand","embeddable":true,"href":"https:\/\/www.naturmed.de\/en\/wp-json\/wp\/v2\/product_brand?post=35810"},{"taxonomy":"product_cat","embeddable":true,"href":"https:\/\/www.naturmed.de\/en\/wp-json\/wp\/v2\/product_cat?post=35810"}],"curies":[{"name":"wp","href":"https:\/\/api.w.org\/{rel}","templated":true}]}}