{"id":35868,"date":"2018-02-12T16:29:10","date_gmt":"2018-02-12T15:29:10","guid":{"rendered":"https:\/\/www.naturmed.de\/produkt\/n05-roll-on-warm-up-gel-50ml-zippelius-k\/"},"modified":"2018-02-12T16:29:10","modified_gmt":"2018-02-12T15:29:10","slug":"n05-roll-on-warm-up-gel-50ml-zippelius-k","status":"publish","type":"product","link":"https:\/\/www.naturmed.de\/en\/product\/n05-roll-on-warm-up-gel-50ml-zippelius-k\/","title":{"rendered":"N05 Roll on &#8216;warm up&#8217; Gel 50ml"},"content":{"rendered":"<p>Ein w\u00e4rmendes Muskelbalsam von Dr. Zippelius f\u00fcr Massageanwendung.<br \/>Einreibe- und Massage Roll On zum Aufw\u00e4rmen vor dem Sport.<br \/>Der Roll On erm\u00f6glicht  eine gezielte Selbstmassage der betroffenen Stellen. Der W\u00e4rmebalsam mit Naturkampfer, Zimt und Nelken und elf weiteren orientalischen Pflanzenextrakten w\u00e4rmt und aktiviert wohltuend die Zirkulation.<br \/>Dank der nat\u00fcrlichen Wirksubstanzen und der Roll On Massage wird die Muskulatur erw\u00e4rmt und die Beweglichkeit des K\u00f6rpers verbessert.<br \/>Unmittelbar vor dem Sport oder bei Bedarf, die betroffenen K\u00f6rperstellen mit dem Roll On f\u00fcr ca. 5 Minuten massieren bis ein angenehmes W\u00e4rmegef\u00fchl entsteht.<br \/>Das Produkt zieht schnell ein und erg\u00e4nzt auf ideale Weise das Standard &#8211; Aufw\u00e4rmprogramm.<\/p>\n<p>Die Lieferung erfolgt in einer Kunststoff-Verpackung mit Umverpackung aus Pappe.<br \/>Alle Zippelius-Produkte sind frei von chemischen Konservierungs-, Duft-  oder Farbstoffen.<br \/>Made in EU.<\/p>\n<p>INCI-EU:<br \/>Acqua, Alcohol, Carbomer, Camphor (Nat\u00fcrlicher Kampfer), pflanzliche Extrakte: Artemisia montana (Beifusskraut),  Atractylodes lancea, Angelica pubescens (B\u00e4renklauwurzel), Cinnamom Zeyl. (Zimtrinde), Saposhnikovia divaricata (Windschutzwurzel), Carthamus tinctorius (F\u00e4rbedistel),  Centella asiatica (Wassernabel), Eugenia caryophyllus (Nelken), Sparganium stoloniferum (Igelkolben), Notopterygium incisum (Gebirgsangelikawurzel), Corydalis turtschaninovii (Lerchensporn, Sch\u00f6ner),  Zanthoxylum bungeanum (Szechuanpfeffer), Lycopodium clavatum (B\u00e4rlappkraut), Capsicum anuum (Cayennepfeffer), (Iso-) Eugenol*, Cinnamal*.<br \/>*from natural essential oils<\/p>\n","protected":false},"excerpt":{"rendered":"<p>Ein w\u00e4rmendes Muskelbalsam von Dr. Zippelius f\u00fcr bewegende Massage. S\u00e4mtliche hochwertigen Zippelius-Produkte \u00fcber naturmed beziehen!<\/p>\n","protected":false},"featured_media":24058,"comment_status":"closed","ping_status":"closed","template":"","meta":{"_acf_changed":false,"_relevanssi_hide_post":"","_relevanssi_hide_content":"","_relevanssi_pin_for_all":"","_relevanssi_pin_keywords":"","_relevanssi_unpin_keywords":"","_relevanssi_related_keywords":"","_relevanssi_related_include_ids":"","_relevanssi_related_exclude_ids":"","_relevanssi_related_no_append":"","_relevanssi_related_not_related":"","_relevanssi_related_posts":"","_relevanssi_noindex_reason":""},"product_brand":[],"product_cat":[18322,19127,18354],"class_list":{"0":"post-35868","1":"product","2":"type-product","3":"status-publish","4":"has-post-thumbnail","6":"product_cat-manual-medicine","7":"product_cat-ointments-rubbings","8":"product_cat-physiotherapie-zubehoer-manuelle-therapie-buecher-en","10":"first","11":"instock","12":"taxable","13":"shipping-taxable","14":"product-type-simple"},"acf":[],"_links":{"self":[{"href":"https:\/\/www.naturmed.de\/en\/wp-json\/wp\/v2\/product\/35868","targetHints":{"allow":["GET"]}}],"collection":[{"href":"https:\/\/www.naturmed.de\/en\/wp-json\/wp\/v2\/product"}],"about":[{"href":"https:\/\/www.naturmed.de\/en\/wp-json\/wp\/v2\/types\/product"}],"replies":[{"embeddable":true,"href":"https:\/\/www.naturmed.de\/en\/wp-json\/wp\/v2\/comments?post=35868"}],"wp:featuredmedia":[{"embeddable":true,"href":"https:\/\/www.naturmed.de\/en\/wp-json\/wp\/v2\/media\/24058"}],"wp:attachment":[{"href":"https:\/\/www.naturmed.de\/en\/wp-json\/wp\/v2\/media?parent=35868"}],"wp:term":[{"taxonomy":"product_brand","embeddable":true,"href":"https:\/\/www.naturmed.de\/en\/wp-json\/wp\/v2\/product_brand?post=35868"},{"taxonomy":"product_cat","embeddable":true,"href":"https:\/\/www.naturmed.de\/en\/wp-json\/wp\/v2\/product_cat?post=35868"}],"curies":[{"name":"wp","href":"https:\/\/api.w.org\/{rel}","templated":true}]}}