{"id":37207,"date":"2018-02-12T16:14:59","date_gmt":"2018-02-12T15:14:59","guid":{"rendered":"https:\/\/www.naturmed.de\/produkt\/ten-key-formula-families-in-chinese-medicine-huang-huang\/"},"modified":"2025-02-12T17:59:52","modified_gmt":"2025-02-12T16:59:52","slug":"ten-key-formula-families-in-chinese-medicine-huang-huang","status":"publish","type":"product","link":"https:\/\/www.naturmed.de\/en\/product\/ten-key-formula-families-in-chinese-medicine-huang-huang\/","title":{"rendered":"Ten Key Formula Families in Chinese Medicine"},"content":{"rendered":"<p>Huang Huang, a professor at the Nanjing University of Traditional Chinese Medicine, is one of the most influential physicians and teachers in Chinese medicine today. His most popular work, Ten Key Formula Families in Chinese Medicine, has been reprinted many times in China, translated into Japanese, and republished in Taiwan.<br \/>\nIt has now been translated into English by Michael Max.<br \/>\nIn this work, Dr. Huang discusses the core aspects of the ten most important families of formulas in the classical formula tradition in a way that is both profound and accessible. By introducing the concept of constitutions and the attendant vulnerabilities of those constitutions to certain types of problems and symptoms, he hands the reader a very useful key to understanding how and when to use these formulas in the modern clinic.<br \/>\nThe ten families of formulas are grouped around the following herbs:<br \/>\n\u0095 Cinnamon \u0096 Cinnamomi Ramulus (gu\u00ec zh\u00ef)<br \/>\n\u0095 Ephedra \u0096 Ephedrae Herba (m\u00e1 hu\u00e1ng)<br \/>\n\u0095 Bupleurum \u0096 Bupleuri Radix (ch\u00e1i h\u00fa)<br \/>\n\u0095 Gypsum \u0096 Gypsum fibrosum (sh\u00ed g\u00e4o)<br \/>\n\u0095 Rhubarb \u0096 Rhei Radix et Rhizoma (d\u00e0 hu\u00e1ng)<br \/>\n\u0095 Coptis \u0096 Coptidis Rhizoma (hu\u00e1ng li\u00e1n)<br \/>\n\u0095 Aconite Accessory Root \u0096 Aconiti Radix<br \/>\nlateralis preparata (zh\u00ec f\u00f9 z\u00ee)<br \/>\n\u0095 Dried Ginger \u0096 Zingiberis Rhizoma (g\u00e4n ji\u00e4ng)<br \/>\n\u0095 Astragalus \u0096 Astragali Radix (hu\u00e1ng q\u00ed)<br \/>\n\u0095 Pinellia \u0096 Pinelliae Rhizoma preparatum (zh\u00ec b\u00e0n xi\u00e0)<\/p>\n<p>For each herb family, Prof. Dr. Huang provides an introduction to the relevant constitutional aspects and significant indicators to look for when deciding whether a member of each herb family is appropriate for a particular patient. He then describes the most important and useful members of the herb family, including brief discussions of relevant research.<\/p>\n","protected":false},"excerpt":{"rendered":"<p>Ten Key Formula Families in Chinese Medicine by Huang discusses the core aspects of the ten most important families of formulas. Order now at naturmed.<\/p>\n","protected":false},"featured_media":22290,"comment_status":"closed","ping_status":"closed","template":"","meta":{"_acf_changed":false,"_relevanssi_hide_post":"","_relevanssi_hide_content":"","_relevanssi_pin_for_all":"","_relevanssi_pin_keywords":"","_relevanssi_unpin_keywords":"","_relevanssi_related_keywords":"","_relevanssi_related_include_ids":"","_relevanssi_related_exclude_ids":"","_relevanssi_related_no_append":"","_relevanssi_related_not_related":"","_relevanssi_related_posts":"","_relevanssi_noindex_reason":""},"product_brand":[],"product_cat":[18431,18435,18404],"class_list":{"0":"post-37207","1":"product","2":"type-product","3":"status-publish","4":"has-post-thumbnail","6":"book_author-huang-huang-en","7":"product_cat-chinese-herbs-kampo","8":"product_cat-formula-books","9":"product_cat-tcmacupuncture-books","11":"first","12":"instock","13":"taxable","14":"shipping-taxable","15":"purchasable","16":"product-type-simple"},"acf":[],"_links":{"self":[{"href":"https:\/\/www.naturmed.de\/en\/wp-json\/wp\/v2\/product\/37207","targetHints":{"allow":["GET"]}}],"collection":[{"href":"https:\/\/www.naturmed.de\/en\/wp-json\/wp\/v2\/product"}],"about":[{"href":"https:\/\/www.naturmed.de\/en\/wp-json\/wp\/v2\/types\/product"}],"replies":[{"embeddable":true,"href":"https:\/\/www.naturmed.de\/en\/wp-json\/wp\/v2\/comments?post=37207"}],"wp:featuredmedia":[{"embeddable":true,"href":"https:\/\/www.naturmed.de\/en\/wp-json\/wp\/v2\/media\/22290"}],"wp:attachment":[{"href":"https:\/\/www.naturmed.de\/en\/wp-json\/wp\/v2\/media?parent=37207"}],"wp:term":[{"taxonomy":"product_brand","embeddable":true,"href":"https:\/\/www.naturmed.de\/en\/wp-json\/wp\/v2\/product_brand?post=37207"},{"taxonomy":"product_cat","embeddable":true,"href":"https:\/\/www.naturmed.de\/en\/wp-json\/wp\/v2\/product_cat?post=37207"}],"curies":[{"name":"wp","href":"https:\/\/api.w.org\/{rel}","templated":true}]}}