{"id":39468,"date":"2018-03-12T11:56:21","date_gmt":"2018-03-12T10:56:21","guid":{"rendered":"https:\/\/www.naturmed.de\/produkt\/fertility-symposium-1-2010-stimulation-for-ivf-online-video-haeberle-m\/"},"modified":"2022-10-31T15:02:59","modified_gmt":"2022-10-31T14:02:59","slug":"fertility-symposium-1-2010-stimulation-for-ivf-video-haeberle-m","status":"publish","type":"product","link":"https:\/\/www.naturmed.de\/en\/product\/fertility-symposium-1-2010-stimulation-for-ivf-video-haeberle-m\/","title":{"rendered":"Fertility Symposium 1 (2010) &#8211; Stimulation for IVF (video)"},"content":{"rendered":"<p>In dem Kurs Fertility Symposium 1 werden die verschiedenen Protokolle zur hormonellen Stimulation f\u00fcr die IVF\/ICSI erl\u00e4utert.<br \/>\nInsbesondere werden diese verschiedenen Protokolle hinsichtlich Erfolgszahlen (klinische Schwangerschaften pro Behandlungszyklus), Nebenwirkungen und Kosten besprochen.Desweiteren werden alle Hormone und medikamente, welche bei der Stimulation verwendet werden einzeln vorgestellt und Vor- und Nachteile und ihre Nebenwirkungen ausf\u00fchrlich besprochen.<br \/>\nEin weiteres wichtiges Thema sind Komplikationen der hormonellen Stimulation wie \u00dcberstimulationssyndrom und Mehrlingsschwangerschaften. Soweit m\u00f6glich werden Ans\u00e4tze zur Therapie dieser nebenwirkungen mittels TCM vorgestellt. \u00dcberblick \u00fcber die kombinierte Behandlungsform bei IVF und Vorstellung verschiedener Studien zu diesem Thema. Wie kann die TCM hinsichtlich der Eizellqualit\u00e4t helfen? Effekte bei der Behandlung mit Elektroakupunktur.<br \/>\nLong protocols vs short protocols. Considerations related to different approaches in ovarian stimulation. Research review and guidelines and combined treatment (western + chinese treatment) of IVF. Effects of electroacupuncture on in vitro fertilization and embryo transplantation in the patient of infertility with different syndromes.<\/p>\n<p>TCM Kongress Rothenburg 2010, video, 180 min., English.<\/p>\n","protected":false},"excerpt":{"rendered":"<p>Auf diesem Video finden Sie verschiedene Protokolle zur hormonellen Stimulation f\u00fcr die IVC\/ICSI erl\u00e4utert und verwendete Medikamente vorgestellt. Hier bei naturmed.<\/p>\n","protected":false},"featured_media":23175,"comment_status":"closed","ping_status":"closed","template":"","meta":{"_acf_changed":false,"_relevanssi_hide_post":"","_relevanssi_hide_content":"","_relevanssi_pin_for_all":"","_relevanssi_pin_keywords":"","_relevanssi_unpin_keywords":"","_relevanssi_related_keywords":"","_relevanssi_related_include_ids":"","_relevanssi_related_exclude_ids":"","_relevanssi_related_no_append":"","_relevanssi_related_not_related":"","_relevanssi_related_posts":"","_relevanssi_noindex_reason":""},"product_brand":[],"product_cat":[18452,18458,29689,29680,29565,18404],"class_list":{"0":"post-39468","1":"product","2":"type-product","3":"status-publish","4":"has-post-thumbnail","6":"book_author-haeberle-m","7":"product_cat-clinical-practice-in-tcm","8":"product_cat-infertility","9":"product_cat-kinderwunsch-videos-en","10":"product_cat-tcm-behandlung-en","11":"product_cat-tcm-videos-en","12":"product_cat-tcmacupuncture-books","13":"pa_videotyp-dvd-en","14":"pa_videotyp-streaming-en","16":"first","17":"instock","18":"taxable","19":"shipping-taxable","20":"purchasable","21":"product-type-variable"},"acf":[],"_links":{"self":[{"href":"https:\/\/www.naturmed.de\/en\/wp-json\/wp\/v2\/product\/39468","targetHints":{"allow":["GET"]}}],"collection":[{"href":"https:\/\/www.naturmed.de\/en\/wp-json\/wp\/v2\/product"}],"about":[{"href":"https:\/\/www.naturmed.de\/en\/wp-json\/wp\/v2\/types\/product"}],"replies":[{"embeddable":true,"href":"https:\/\/www.naturmed.de\/en\/wp-json\/wp\/v2\/comments?post=39468"}],"wp:featuredmedia":[{"embeddable":true,"href":"https:\/\/www.naturmed.de\/en\/wp-json\/wp\/v2\/media\/23175"}],"wp:attachment":[{"href":"https:\/\/www.naturmed.de\/en\/wp-json\/wp\/v2\/media?parent=39468"}],"wp:term":[{"taxonomy":"product_brand","embeddable":true,"href":"https:\/\/www.naturmed.de\/en\/wp-json\/wp\/v2\/product_brand?post=39468"},{"taxonomy":"product_cat","embeddable":true,"href":"https:\/\/www.naturmed.de\/en\/wp-json\/wp\/v2\/product_cat?post=39468"}],"curies":[{"name":"wp","href":"https:\/\/api.w.org\/{rel}","templated":true}]}}