{"id":39469,"date":"2018-02-12T16:23:31","date_gmt":"2018-02-12T15:23:31","guid":{"rendered":"https:\/\/www.naturmed.de\/produkt\/pediatric-treatment-day-2-kinderheilkundetag-2-online-video-tiberi-a\/"},"modified":"2023-02-20T12:39:28","modified_gmt":"2023-02-20T11:39:28","slug":"pediatric-treatment-day-2-kinderheilkundetag-2-video-tiberi-a","status":"publish","type":"product","link":"https:\/\/www.naturmed.de\/en\/product\/pediatric-treatment-day-2-kinderheilkundetag-2-video-tiberi-a\/","title":{"rendered":"Pediatric Treatment Day 2 \/ Kinderheilkundetag 2 (video)"},"content":{"rendered":"<p>Der Nachmittag des Kinderheilkundetages auf dem TCM Kongress 2010 in Rothenburg mit Alex Tiberi.<br \/>\nTiberi spricht auf unterhaltsame Art und Weise \u00fcber Kinderheilkunde mit Akupunktur und Arzneimittel.<br \/>\nAnfangs er spricht \u00fcber die Interaktion und dem Umgang eines Therapeuten mit Kindern als Patienten.<br \/>\nSchwerpunkt des Videos sind Grundlagen der P\u00e4diatrie mit TCM in den verschiedenen Lebensphasen, gespickt mit Beispielen aus der t\u00e4glichen Praxis.<br \/>\nIm Verlauf des Videos bespricht er neun verschiedene Rezepturen mit chinesischen Kr\u00e4uter, mit welchen man die h\u00e4ufigsten F\u00e4lle l\u00f6sen kann.<br \/>\nDas Thema Impfen und seine Folgen bei Kindern unterschiedlicher Altersstufen (vaccination) wird ausf\u00fchrlich besprochen und mit anderen Kursteilnehmern diskutiert.<br \/>\nDas Video ist eher f\u00fcr Therapeuten interessant, die sich mit dem Thema Kinder\/P\u00e4diatrie schwerpunktm\u00e4\u00dfig besch\u00e4ftigen oder besch\u00e4ftigen wollen.<br \/>\nEs werden eher grunds\u00e4tzliche TCM-Themen besprochen, als konkrete einzelne Therapien.<\/p>\n<p>Pediatric afternoon session.<br \/>\nAlex Tiberi talks about general basics of having a pediatric TCM clinic.<br \/>\nHe presents a lot different treatments of children and frequently used Chinese herbs and formulas. Another topic is vaccination.<br \/>\nThere is also a discussion about when and which vaccinations are recommended and their effects.<br \/>\nIn general this video talks a lot about general basics for practitioners who have a pediatric clinic or want to start to treat children with TCM.<\/p>\n<p>TCM Kongress Rothenburg 2010, video, 180 min., English.<\/p>\n","protected":false},"excerpt":{"rendered":"<p>Pediatric Treatment Day 2 is a lecture by Alex Tiberi at the TCM congress 2010 in Rothenburg. Order your video here at naturmed.<\/p>\n","protected":false},"featured_media":23179,"comment_status":"closed","ping_status":"closed","template":"","meta":{"_acf_changed":false,"_relevanssi_hide_post":"","_relevanssi_hide_content":"","_relevanssi_pin_for_all":"","_relevanssi_pin_keywords":"","_relevanssi_unpin_keywords":"","_relevanssi_related_keywords":"","_relevanssi_related_include_ids":"","_relevanssi_related_exclude_ids":"","_relevanssi_related_no_append":"","_relevanssi_related_not_related":"","_relevanssi_related_posts":"","_relevanssi_noindex_reason":""},"product_brand":[],"product_cat":[18453,18452,29688,29680,29565,18404,29979],"class_list":{"0":"post-39469","1":"product","2":"type-product","3":"status-publish","4":"has-post-thumbnail","6":"book_author-tiberi-a-en","7":"product_cat-children","8":"product_cat-clinical-practice-in-tcm","9":"product_cat-kinderkrankheiten-tcm-behandlung-en","10":"product_cat-tcm-behandlung-en","11":"product_cat-tcm-videos-en","12":"product_cat-tcmacupuncture-books","13":"product_cat-videos-tcm-kongress-en","14":"pa_videotyp-dvd-en","15":"pa_videotyp-streaming-en","17":"first","18":"instock","19":"taxable","20":"shipping-taxable","21":"purchasable","22":"product-type-variable"},"acf":[],"_links":{"self":[{"href":"https:\/\/www.naturmed.de\/en\/wp-json\/wp\/v2\/product\/39469","targetHints":{"allow":["GET"]}}],"collection":[{"href":"https:\/\/www.naturmed.de\/en\/wp-json\/wp\/v2\/product"}],"about":[{"href":"https:\/\/www.naturmed.de\/en\/wp-json\/wp\/v2\/types\/product"}],"replies":[{"embeddable":true,"href":"https:\/\/www.naturmed.de\/en\/wp-json\/wp\/v2\/comments?post=39469"}],"wp:featuredmedia":[{"embeddable":true,"href":"https:\/\/www.naturmed.de\/en\/wp-json\/wp\/v2\/media\/23179"}],"wp:attachment":[{"href":"https:\/\/www.naturmed.de\/en\/wp-json\/wp\/v2\/media?parent=39469"}],"wp:term":[{"taxonomy":"product_brand","embeddable":true,"href":"https:\/\/www.naturmed.de\/en\/wp-json\/wp\/v2\/product_brand?post=39469"},{"taxonomy":"product_cat","embeddable":true,"href":"https:\/\/www.naturmed.de\/en\/wp-json\/wp\/v2\/product_cat?post=39469"}],"curies":[{"name":"wp","href":"https:\/\/api.w.org\/{rel}","templated":true}]}}