{"id":39492,"date":"2018-02-12T16:23:31","date_gmt":"2018-02-12T15:23:31","guid":{"rendered":"https:\/\/www.naturmed.de\/produkt\/teenage-depression-online-video-scott-julian\/"},"modified":"2022-07-21T14:45:30","modified_gmt":"2022-07-21T12:45:30","slug":"teenage-depression-online-video-scott-julian","status":"publish","type":"product","link":"https:\/\/www.naturmed.de\/en\/product\/teenage-depression-online-video-scott-julian\/","title":{"rendered":"Teenage depression (Video)"},"content":{"rendered":"<p>Der Lebensabschnitt eines Teenagers ist gekennzeichnet durch starke Emotionen, zugeschlagene T\u00fcren und Weinen. Bei all diesem Drama k\u00f6nnte man meinen, dass s\u00e4mtliche Teenager-Probleme Folgen einer Stagnation des Leber-Qi oder sogar des Leber-Feuers sind. Gewiss ist das der Fall f\u00fcr manche Aspekte des asozialen Verhaltens wie z.B. Vandalismus und Kriminalit\u00e4t.<\/p>\n<p>Dennoch basieren meiner Erfahrung nach Depressionen beinahe immer auf einer Schw\u00e4che im Holzelement statt auf einem \u00dcberfluss. Genau diese Schw\u00e4che ist es, die Kindern Schwierigkeiten verschafft bei der notwendigen Abtrennung von den Eltern und bei der Durchsetzung eigener Meinungen. Bei manchen Kindern entspringt dies dem Shen und sie m\u00fcssen aus ihrer Depression herausgelockt werden. F\u00fcr solche F\u00e4lle ist Akupunktur nicht die angemessene Behandlung.<br \/>\nF\u00fcr die Mehrheit jedoch ist diese Schw\u00e4che das Resultat einer Unausgeglichenheit der Energien und l\u00e4sst sich deshalb gut mit Akupunktur behandeln.<br \/>\nDrei Hauptmuster sind festzustellen:<\/p>\n<ul>\n<li>Leber- und in den Nieren-Schw\u00e4che<\/li>\n<li>Milz- und Nieren-Qi-Xu<\/li>\n<li>Andauernde pathogene Faktoren<\/li>\n<\/ul>\n<p>Das erste dieser Muster ist bei allen F\u00e4llen von Teenager-Depression festzustellen, denn in diesen Lebensjahren stehen Leber und die Nieren unter Belastung. Das zweite und dritte Muster sind zus\u00e4tzliche Faktoren, die das Problem erschweren. H\u00e4ufig stammen diese Faktoren aus einem viel fr\u00fcheren Lebensabschnitt.<br \/>\nBei Milz- und Nieren-Qi-Xu beispielsweise weisen Jugendliche h\u00e4ufig eine Qi-Xu-Geschichte auf, die bis in die ersten Lebensjahre zur\u00fcckreicht. Wenn sie in die Pubert\u00e4t kommen, sind sie nicht in der Lage, ihr Potenzial zur Wandlung vollst\u00e4ndig auszunutzen.<br \/>\nEbenfalls haben h\u00e4ufig andauernde pathogene Faktoren ihren Ursprung entweder in Impfungen oder in der Behandlung von chronischen Krankheiten in den ersten 2 bis 3 Lebensjahren.<\/p>\n<p>Der Vortrag wird diese g\u00e4ngigen Muster genauer beleuchten, die Behandlungsm\u00f6glichkeiten vorstellen und auftretende Problem bei der Behandlung beschreiben.<\/p>\n<p>TCM Kongress Rothenburg 2011,<br \/>\nhalf day,\u00a0 video, 2:50 h, englisch\/deutsch, English\/German.<\/p>\n","protected":false},"excerpt":{"rendered":"<p>Ein Video von Julian Scott \u00fcber Depression bei Teenagern, einem Vortrag auf dem TCM-Kongress Rothenburg 2011. Jetzt hier bei naturmed bestellen.<\/p>\n","protected":false},"featured_media":23196,"comment_status":"closed","ping_status":"closed","template":"","meta":{"_acf_changed":false,"_relevanssi_hide_post":"","_relevanssi_hide_content":"","_relevanssi_pin_for_all":"","_relevanssi_pin_keywords":"","_relevanssi_unpin_keywords":"","_relevanssi_related_keywords":"","_relevanssi_related_include_ids":"","_relevanssi_related_exclude_ids":"","_relevanssi_related_no_append":"","_relevanssi_related_not_related":"","_relevanssi_related_posts":"","_relevanssi_noindex_reason":""},"product_brand":[],"product_cat":[18452,29673,18462,29680,29565,18404,29979],"class_list":{"0":"post-39492","1":"product","2":"type-product","3":"status-publish","4":"has-post-thumbnail","6":"book_author-julian-scott-en","7":"product_cat-clinical-practice-in-tcm","8":"product_cat-psyche-videos-tcm-behandlung-en","9":"product_cat-psychologic-diseases","10":"product_cat-tcm-behandlung-en","11":"product_cat-tcm-videos-en","12":"product_cat-tcmacupuncture-books","13":"product_cat-videos-tcm-kongress-en","14":"pa_videotyp-dvd-en","15":"pa_videotyp-streaming-en","17":"first","18":"instock","19":"taxable","20":"shipping-taxable","21":"purchasable","22":"product-type-variable"},"acf":[],"_links":{"self":[{"href":"https:\/\/www.naturmed.de\/en\/wp-json\/wp\/v2\/product\/39492","targetHints":{"allow":["GET"]}}],"collection":[{"href":"https:\/\/www.naturmed.de\/en\/wp-json\/wp\/v2\/product"}],"about":[{"href":"https:\/\/www.naturmed.de\/en\/wp-json\/wp\/v2\/types\/product"}],"replies":[{"embeddable":true,"href":"https:\/\/www.naturmed.de\/en\/wp-json\/wp\/v2\/comments?post=39492"}],"wp:featuredmedia":[{"embeddable":true,"href":"https:\/\/www.naturmed.de\/en\/wp-json\/wp\/v2\/media\/23196"}],"wp:attachment":[{"href":"https:\/\/www.naturmed.de\/en\/wp-json\/wp\/v2\/media?parent=39492"}],"wp:term":[{"taxonomy":"product_brand","embeddable":true,"href":"https:\/\/www.naturmed.de\/en\/wp-json\/wp\/v2\/product_brand?post=39492"},{"taxonomy":"product_cat","embeddable":true,"href":"https:\/\/www.naturmed.de\/en\/wp-json\/wp\/v2\/product_cat?post=39492"}],"curies":[{"name":"wp","href":"https:\/\/api.w.org\/{rel}","templated":true}]}}