{"id":39514,"date":"2019-04-03T15:14:09","date_gmt":"2019-04-03T13:14:09","guid":{"rendered":"https:\/\/www.naturmed.de\/produkt\/fertility-symposium-1-2010-stimulation-for-ivf-dvd-haeberle-m\/"},"modified":"2019-04-03T17:14:24","modified_gmt":"2019-04-03T15:14:24","slug":"fertility-symposium-1-2010-stimulation-for-ivf-dvd-haeberle-m","status":"publish","type":"product","link":"https:\/\/www.naturmed.de\/en\/product\/fertility-symposium-1-2010-stimulation-for-ivf-dvd-haeberle-m\/","title":{"rendered":"Fertility Symposium 1 (2010) &#8211; Stimulation for IVF (DVD)"},"content":{"rendered":"<p>In dem Kurs Fertility Symposium 1 werden die verschiedenen Protokolle zur hormonellen Stimulation f\u00fcr die IVF\/ICSI erl\u00e4utert.<br \/>Insbesondere werden diese verschiedenen Protokolle hinsichtlich Erfolgszahlen (klinische Schwangerschaften pro Behandlungszyklus), Nebenwirkungen und Kosten besprochen.Desweiteren werden alle Hormone und medikamente, welche bei der Stimulation verwendet werden einzeln vorgestellt und Vor- und Nachteile und ihre Nebenwirkungen ausf\u00fchrlich besprochen.<br \/>Ein weiteres wichtiges Thema sind Komplikationen der hormonellen Stimulation wie \u00dcberstimulationssyndrom und Mehrlingsschwangerschaften. Soweit m\u00f6glich werden Ans\u00e4tze zur Therapie dieser nebenwirkungen mittels TCM vorgestellt. \u00dcberblick \u00fcber die kombinierte Behandlungsform bei IVF und Vorstellung verschiedener Studien zu diesem Thema. Wie kann die TCM hinsichtlich der Eizellqualit\u00e4t helfen? Effekte bei der Behandlung mit Elektroakupunktur.<br \/>Long protocols vs short protocols. Considerations related to different approaches in ovarian stimulation. Research review and guidelines and combined treatment (western + chinese treatment) of IVF. Effects of electroacupuncture on in vitro fertilization and embryo transplantation in the patient of infertility with different syndromes.<\/p>\n<p>TCM Kongress Rothenburg 2010, DVD, 180 min., English.<\/p>\n<p>\n","protected":false},"excerpt":{"rendered":"<p>Fertilit\u00e4ts-Symposium 2010, eine DVD vom Fertilit\u00e4ts-Symposium 2010 in Rothenburg mit den Protokollen zur hormonellen Stimulation. Jetzt hier bestellen.<\/p>\n","protected":false},"featured_media":23612,"comment_status":"closed","ping_status":"closed","template":"","meta":{"_acf_changed":false,"_relevanssi_hide_post":"","_relevanssi_hide_content":"","_relevanssi_pin_for_all":"","_relevanssi_pin_keywords":"","_relevanssi_unpin_keywords":"","_relevanssi_related_keywords":"","_relevanssi_related_include_ids":"","_relevanssi_related_exclude_ids":"","_relevanssi_related_no_append":"","_relevanssi_related_not_related":"","_relevanssi_related_posts":"","_relevanssi_noindex_reason":""},"product_brand":[],"product_cat":[18452,18458,18404],"class_list":{"0":"post-39514","1":"product","2":"type-product","3":"status-publish","4":"has-post-thumbnail","6":"product_cat-clinical-practice-in-tcm","7":"product_cat-infertility","8":"product_cat-tcmacupuncture-books","10":"first","11":"instock","12":"taxable","13":"shipping-taxable","14":"purchasable","15":"product-type-simple"},"acf":[],"_links":{"self":[{"href":"https:\/\/www.naturmed.de\/en\/wp-json\/wp\/v2\/product\/39514","targetHints":{"allow":["GET"]}}],"collection":[{"href":"https:\/\/www.naturmed.de\/en\/wp-json\/wp\/v2\/product"}],"about":[{"href":"https:\/\/www.naturmed.de\/en\/wp-json\/wp\/v2\/types\/product"}],"replies":[{"embeddable":true,"href":"https:\/\/www.naturmed.de\/en\/wp-json\/wp\/v2\/comments?post=39514"}],"wp:featuredmedia":[{"embeddable":true,"href":"https:\/\/www.naturmed.de\/en\/wp-json\/wp\/v2\/media\/23612"}],"wp:attachment":[{"href":"https:\/\/www.naturmed.de\/en\/wp-json\/wp\/v2\/media?parent=39514"}],"wp:term":[{"taxonomy":"product_brand","embeddable":true,"href":"https:\/\/www.naturmed.de\/en\/wp-json\/wp\/v2\/product_brand?post=39514"},{"taxonomy":"product_cat","embeddable":true,"href":"https:\/\/www.naturmed.de\/en\/wp-json\/wp\/v2\/product_cat?post=39514"}],"curies":[{"name":"wp","href":"https:\/\/api.w.org\/{rel}","templated":true}]}}