{"id":39515,"date":"2019-04-03T15:14:58","date_gmt":"2019-04-03T13:14:58","guid":{"rendered":"https:\/\/www.naturmed.de\/produkt\/pediatric-treatment-day-2-kinderheilkundetag-2-dvd-tiberi-a\/"},"modified":"2019-04-03T17:15:07","modified_gmt":"2019-04-03T15:15:07","slug":"pediatric-treatment-day-2-kinderheilkundetag-2-dvd-tiberi-a","status":"publish","type":"product","link":"https:\/\/www.naturmed.de\/en\/product\/pediatric-treatment-day-2-kinderheilkundetag-2-dvd-tiberi-a\/","title":{"rendered":"Pediatric Treatment Day 2 \/ Kinderheilkundetag 2 (DVD)"},"content":{"rendered":"<p>Der Nachmittag des Kinderheilkundetages auf dem TCM Kongress 2010 in Rothenburg mit Alex Tiberi.<br \/>Tiberi spricht auf unterhaltsame Art und Weise \u00fcber Kinderheilkunde mit Akupunktur und Arzneimittel.<br \/>Anfangs er spricht \u00fcber die Interaktion und dem Umgang eines Therapeuten mit Kindern als Patienten.<br \/>Schwerpunkt des Videos sind Grundlagen der P\u00e4diatrie mit TCM in den verschiedenen Lebensphasen, gespickt mit Beispielen aus der t\u00e4glichen Praxis.<br \/>Im Verlauf des Videos bespricht er neun verschiedene Rezepturen mit chinesischen Kr\u00e4uter, mit welchen man die h\u00e4ufigsten F\u00e4lle l\u00f6sen kann.<br \/>Das Thema Impfen und seine Folgen bei Kindern unterschiedlicher Altersstufen (vaccination) wird ausf\u00fchrlich besprochen und mit anderen Kursteilnehmern diskutiert.<br \/>Das Video ist eher f\u00fcr Therapeuten interessant, die sich mit dem Thema Kinder\/P\u00e4diatrie schwerpunktm\u00e4\u00dfig besch\u00e4ftigen oder besch\u00e4ftigen wollen.<br \/>Es werden eher grunds\u00e4tzliche TCM-Themen besprochen, als konkrete einzelne Therapien.<\/p>\n<p>Pediatric afternoon session.<br \/>Alex Tiberi talks about general basics of having a pediatric TCM clinic.<br \/>He presents a lot different treatments of children and frequently used Chinese herbs and formulas. Another topic is vaccination.<br \/>There is also a discussion about when and which vaccinations are recommended and their effects.<br \/>In general this video talks a lot about general basics for practitioners who have a pediatric clinic or want to start to treat children with TCM.<\/p>\n<p>TCM Kongress Rothenburg 2010, 1 DVD, 180 min., English.<\/p>\n","protected":false},"excerpt":{"rendered":"<p>Pediatric Treatment Day 2 &#8211; a lecture by Alex Tiberi at the TCM congress 2010 in Rothenburg. Order your DVD here at naturmed.<\/p>\n","protected":false},"featured_media":23617,"comment_status":"closed","ping_status":"closed","template":"","meta":{"_acf_changed":false,"_relevanssi_hide_post":"","_relevanssi_hide_content":"","_relevanssi_pin_for_all":"","_relevanssi_pin_keywords":"","_relevanssi_unpin_keywords":"","_relevanssi_related_keywords":"","_relevanssi_related_include_ids":"","_relevanssi_related_exclude_ids":"","_relevanssi_related_no_append":"","_relevanssi_related_not_related":"","_relevanssi_related_posts":"","_relevanssi_noindex_reason":""},"product_brand":[],"product_cat":[18453,18452,18404],"class_list":{"0":"post-39515","1":"product","2":"type-product","3":"status-publish","4":"has-post-thumbnail","6":"book_author-tiberi-a-en","7":"product_cat-children","8":"product_cat-clinical-practice-in-tcm","9":"product_cat-tcmacupuncture-books","11":"first","12":"instock","13":"taxable","14":"shipping-taxable","15":"purchasable","16":"product-type-simple"},"acf":[],"_links":{"self":[{"href":"https:\/\/www.naturmed.de\/en\/wp-json\/wp\/v2\/product\/39515","targetHints":{"allow":["GET"]}}],"collection":[{"href":"https:\/\/www.naturmed.de\/en\/wp-json\/wp\/v2\/product"}],"about":[{"href":"https:\/\/www.naturmed.de\/en\/wp-json\/wp\/v2\/types\/product"}],"replies":[{"embeddable":true,"href":"https:\/\/www.naturmed.de\/en\/wp-json\/wp\/v2\/comments?post=39515"}],"wp:featuredmedia":[{"embeddable":true,"href":"https:\/\/www.naturmed.de\/en\/wp-json\/wp\/v2\/media\/23617"}],"wp:attachment":[{"href":"https:\/\/www.naturmed.de\/en\/wp-json\/wp\/v2\/media?parent=39515"}],"wp:term":[{"taxonomy":"product_brand","embeddable":true,"href":"https:\/\/www.naturmed.de\/en\/wp-json\/wp\/v2\/product_brand?post=39515"},{"taxonomy":"product_cat","embeddable":true,"href":"https:\/\/www.naturmed.de\/en\/wp-json\/wp\/v2\/product_cat?post=39515"}],"curies":[{"name":"wp","href":"https:\/\/api.w.org\/{rel}","templated":true}]}}