{"id":39522,"date":"2018-04-23T15:07:23","date_gmt":"2018-04-23T13:07:23","guid":{"rendered":"https:\/\/www.naturmed.de\/produkt\/treatment-of-neurodermatitis-on-children-dvd-scott-julian\/"},"modified":"2018-04-23T15:07:23","modified_gmt":"2018-04-23T13:07:23","slug":"treatment-of-neurodermatitis-on-children-dvd-scott-julian","status":"publish","type":"product","link":"https:\/\/www.naturmed.de\/en\/product\/treatment-of-neurodermatitis-on-children-dvd-scott-julian\/","title":{"rendered":"Treatment of neurodermatitis on children (DVD)"},"content":{"rendered":"<p>Ekzeme sind daf\u00fcr bekannt, dass sie sich nicht leicht behandeln lassen. Manche Herbalisten behaupten, dass Ekzeme nur mit K\u00e4utern (normalerweise chinesische) zu behandeln seien, aber in Wirklichkeit ist die Wirkung von Kr\u00e4utern unvorhersehbar. Die Wirkung h\u00e4lt nur an, solange der Patient die Kr\u00e4uter nimmt. Sobald die Behandlung beendet wird, kehrt das Ekzem h\u00e4ufig zur\u00fcck. Der Schl\u00fcssel zu einer erfolgreichen Behandlung von Ekzemen liegt im Verst\u00e4dnis der emotionalen Komponente. Wenn die emtionale Lage des Kindes der energetischen Ungleichheit entspricht, ist die Behandlung einfach \u0096 sei es mit Akupunktur oder mit Kr\u00e4utern. Stimmen die beiden Faktoren nicht \u00fcberein, zieht sich die Behandlung \u00fcber einen l\u00e4ngeren Zeitraum hin. Hierzu zwei Beispiele: Wenn ein Kleinkind Symptome einer Akkulumationsst\u00f6rung \u0096 einen gro\u00dfen Bauch und rote Backen \u0096 aufweist und auch die entsprechenden Verhaltensmuster wie Unruhe und Reizbarkeit zeigt, ist die Behandlung einfach. Anderseits k\u00f6nnen Kinder mit geringem Appetit und wiederkehrenden Infektionen \u0096 Symptome von Milz-Qi-Xu \u0096 ein dem energetischen Muster widersprechendes Verhalten zeigen. Sie k\u00f6nnen gegen\u00fcber Fremden (wie z.B. dem Arzt) scheu gegen\u00fcber der eigenen Familie jedoch ziemlich grob und gewaltsam sein. Bei so einem Fall von widerspr\u00fcchlichem Benehmen werden Ergebnisse nur langsam erzielt.<\/p>\n<p>In diesem Vortrag werden die h\u00e4ufigsten Muster, n\u00fctzliche Akupunkturmethoden und Kr\u00e4uter, zu erwartende Ergebnisse sowie m\u00f6gliche Probleme und Stolpersteine besprochen.<\/p>\n<p>TCM Kongress Rothenburg 2011,<br \/>half day, 1 DVD, 2:40 h, englisch\/deutsch, English\/German.<\/p>\n<p>\n","protected":false},"excerpt":{"rendered":"<p>Behandlung von Neurodermitis bei Kindern, ein Vortrag von Julian Scott auf dem TCM-Kongress Rothenburg 2011. Die DVD in Englisch und Deutsch bei naturmed bestellen.<\/p>\n","protected":false},"featured_media":23636,"comment_status":"closed","ping_status":"closed","template":"","meta":{"_acf_changed":false,"_relevanssi_hide_post":"","_relevanssi_hide_content":"","_relevanssi_pin_for_all":"","_relevanssi_pin_keywords":"","_relevanssi_unpin_keywords":"","_relevanssi_related_keywords":"","_relevanssi_related_include_ids":"","_relevanssi_related_exclude_ids":"","_relevanssi_related_no_append":"","_relevanssi_related_not_related":"","_relevanssi_related_posts":"","_relevanssi_noindex_reason":""},"product_brand":[],"product_cat":[18452,18456,18404],"class_list":{"0":"post-39522","1":"product","2":"type-product","3":"status-publish","4":"has-post-thumbnail","6":"book_author-julian-scott-en","7":"product_cat-clinical-practice-in-tcm","8":"product_cat-skin-diseases","9":"product_cat-tcmacupuncture-books","11":"first","12":"instock","13":"taxable","14":"shipping-taxable","15":"purchasable","16":"product-type-simple"},"acf":[],"_links":{"self":[{"href":"https:\/\/www.naturmed.de\/en\/wp-json\/wp\/v2\/product\/39522","targetHints":{"allow":["GET"]}}],"collection":[{"href":"https:\/\/www.naturmed.de\/en\/wp-json\/wp\/v2\/product"}],"about":[{"href":"https:\/\/www.naturmed.de\/en\/wp-json\/wp\/v2\/types\/product"}],"replies":[{"embeddable":true,"href":"https:\/\/www.naturmed.de\/en\/wp-json\/wp\/v2\/comments?post=39522"}],"wp:featuredmedia":[{"embeddable":true,"href":"https:\/\/www.naturmed.de\/en\/wp-json\/wp\/v2\/media\/23636"}],"wp:attachment":[{"href":"https:\/\/www.naturmed.de\/en\/wp-json\/wp\/v2\/media?parent=39522"}],"wp:term":[{"taxonomy":"product_brand","embeddable":true,"href":"https:\/\/www.naturmed.de\/en\/wp-json\/wp\/v2\/product_brand?post=39522"},{"taxonomy":"product_cat","embeddable":true,"href":"https:\/\/www.naturmed.de\/en\/wp-json\/wp\/v2\/product_cat?post=39522"}],"curies":[{"name":"wp","href":"https:\/\/api.w.org\/{rel}","templated":true}]}}