{"id":39540,"date":"2018-02-12T16:24:09","date_gmt":"2018-02-12T15:24:09","guid":{"rendered":"https:\/\/www.naturmed.de\/produkt\/shonishin-online-video-wernicke-t\/"},"modified":"2025-08-26T11:28:23","modified_gmt":"2025-08-26T09:28:23","slug":"shonishin-online-video-wernicke-t","status":"publish","type":"product","link":"https:\/\/www.naturmed.de\/en\/product\/shonishin-online-video-wernicke-t\/","title":{"rendered":"Shonishin (video)"},"content":{"rendered":"<p>Autor und Lehrer Thomas Wernicke erz\u00e4hlt aus seiner Erfahrung mit Shonishin. Er berichtet \u00fcber ein Projekt mit Shonishin, warum Shonishin gerade f\u00fcr empfindsame Patienten ideal ist und zeigt am Ende Ergebnisse einer Studie \u00fcber die Wirkungsweise von Shonishin.<\/p>\n<p>Er behandelte 40 Babys im Alter von 6-12 Wochen, welche alle die gleiche Symptomatik aufzeigten. Im weiteren Verlauf geht Wernicke darauf ein, was die Ursachen und Sp\u00e4tfolgen dieser Haltung sind und wie er diese Babys im Zuge der Studie behandelte.<\/p>\n<p>Video, 30 Minuten, deutsch.<\/p>\n","protected":false},"excerpt":{"rendered":"<p>Ein Vortrag von Wernicke \u00fcber Shonishin \u0096 neueste Ergebnisse einer Studie bei KISS-Babys. Sehen Sie das Video direkt hier bei naturmed.de<\/p>\n","protected":false},"featured_media":23312,"comment_status":"closed","ping_status":"closed","template":"","meta":{"_acf_changed":false,"_relevanssi_hide_post":"","_relevanssi_hide_content":"","_relevanssi_pin_for_all":"","_relevanssi_pin_keywords":"","_relevanssi_unpin_keywords":"","_relevanssi_related_keywords":"","_relevanssi_related_include_ids":"","_relevanssi_related_exclude_ids":"","_relevanssi_related_no_append":"","_relevanssi_related_not_related":"","_relevanssi_related_posts":"","_relevanssi_noindex_reason":""},"product_brand":[],"product_cat":[18408,18453,18428,30361,29662,29565,18404],"class_list":{"0":"post-39540","1":"product","2":"type-product","3":"status-publish","4":"has-post-thumbnail","6":"book_author-thomas-wernicke-en","7":"product_cat-acupuncture-books","8":"product_cat-children","9":"product_cat-japanese-medicine","10":"product_cat-japanische-akupunktur-en-2","11":"product_cat-japanische-akupunktur-video-en","12":"product_cat-tcm-videos-en","13":"product_cat-tcmacupuncture-books","14":"pa_videotyp-dvd-en","15":"pa_videotyp-streaming-en","17":"first","18":"instock","19":"taxable","20":"shipping-taxable","21":"purchasable","22":"product-type-variable"},"acf":[],"_links":{"self":[{"href":"https:\/\/www.naturmed.de\/en\/wp-json\/wp\/v2\/product\/39540","targetHints":{"allow":["GET"]}}],"collection":[{"href":"https:\/\/www.naturmed.de\/en\/wp-json\/wp\/v2\/product"}],"about":[{"href":"https:\/\/www.naturmed.de\/en\/wp-json\/wp\/v2\/types\/product"}],"replies":[{"embeddable":true,"href":"https:\/\/www.naturmed.de\/en\/wp-json\/wp\/v2\/comments?post=39540"}],"wp:featuredmedia":[{"embeddable":true,"href":"https:\/\/www.naturmed.de\/en\/wp-json\/wp\/v2\/media\/23312"}],"wp:attachment":[{"href":"https:\/\/www.naturmed.de\/en\/wp-json\/wp\/v2\/media?parent=39540"}],"wp:term":[{"taxonomy":"product_brand","embeddable":true,"href":"https:\/\/www.naturmed.de\/en\/wp-json\/wp\/v2\/product_brand?post=39540"},{"taxonomy":"product_cat","embeddable":true,"href":"https:\/\/www.naturmed.de\/en\/wp-json\/wp\/v2\/product_cat?post=39540"}],"curies":[{"name":"wp","href":"https:\/\/api.w.org\/{rel}","templated":true}]}}