{"id":39574,"date":"2018-02-12T16:24:53","date_gmt":"2018-02-12T15:24:53","guid":{"rendered":"https:\/\/www.naturmed.de\/produkt\/pediatricsday-2-ovarian-hyper-stimulation-syndrome-online-video-ayal-r-mendler-shefer-a-mcinyre-m\/"},"modified":"2019-11-25T10:47:52","modified_gmt":"2019-11-25T09:47:52","slug":"pediatricsday-2-ovarian-hyper-stimulation-syndrome-video-ayal-r-mendler-shefer-a-mcinyre-m","status":"publish","type":"product","link":"https:\/\/www.naturmed.de\/en\/product\/pediatricsday-2-ovarian-hyper-stimulation-syndrome-video-ayal-r-mendler-shefer-a-mcinyre-m\/","title":{"rendered":"Pediatrics Day 2 Ovarian Hyper Stimulation Syndrome (video)"},"content":{"rendered":"<p>Kinderheilkundetag (2. Teil) von dem 41. TCM Kongress 2010 in Rothenburg.<br \/>\nEin Vortrag von Sieglinde Wilz, Schulze, Yair Maimon.<\/p>\n<p>Keren Sela talks about infertility and infertility relation issues and TCM.<br \/>\nSabine Willms gives a lecture about: Embryology and gestation in classical chinese medicine.<br \/>\nCourse Outline:<br \/>\nClassical Chinese Cultural Context for Embryology: Philosophy: Confucianism and Daoism<br \/>\n-Cosmology: Qi, Yin Yang, Five Phases, Corre\u00f6ative Thinking<br \/>\n-The Female Body and Embryology<br \/>\nTextual Sources on Embryology:<br \/>\n-Mawangdui<br \/>\n-Bei ji qian jin yao fang<br \/>\n-Ishimpo<br \/>\nInterpretation, Questions, Clinical Application.<\/p>\n<p>Keren Sela aus Israel praktiziert neben der Praxis auch im Krankenhaus f\u00fcr Infertilit\u00e4t.<br \/>\nSela pr\u00e4sentiert Artikel aus dem Bereich Infertilit\u00e4t u.s.w., die sie zum Thema Infertilit\u00e4t\/Kr\u00e4uter\/TCM finden konnte und betrachtet sie aus medizinischer\/TCM-Sicht. Aufgezeigt werden Studien, die die Wirkungsweise der Kr\u00e4utergabe und TCM\u0096Behandlung mit Akupunktur zu den Themen Infertilit\u00e4t und deren Ergebnisse beobachtet und bewerten.<br \/>\nSabine Wilms zeigt in ihrem Vortrag den kulturellen Hintergrund, klassischen Kontext aus Sicht der chinesischen Medizin der Embryologie, Philosophie, Kosmologie, Ideen \u00fcber den weiblichen K\u00f6rper und drei Quellen der Embryologie.<\/p>\n<p>TCM-Kongress Rothenburg 2010, Video, 180 min., deutsch\/englisch.<\/p>\n","protected":false},"excerpt":{"rendered":"<p>Kinderheilkundetag auf dem 41. TCM Kongress 2010 in Rothenburg, Teil 2. Ein Vortrag mit Ayal \u00fcber TCM und Kinderwunschbehandlung, das Video hier anschauen.<\/p>\n","protected":false},"featured_media":23362,"comment_status":"closed","ping_status":"closed","template":"","meta":{"_acf_changed":false,"_relevanssi_hide_post":"","_relevanssi_hide_content":"","_relevanssi_pin_for_all":"","_relevanssi_pin_keywords":"","_relevanssi_unpin_keywords":"","_relevanssi_related_keywords":"","_relevanssi_related_include_ids":"","_relevanssi_related_exclude_ids":"","_relevanssi_related_no_append":"","_relevanssi_related_not_related":"","_relevanssi_related_posts":"","_relevanssi_noindex_reason":""},"product_brand":[],"product_cat":[18452,18458,29689,29680,29565,18404,29979],"class_list":{"0":"post-39574","1":"product","2":"type-product","3":"status-publish","4":"has-post-thumbnail","6":"book_author-ayal-r","7":"book_author-mcinyre-m-en","8":"book_author-mendler-shefer-a-en","9":"product_cat-clinical-practice-in-tcm","10":"product_cat-infertility","11":"product_cat-kinderwunsch-videos-en","12":"product_cat-tcm-behandlung-en","13":"product_cat-tcm-videos-en","14":"product_cat-tcmacupuncture-books","15":"product_cat-videos-tcm-kongress-en","16":"pa_videotyp-dvd-en","17":"pa_videotyp-streaming-en","19":"first","20":"instock","21":"taxable","22":"shipping-taxable","23":"purchasable","24":"product-type-variable"},"acf":[],"_links":{"self":[{"href":"https:\/\/www.naturmed.de\/en\/wp-json\/wp\/v2\/product\/39574","targetHints":{"allow":["GET"]}}],"collection":[{"href":"https:\/\/www.naturmed.de\/en\/wp-json\/wp\/v2\/product"}],"about":[{"href":"https:\/\/www.naturmed.de\/en\/wp-json\/wp\/v2\/types\/product"}],"replies":[{"embeddable":true,"href":"https:\/\/www.naturmed.de\/en\/wp-json\/wp\/v2\/comments?post=39574"}],"wp:featuredmedia":[{"embeddable":true,"href":"https:\/\/www.naturmed.de\/en\/wp-json\/wp\/v2\/media\/23362"}],"wp:attachment":[{"href":"https:\/\/www.naturmed.de\/en\/wp-json\/wp\/v2\/media?parent=39574"}],"wp:term":[{"taxonomy":"product_brand","embeddable":true,"href":"https:\/\/www.naturmed.de\/en\/wp-json\/wp\/v2\/product_brand?post=39574"},{"taxonomy":"product_cat","embeddable":true,"href":"https:\/\/www.naturmed.de\/en\/wp-json\/wp\/v2\/product_cat?post=39574"}],"curies":[{"name":"wp","href":"https:\/\/api.w.org\/{rel}","templated":true}]}}