{"id":39575,"date":"2019-04-03T15:27:56","date_gmt":"2019-04-03T13:27:56","guid":{"rendered":"https:\/\/www.naturmed.de\/produkt\/pediatrics-day-2-ovarian-hyper-stimulation-syndrome-dvd-ayal-r-mendler-shefer-a-mcinyre-m\/"},"modified":"2020-06-24T14:17:34","modified_gmt":"2020-06-24T12:17:34","slug":"pediatrics-day-2-ovarian-hyper-stimulation-syndrome-dvd-ayal-r-mendler-shefer-a-mcinyre-m","status":"publish","type":"product","link":"https:\/\/www.naturmed.de\/en\/product\/pediatrics-day-2-ovarian-hyper-stimulation-syndrome-dvd-ayal-r-mendler-shefer-a-mcinyre-m\/","title":{"rendered":"Pediatrics day 2 Ovarian Hyper Stimulation Syndrome (DVD)"},"content":{"rendered":"<p>Keren Sela gives a short lecture about infertility and infertility relation issues and TCM.<br \/>\nSabine Willms gives a lecture about: Embryology and gestation in classical chinese medicine<br \/>\nCourse Outline:<br \/>\nClassical Chinese Cultural Context for Embryology:<\/p>\n<ul>\n<li>Philosophy: Confucianism and Daoism<\/li>\n<li>Cosmology: Qi, Yin Yang, Five Phases, Corre\u00f6atove Thinking<\/li>\n<li>The Female Body and Embryology,<\/li>\n<\/ul>\n<p>Textual Sources on Embryology:<br \/>\n-Mawangdui<br \/>\n-Bei ji qian jin yao fang -Ishimpo.<br \/>\nInterpretation, Questions, Clinical Application.<\/p>\n<p>Keren Sela aus Israel praktiziert neben der Praxis auch im Krankenhaus f\u00fcr Infertilit\u00e4t.<br \/>\nSela pr\u00e4sentiert Artikel aus dem Bereich Infertilit\u00e4t u.s.w., die sie zum Thema Infertilit\u00e4t\/Kr\u00e4uter\/TCM finden konnte und betrachtet sie aus medizinischer\/TCM-Sicht.<br \/>\nAufgezeigt werden Studien, die die Wirkungsweise der Kr\u00e4utergabe und TCM \u2013Behandlung mit Akupunktur zu den Themen Infertilit\u00e4t und deren Ergebnisse beobachtet und bewerten.<br \/>\nSabine Wilms zeigt in ihrem Vortrag den kulturellen Hintergrund, klassischen Kontext aus Sicht der chinesischen Medizin der Embryologie, Philosophie, Kosmologie, Ideen \u00fcber den weiblichen K\u00f6rper und drei Quellen der Embryologie.<\/p>\n<p>TCM-Kongress Rothenburg 2010,<br \/>\nDVD, 180 min., englisch\/deutsch.<\/p>\n","protected":false},"excerpt":{"rendered":"<p>DVD \u00fcber TCM und Kinderwunschbehandlung auf dem TCM Kongress 2010 in Rothenburg. Bestellen Sie Ihre Fach-DVDs hier bei naturmed.<\/p>\n","protected":false},"featured_media":23836,"comment_status":"closed","ping_status":"closed","template":"","meta":{"_acf_changed":false,"_relevanssi_hide_post":"","_relevanssi_hide_content":"","_relevanssi_pin_for_all":"","_relevanssi_pin_keywords":"","_relevanssi_unpin_keywords":"","_relevanssi_related_keywords":"","_relevanssi_related_include_ids":"","_relevanssi_related_exclude_ids":"","_relevanssi_related_no_append":"","_relevanssi_related_not_related":"","_relevanssi_related_posts":"","_relevanssi_noindex_reason":""},"product_brand":[],"product_cat":[18452,18458,18404],"class_list":{"0":"post-39575","1":"product","2":"type-product","3":"status-publish","4":"has-post-thumbnail","6":"book_author-ayal-r","7":"book_author-mcinyre-m-en","8":"book_author-mendler-shefer-a-en","9":"product_cat-clinical-practice-in-tcm","10":"product_cat-infertility","11":"product_cat-tcmacupuncture-books","13":"first","14":"instock","15":"taxable","16":"shipping-taxable","17":"purchasable","18":"product-type-simple"},"acf":[],"_links":{"self":[{"href":"https:\/\/www.naturmed.de\/en\/wp-json\/wp\/v2\/product\/39575","targetHints":{"allow":["GET"]}}],"collection":[{"href":"https:\/\/www.naturmed.de\/en\/wp-json\/wp\/v2\/product"}],"about":[{"href":"https:\/\/www.naturmed.de\/en\/wp-json\/wp\/v2\/types\/product"}],"replies":[{"embeddable":true,"href":"https:\/\/www.naturmed.de\/en\/wp-json\/wp\/v2\/comments?post=39575"}],"wp:featuredmedia":[{"embeddable":true,"href":"https:\/\/www.naturmed.de\/en\/wp-json\/wp\/v2\/media\/23836"}],"wp:attachment":[{"href":"https:\/\/www.naturmed.de\/en\/wp-json\/wp\/v2\/media?parent=39575"}],"wp:term":[{"taxonomy":"product_brand","embeddable":true,"href":"https:\/\/www.naturmed.de\/en\/wp-json\/wp\/v2\/product_brand?post=39575"},{"taxonomy":"product_cat","embeddable":true,"href":"https:\/\/www.naturmed.de\/en\/wp-json\/wp\/v2\/product_cat?post=39575"}],"curies":[{"name":"wp","href":"https:\/\/api.w.org\/{rel}","templated":true}]}}