{"id":39667,"date":"2018-02-12T16:24:53","date_gmt":"2018-02-12T15:24:53","guid":{"rendered":"https:\/\/www.naturmed.de\/produkt\/stress-load-during-pregnancy-online-video-hartwig-i\/"},"modified":"2019-11-22T10:20:37","modified_gmt":"2019-11-22T09:20:37","slug":"stress-load-during-pregnancy-online-video-hartwig-i","status":"publish","type":"product","link":"https:\/\/www.naturmed.de\/en\/product\/stress-load-during-pregnancy-online-video-hartwig-i\/","title":{"rendered":"Stress load during pregnancy"},"content":{"rendered":"<p><span id=\"result_box\" class=\"\" lang=\"en\"><span class=\"\">Isabel Hartwig&#8217;s speech deals with stress during pregnancy.<\/span><br \/>\n<span class=\"\">Here she sheds light on why stress is relevant as a factor in pregnancy.<\/span> <span class=\"\">Hartwig describes studies on possible stressors such as episodic, daily, emotional and chronic, and discusses whether they can have an impact on pregnancy.<\/span><\/span><\/p>\n<p>Isabel Hartwig geht in ihrem Vortrag auf die Stressbelastung w\u00e4hrend der Schwangerschaft ein.<br \/>\nHierbei beleuchtet sie warum Stress als Faktor in der Schwangerschaft relevant ist. Hartwig beschreibt Studien zu m\u00f6glichen Stressoren wie episodische, t\u00e4gliche, emotionale sowie chronische und geht darauf ein, ob diese einen Einfluss auf die Schwangerschaft nehmen k\u00f6nnen.<\/p>\n<p>TCM Kongress Rothenburg 2013,<br \/>\nvideo, 31 min., deutsch\/englisch.<\/p>\n","protected":false},"excerpt":{"rendered":"<p>Isabel Hartwigs Vortrag auf dem TCM-Kongress Rothenburg 2013 \u00fcber die Stressbelastung w\u00e4hrend der Schwangerschaft. Hier Ihren Zugang sichern!<\/p>\n","protected":false},"featured_media":23377,"comment_status":"closed","ping_status":"closed","template":"","meta":{"_acf_changed":false,"_relevanssi_hide_post":"","_relevanssi_hide_content":"","_relevanssi_pin_for_all":"","_relevanssi_pin_keywords":"","_relevanssi_unpin_keywords":"","_relevanssi_related_keywords":"","_relevanssi_related_include_ids":"","_relevanssi_related_exclude_ids":"","_relevanssi_related_no_append":"","_relevanssi_related_not_related":"","_relevanssi_related_posts":"","_relevanssi_noindex_reason":""},"product_brand":[],"product_cat":[29682,18452,18455,29680,29565,18404,29979],"class_list":{"0":"post-39667","1":"product","2":"type-product","3":"status-publish","4":"has-post-thumbnail","6":"book_author-hartwig-i-en","7":"product_cat-burnout-stress-videos-en","8":"product_cat-clinical-practice-in-tcm","9":"product_cat-gynecology","10":"product_cat-tcm-behandlung-en","11":"product_cat-tcm-videos-en","12":"product_cat-tcmacupuncture-books","13":"product_cat-videos-tcm-kongress-en","14":"pa_videotyp-dvd-en","15":"pa_videotyp-streaming-en","17":"first","18":"instock","19":"taxable","20":"shipping-taxable","21":"purchasable","22":"product-type-variable"},"acf":[],"_links":{"self":[{"href":"https:\/\/www.naturmed.de\/en\/wp-json\/wp\/v2\/product\/39667","targetHints":{"allow":["GET"]}}],"collection":[{"href":"https:\/\/www.naturmed.de\/en\/wp-json\/wp\/v2\/product"}],"about":[{"href":"https:\/\/www.naturmed.de\/en\/wp-json\/wp\/v2\/types\/product"}],"replies":[{"embeddable":true,"href":"https:\/\/www.naturmed.de\/en\/wp-json\/wp\/v2\/comments?post=39667"}],"wp:featuredmedia":[{"embeddable":true,"href":"https:\/\/www.naturmed.de\/en\/wp-json\/wp\/v2\/media\/23377"}],"wp:attachment":[{"href":"https:\/\/www.naturmed.de\/en\/wp-json\/wp\/v2\/media?parent=39667"}],"wp:term":[{"taxonomy":"product_brand","embeddable":true,"href":"https:\/\/www.naturmed.de\/en\/wp-json\/wp\/v2\/product_brand?post=39667"},{"taxonomy":"product_cat","embeddable":true,"href":"https:\/\/www.naturmed.de\/en\/wp-json\/wp\/v2\/product_cat?post=39667"}],"curies":[{"name":"wp","href":"https:\/\/api.w.org\/{rel}","templated":true}]}}