{"id":39681,"date":"2020-10-20T14:29:54","date_gmt":"2020-10-20T12:29:54","guid":{"rendered":"https:\/\/www.naturmed.de\/produkt\/acupuncture-celestial-stems-terrestrial-branches-kervel-p-v\/"},"modified":"2023-11-22T10:40:51","modified_gmt":"2023-11-22T09:40:51","slug":"acupuncture-celestial-stems-terrestrial-branches-kervel-p-v","status":"publish","type":"product","link":"https:\/\/www.naturmed.de\/en\/product\/acupuncture-celestial-stems-terrestrial-branches-kervel-p-v\/","title":{"rendered":"Acupuncture Celestial Stems &#038; Terrestrial Branches"},"content":{"rendered":"<p>Acupuncture &#8211; Celestial Stems &amp; Terrestrial Branches by Peter C. van Kervel is a must for students, teachers and acupuncturists because it explains the basic concepts and treatment principles, as written in the Nei Jing, of acupuncture.<br \/>\nThis book is one of a series of books, which will introduce the acupuncture practitioner into the field and knowledge, of the Wu Yun Liu Qi acupuncture, as described in the Nei Jing Su Wen &amp; Ling Shu and Nan Jing. This way of acupuncture is known as Stems &amp; Branches.<br \/>\nThe books published are an introduction to Wu Yun Liu Qi acupuncture, in order to benefit practitioners and patients all over the world.<br \/>\nThis book will introduce the practitioner into the physiology and philosophical principles of the most anvient and original acupuncture.<br \/>\nThis philosophy and the practical application of acupuncture, will be explained extensively in this book.<\/p>\n<p>Prologue<br \/>\nIntroduction<br \/>\nChapter 1: Causes of Diseases<br \/>\nChapter 2: Development of Diseases<br \/>\nChapter 3: Channel Systems<br \/>\nChapter 4: Q\u00cc development in Pathology<br \/>\nChapter 5: Cancer<br \/>\nChapter 6: Treatment Principles<br \/>\nChapter 7: Treatment Strategies &amp; Treatment Plans<br \/>\nChapter 8: General Methods of Treatment<br \/>\nChapter 9: Methods of Treatment<br \/>\nChapter 10: Specific Methods of Treatment<br \/>\nChapter 11: Xiangsheng Q\u00cc \u0096 Preventative<br \/>\nChapter 12: Miscellaneous Groups of Points<br \/>\nChapter 13: MiscellaneousTechniques<br \/>\nChapter 14: Recapitulation Quantity &amp; Quality<br \/>\nChapter 15: Withdrawal of The Needles<br \/>\nChapter 16: Moxa<br \/>\nChapter 17: Forbidden Points<br \/>\nChapter 18: Diagnostic Areas &amp; Points<br \/>\nTerminology: Pin Yin &#8211; Chinese &#8211; English | English &#8211; Pin Yin &#8211; Chinese<br \/>\nIndex<\/p>\n<p>Content of the Book<\/p>\n<p>Chapter 1<br \/>\n| Q\u00ec | Yin | Y\u00e1ng |<br \/>\nInitially, there is only q\u00ec, universal q\u00ec. Q\u00ec is unique and undifferentiated, the source of anything in creation. Chinese medicine uses metaphorical principles to explain the different qualities and aspects of q\u00ec. There is a conceptual idea of pre-heavenly q\u00ec, connected to the ancestors and hereditary aspects. The process of creation is the moment of existence of q\u00ec. This omnipresent q\u00ec is the foundation of anything and all beings.<\/p>\n<p>Chapter 2<br \/>\n| Pre-Heaven Q\u00ec | Xian Tian Q\u00ec<br \/>\nQ\u00ec is rooted in heaven or pre-heaven, and reveals itself, as expressed within Chinese characters. Throughout history, the inner meaning of the different Chinese characters changed due to a changed opinion, political influences, or ordered by an emperor. The sources are the several translations of the N\u00e8i Jing and the work of modern sinologist, who write about Chinese history and the etymology of characters. This chapter tries to unravel the different types of q\u00ec connected to pre-heaven and to give an etymological introduction and explanation.<\/p>\n<p>Chapter 3<br \/>\n| Q\u00ec | Jing | Sh\u00e9n | San Bao<br \/>\nPart of the pre-heaven q\u00ec is the concept of the san bao, three treasures, q\u00ec \u0096 jing &#8211; sh\u00e9n. They deserve a chapter on their own, as one of the most important doctrines of Chinese medicine. Q\u00ec is the foundation of anything, jing \u0096 essence, is the essence that makes it possible for q\u00ec to be, while the sh\u00e9n \u0096 spirits, is the root of the different aspects of the five spirits, which are present in the human being.<\/p>\n<p>Chapter 4<br \/>\n| Q\u00ec | Li | Sh\u00f9 |<br \/>\nOne of the most ancient concepts and principles in Chinese medicine, is the trinity of q\u00ec, li, and sh\u00f9. On a most banal way, these terms could be translated as energy, laws, and numbers. From the unique oneness, the q\u00ec itself, there will be a development into the number two. The yin and y\u00e1ng way of expression of the initial q\u00ec, presents the number two. The q\u00ec, li and sh\u00f9 in itself, presents the number three, as does the trinity of treasures, san bao, from heaven. Yin and y\u00e1ng develop into potential and ultimate yin and y\u00e1ng, as representatives of the number four. These four original qualities of q\u00ec, are rooted within the centre and are the force behind the four emanations yu\u00e1n, heng, l\u00ec, and zhen, rooted in qi\u00e1n, to complete number five. From the number five it is a small step to reach the number ten, as five in a yin and y\u00e1ng phase there are the ten heavenly stems. Number five also develops into number six, the li\u00f9 q\u00ec, six q\u00ec. They form the foundation behind the six climates, six divisions, and the twelve earthly branches. Within all described above there are specific laws active, which is the li. Chapter 4 will present all of this.<\/p>\n<p>Chapter 5<br \/>\n| Q\u00ec | Heaven | Earth |<br \/>\nAfter an introduction of q\u00ec, li and sh\u00f9, the book continues to elaborate upon the concepts of heaven and earth, or pre-heaven and post-heaven. What is the relationship between them? How does the q\u00ec of heaven present itself on earth? Heaven is creating earth, as space is enhancing the flow of time. The concept of heaven is connected to space, as the concept of earth, or post-heaven, is connected to time. Space reveals itself initially into four corners, with a centre and a three dimensional aspect. The centre is the representation of the heaven and is called qi\u00e1n. From this centre, the q\u00ec is emanating into four directions. The four directions are dividing space, and are named the four emanations yu\u00e1n, heng, l\u00ec, and zhen. These four heavenly forces, emanating from the centre, are the source for the ten celestial stems. All of this belongs to the concept of space.<\/p>\n<p>Chapter 6<br \/>\n| T\u00e0i J\u00ed | Space | Qi\u00e1n | Yu\u00e1n | Heng | L\u00ec | Zhen<br \/>\nFrom the t\u00e0i j\u00ed, the great supreme, into four directions the universe expands. The four directions are the four emanations yu\u00e1n, heng, l\u00ec, and zhen. The centre, the representative of the t\u00e0i j\u00ed, is named qi\u00e1n. This gives a total of five initial forces or the five elements. They are the basis, the root for anything created in heaven and on earth. From each of those archetypes, all kinds of aspects are created in the macrocosm and microcosm. Those five Chinese archetypes, qi\u00e1n, yu\u00e1n, heng, l\u00ec, and zhen, are the first five characters of the oracle book Yi Jing \u0096 Book of Changes. Each of those five principles is responsible for many connected aspects, such as a direction, a colour, a season, a couple of organ, one of the five senses, etcetera. The manifestations of the four emanations, with its centre, create in a yin and y\u00e1ng way the ten celestial stems.<\/p>\n<p>Chapter 7<br \/>\n| Ten Celestial Stems | Sh\u00ed Tian Gan<br \/>\nIn this chapter, the ten celestial stems will be explained in detail. The etymology of the Chinese character of each of the ten stems, their inner meaning, relationship with nature and with the physical body, will be elaborated upon. The ten stems have a specific order, are connected as couples of stems, and last but not least, they have a mutual balancing relationship with one another.<\/p>\n<p>Chapter 8<br \/>\n| T\u00e0i J\u00ed |Time Qi\u00e1n | Yu\u00e1n | Heng | L\u00ec | Zhen<br \/>\nThis chapter returns to the basic concept of the four emanations, with its centre. In chapter 6, the existence of space was explained. The same initial concept of the four forces, will create time. Time in space initiated by movement and sequence. From the same four emanations, with its centre, it is possible to explain the order of the twelve terrestrial branches.<\/p>\n<p>Chapter 9<br \/>\n| Twelve Terrestrial Branches | \u00c8r D\u00ec Zhi<br \/>\nAfter the concept of time is brought to life in chapter 8, the twelve terrestrial branches will be explained in this chapter. The etymology of the Chinese characters of the twelve branches and their inner meaning, relationship with nature and organs, is explained. The earthly branches have a specific order, as complementary to the heavenly stems. Within the order of the earthly branches, there are many suborders, smaller cycles, and inner connections. The most important trait of the branches, is their connection with a specific q\u00ec of a season. This will make the physiological function of the organ, related to that branch, clearer.<\/p>\n<p>Chapter 10<br \/>\n| Universal Q\u00ec | Personal Q\u00ec<br \/>\nAs there is a stem and a branch of the year, there are also stems and branches of the month, day, and hour. These form the four pillars as a foundation for a being. In clinical practise, they are not used in the same way. How, and when they will be used, will be explained. The four pillars determine the personal and the universal q\u00ec. The personal q\u00ec is fixed, will not change for an individual person, while the universal q\u00ec changes constantly.<\/p>\n<p>Chapter 11<br \/>\n| Q\u00ec | Jing | Sh\u00e9n<br \/>\nIn chapter 3 the san bao, q\u00ec, jing, and sh\u00e9n, are introduced. This trinity is from pre-haven origin. The q\u00ec, jing, and sh\u00e9n, are going to function as couples in the post-heaven. Those couples are jing q\u00ec, jing sh\u00e9n, sh\u00e9n q\u00ec, and their function and role will be explained in this chapter. Furthermore, there will be a short introduction to the five spirits, sh\u00e9n, h\u00fan, p\u00f2, y\u00ec, and zh\u00ec. Two of those five spirits incarnate from heaven, two are connected to earth, and in the merging of these four spirits, exists number five, the y\u00ec.<\/p>\n<p>Chapter 12<br \/>\n| Post Heaven Q\u00ec | H\u00f2u Tian Q\u00ec<br \/>\nAs in chapter 2, the concept of pre-heaven is discussed, chapter 12 will elaborate on the post-heaven concept, with all the different types and qualities of q\u00ec. The pre-heavenly q\u00ec is going to function as post-heavenly q\u00ec. What connects between these two realms, are q\u00ec, jing, sh\u00e9n, presenting themselves as couples. There are different types of post-heavenly q\u00ec. All of them will be explained, the etymology will be clarified, as well as their role and function in the human being.<\/p>\n<p>Chapter 13<br \/>\n| Transformation of Shui and Gu into Q\u00ec<br \/>\nQ\u00ec needs to be maintained and is transformed out of food and drinks, in order to nourish men. The Chinese concept has its own way of explaining this process, while western physiology describes this process from another perspective. This chapter will present this process of digestion of food, from both perspectives, uniting the different views.<\/p>\n<p>Chapter 14<br \/>\n| Six Q\u00ec | Li\u00f9 Q\u00ec<br \/>\nThe heavenly stems are introduced in the beginning of the book, followed by the earthly branches. These are the heavenly and earthly part of the wu y\u00f9n li\u00f9 q\u00ec, while the actual wu y\u00f9n li\u00f9 q\u00ec are the li\u00f9 q\u00ec, the six types or qualities of q\u00ec, metaphorically presented as the six climates. This is a vast subject and a long chapter. This is followed in the next chapter (15) by the wu y\u00f9n aspect of the wu y\u00f9n li\u00f9 q\u00ec, or the five phases, better presented as the wu x\u00edng. The li\u00f9 q\u00ec has many aspects, and is a immense subject within the N\u00e8i Jing S\u00f9 W\u00e8n. All aspect will be discussed, presented in an ordered way, in a metaphorically order of the li\u00f9 q\u00ec of heaven, li\u00f9 q\u00ec of earth, and li\u00f9 q\u00ec of man.<\/p>\n<p>Chapter 15<br \/>\n| Five Transformation Phases | Wu X\u00edng<br \/>\nThe wu x\u00edng is the practical tool in the daily life of the clinic. With the use of the principles and rules of the wu x\u00edng, as explained in this chapter, the practitioner can influence the q\u00ec with acupuncture. As an introduction all the different five phases will be discussed. The etymology of the Chinese characters is a returning item in this book, so also for each of the five phases. Furthermore, their function within the body and mind will be explained. Last but not least, the two main principles functioning within the wu x\u00edng, the sheng \u0096 generating cycle, and the k\u00e8 action &#8211; controlling and harmonising action.<\/p>\n<p>Chapter 16<br \/>\n| Channel System | Jing Lu\u00f2 M\u00e0i<br \/>\nThis chapter will present the different channel systems, jing lu\u00f2 m\u00e0i, and all the different types of points.<br \/>\nThere are four channels systems, linked by the connective channel system. Each of the channel system is connected to one of the four emanations, while the connective channel system relates to the centre, qi\u00e1n. The channels systems are: jing jin tendo-muscular channels, jing m\u00e0i main channels, jing bi\u00e9 divergent channels, ba qi jing m\u00e0i eight extra ordinary channels, and lu\u00f2 m\u00e0i connective channels. Furthermore, twenty-two groups of points will be presented, and their function will be discussed.<\/p>\n<p>Chapter 17<br \/>\n| Chinese Calendar | R\u00ec L\u00ec<br \/>\nThis chapter will give an introduction to the Chinese calendar.<br \/>\nAll the charts, which show how to calculate the stem and branch of the year, month, day, and hour, are found. Most charts are valid until 2043, 2044 is the beginning of a new cycle of 60 years. A new edition of the book will be published then. This chapter is full of tables, dates of the beginning of the new moon from 1924 until 2043, and formulas as how to calculate for instance, the stem of the day. Those charts are undeniable a necessity for the clinic of the wu y\u00f9n li\u00f9 q\u00ec practitioner.<\/p>\n<p>Chapter 18<br \/>\n| Acupuncturist | Zhen Jiu Yi Shi |<br \/>\nThe last chapter discusses in a very thorough way, the complete process of a treatment with all the tools of the wu y\u00f9n li\u00f9 q\u00ec. There will be three different cases studied. The process begins with the interview and ends with analyzing the chart of the year and four pillars of the patient. Initially, the personal q\u00ec of the patient will be discussed, with all the strong and weak aspects of the constitution of the patient, and all the do\u0092s and don\u0092ts. From here, a treatment strategy will be planned. In each of these cases, there will be examples of treatments on different days, and on different hours of the day. Besides this, the same case, diagnosis, will be discussed, but with all the information of another person, born on another day, with different constitutional q\u00ec, and treated on different days and hours. This is the art of wu y\u00f9n li\u00f9 q\u00ec, how to treat a patient in a personal way.<\/p>\n","protected":false},"excerpt":{"rendered":"<p>Acupuncture Celestial Stems &amp; Terrestrial Branches by Peter C. van Kervel explains the basic concepts and treatment principles. Order it now from naturmed.<\/p>\n","protected":false},"featured_media":18341,"comment_status":"open","ping_status":"closed","template":"","meta":{"_acf_changed":false,"_relevanssi_hide_post":"","_relevanssi_hide_content":"","_relevanssi_pin_for_all":"","_relevanssi_pin_keywords":"","_relevanssi_unpin_keywords":"","_relevanssi_related_keywords":"","_relevanssi_related_include_ids":"","_relevanssi_related_exclude_ids":"","_relevanssi_related_no_append":"","_relevanssi_related_not_related":"","_relevanssi_related_posts":"","_relevanssi_noindex_reason":""},"product_brand":[],"product_cat":[18408,18411,31390,18404],"class_list":{"0":"post-39681","1":"product","2":"type-product","3":"status-publish","4":"has-post-thumbnail","6":"book_author-kervel-p-v-en","7":"product_cat-acupuncture-books","8":"product_cat-special-acupuncture-forms","9":"product_cat-stems-and-branches-books","10":"product_cat-tcmacupuncture-books","12":"first","13":"outofstock","14":"taxable","15":"shipping-taxable","16":"purchasable","17":"product-type-simple"},"acf":[],"_links":{"self":[{"href":"https:\/\/www.naturmed.de\/en\/wp-json\/wp\/v2\/product\/39681","targetHints":{"allow":["GET"]}}],"collection":[{"href":"https:\/\/www.naturmed.de\/en\/wp-json\/wp\/v2\/product"}],"about":[{"href":"https:\/\/www.naturmed.de\/en\/wp-json\/wp\/v2\/types\/product"}],"replies":[{"embeddable":true,"href":"https:\/\/www.naturmed.de\/en\/wp-json\/wp\/v2\/comments?post=39681"}],"wp:featuredmedia":[{"embeddable":true,"href":"https:\/\/www.naturmed.de\/en\/wp-json\/wp\/v2\/media\/18341"}],"wp:attachment":[{"href":"https:\/\/www.naturmed.de\/en\/wp-json\/wp\/v2\/media?parent=39681"}],"wp:term":[{"taxonomy":"product_brand","embeddable":true,"href":"https:\/\/www.naturmed.de\/en\/wp-json\/wp\/v2\/product_brand?post=39681"},{"taxonomy":"product_cat","embeddable":true,"href":"https:\/\/www.naturmed.de\/en\/wp-json\/wp\/v2\/product_cat?post=39681"}],"curies":[{"name":"wp","href":"https:\/\/api.w.org\/{rel}","templated":true}]}}