{"id":41374,"date":"2018-10-08T15:56:51","date_gmt":"2018-10-08T13:56:51","guid":{"rendered":"https:\/\/www.naturmed.de\/produkt\/temporomandibular-disorders-fernandez-de-las-penas-cesar-mesa-jimenez-juan\/"},"modified":"2025-11-13T13:36:52","modified_gmt":"2025-11-13T12:36:52","slug":"temporomandibular-disorders-fernandez-de-las-penas-cesar-mesa-jimenez-juan","status":"publish","type":"product","link":"https:\/\/www.naturmed.de\/en\/product\/temporomandibular-disorders-fernandez-de-las-penas-cesar-mesa-jimenez-juan\/","title":{"rendered":"Temporomandibular Disorders"},"content":{"rendered":"<p>An authoritative and comprehensive account of the assessment and conservative\u00a0management of temporomandibular disorders.\u00a0Recent emphasis has been on \u0091evidence-based practice\u0092 at the expense of the\u00a0clinical reality which should also take account of clinician expertise and patient preference.\u00a0A sound research base is not always available.<br \/>\nThis text addresses the clinical reality of having to make decisions using other sources\u00a0of knowledge in the absence of a comprehensive scientific rationale.\u00a0It advocates clinical and evidence-informed practice \u0096 an approach\u00a0which acknowledges the value of clinician experience and expertise as well as research findings.\u00a0Compiled and edited by two highly regarded and experienced practitioners,\u00a0researchers and authors who have already published many books and journal articles in the field.\u00a0With contributions from a mix of 28 internationally-based clinicians and clinician-researchers\u00a0allowing the text to highlight both current best evidence and clinicians\u0092 expertise and experience.\u00a0Contributors include talented young clinicians as well as established experts in orthopaedic physiotherapy and world-level expert researchers.<br \/>\nEdited by C\u00e9sar Fern\u00e1ndez-de-las-Pe\u00f1as and Juan Mesa-Jim\u00e9nez.<\/p>\n<p>Table of Contents:<br \/>\nForewords by Leon Chaitow, Thomas List and Jeffrey P. Okeson.<br \/>\nPART I: INTRODUCTION TO TEMPOROMANDIBULAR DISORDERS<br \/>\nChapter 1. Definition, aetiology, and epidemiology of Temporomandibular Disorders Richard Ohrbach<br \/>\nChapter 2. Classification of Temporomandibular Disorders Ambra Michelotti, Peter Svensson<br \/>\nChapter 3. Trigeminal Nociceptive Processing Brian Cairns<br \/>\nChapter 4. Neurophysiology of Temporomandibular Disorders Peter Svensson<br \/>\nChapter 5. Musculoskeletal referred pain to the craniofacial region Thomas Graven-Nielsen, C\u00e9sar Fern\u00e1ndez-de-las-Pe\u00f1as, Lars Arendt-Nielsen<br \/>\nChapter 6. Quantitative Sensory Testing in Temporomandibular Disorders C\u00e9sar Fern\u00e1ndez-de-las-Pe\u00f1as, Peter Svensson, Lars Arendt-Nielsen<br \/>\nPART II: EXAMINATION FOR TEMPOROMANDIBULAR DISORDERS<br \/>\nChapter 7. Clinical History of TMDs and Orofacial Pain Gary Heir, Jose L de-la-Hoz<br \/>\nChapter 8. Clinical Examination of the Temporomandibular Joint and Muscles in TMDs Mariano Rocabado, Juan Mesa-Jim\u00e9nez, C\u00e9sar Fern\u00e1ndez-de-las-Pe\u00f1as<br \/>\nChapter 9. Clinical Examination of the Cervical and Thoracic Spine in TMDs Bill Egan, Mike O\u0092Hara, Joe Girard, Joshua Cleland<br \/>\nPART III: MANUAL THERAPY FOR TEMPOROMANDIBULAR DISORDERS<br \/>\nChapter 10. Evidence-Based Approach of Manual Therapy in TMDs Susan Armijo-Olivo, Cristina Lozano, Ambra Michelotti, Laurent Pitance<br \/>\nChapter 11. Joint Mobilization and Manipulation Techniques in TMDs Juan Mesa-Jim\u00e9nez, C\u00e9sar Fern\u00e1ndez-de-las-Pe\u00f1as, Joshua Cleland<br \/>\nChapter 12. Manual Therapy for Myofascial Trigger Points in TMD C\u00e9sar Fern\u00e1ndez-de-las-Pe\u00f1as, Mar\u00eda Palacios-Ce\u00f1a<br \/>\nChapter 13. Myofascial Induction Approaches in TMD Disorders Andrzej Pilat, Eduardo Castro Mart\u00edn<br \/>\nChapter 14. Clinical Classification of Neuropathic Orofacial Pain and Assessment, Treatment of Cranial Nervous Tissue Harry Von Piekartz, Toby Hall<br \/>\nChapter 15. Therapeutic exercise, postural training and motor control in TMDs Susan Armijo-Olivo, Blanca Codina, Laurent Pitance, Ambra Michelotti<br \/>\nPART IV: OTHER INTERVENTIONS FOR TEMPOROMANDIBULAR DISORDERS<br \/>\nChapter 16. Dry needling for Myofascial Trigger Points in TMDs C\u00e9sar Fern\u00e1ndez-de-las-Pe\u00f1as, Juan Mesa-Jim\u00e9nez<br \/>\nChapter 17. Acupuncture in TMDs Tom Thayer, Mike Cummings<br \/>\nChapter 18. Treating the brain in TMDs Louie Puentedura, Harry Von Piekartz, Adrian Louw<br \/>\nChapter 19. Pain psychology, behavior, and the body. Richard Ohrbach, C\u00e9sar Fern\u00e1ndez-de-las-Pe\u00f1as.<\/p>\n<p>&nbsp;<\/p>\n","protected":false},"excerpt":{"rendered":"<p>This book offers an authoritative and comprehensive account of the assessment and conservative management of temporomandibular disorders. Available here.<\/p>\n","protected":false},"featured_media":34610,"comment_status":"closed","ping_status":"closed","template":"","meta":{"_acf_changed":false,"_relevanssi_hide_post":"","_relevanssi_hide_content":"","_relevanssi_pin_for_all":"","_relevanssi_pin_keywords":"","_relevanssi_unpin_keywords":"","_relevanssi_related_keywords":"","_relevanssi_related_include_ids":"","_relevanssi_related_exclude_ids":"","_relevanssi_related_no_append":"","_relevanssi_related_not_related":"","_relevanssi_related_posts":"","_relevanssi_noindex_reason":""},"product_brand":[],"product_cat":[18325,18322],"class_list":{"0":"post-41374","1":"product","2":"type-product","3":"status-publish","4":"has-post-thumbnail","6":"book_author-fernandez-de-las-penas-cesar-en","7":"book_author-mesa-jimenez-juan-en","8":"product_cat-chiropractic-s","9":"product_cat-manual-medicine","11":"first","12":"instock","13":"sale","14":"sold-individually","15":"taxable","16":"shipping-taxable","17":"purchasable","18":"product-type-simple"},"acf":[],"_links":{"self":[{"href":"https:\/\/www.naturmed.de\/en\/wp-json\/wp\/v2\/product\/41374","targetHints":{"allow":["GET"]}}],"collection":[{"href":"https:\/\/www.naturmed.de\/en\/wp-json\/wp\/v2\/product"}],"about":[{"href":"https:\/\/www.naturmed.de\/en\/wp-json\/wp\/v2\/types\/product"}],"replies":[{"embeddable":true,"href":"https:\/\/www.naturmed.de\/en\/wp-json\/wp\/v2\/comments?post=41374"}],"wp:featuredmedia":[{"embeddable":true,"href":"https:\/\/www.naturmed.de\/en\/wp-json\/wp\/v2\/media\/34610"}],"wp:attachment":[{"href":"https:\/\/www.naturmed.de\/en\/wp-json\/wp\/v2\/media?parent=41374"}],"wp:term":[{"taxonomy":"product_brand","embeddable":true,"href":"https:\/\/www.naturmed.de\/en\/wp-json\/wp\/v2\/product_brand?post=41374"},{"taxonomy":"product_cat","embeddable":true,"href":"https:\/\/www.naturmed.de\/en\/wp-json\/wp\/v2\/product_cat?post=41374"}],"curies":[{"name":"wp","href":"https:\/\/api.w.org\/{rel}","templated":true}]}}