{"id":41860,"date":"2018-10-19T11:21:20","date_gmt":"2018-10-19T09:21:20","guid":{"rendered":"https:\/\/www.naturmed.de\/produkt\/nie-mehr-parodontose-und-karies-adams-case\/"},"modified":"2020-06-25T14:55:35","modified_gmt":"2020-06-25T12:55:35","slug":"nie-mehr-parodontose-und-karies-adams-case","status":"publish","type":"product","link":"https:\/\/www.naturmed.de\/en\/product\/nie-mehr-parodontose-und-karies-adams-case\/","title":{"rendered":"Nie mehr Parodontose und Karies!"},"content":{"rendered":"<p>Karies und Zahnfleischerkrankungen wie Parodontose geh\u00f6ren zu den weltweit h\u00e4ufigsten Infektionen beim Menschen. Das hat oft weitreichende Folgen, denn sogar Herzinfarkte und weitere Herz-Kreislauf-Erkrankungen k\u00f6nnen durch Infektionen im Mundraum ausgel\u00f6st werden.<br \/>\nDoch selbst der stete Gebrauch von antibakteriellem Mundwasser und Zahnpasta sowie Zahnseide kann diese Infektionen h\u00e4ufig nicht verhindern.<br \/>\nDer Grund: Sie bek\u00e4mpfen lediglich die Symptome und zerst\u00f6ren schlechte wie gute Bakterien gleicherma\u00dfen.<br \/>\nJeder Mund ist dicht besiedelt von Bakterien, Pilzen und Viren &#8211; sch\u00e4dlichen Mikroorganismen, die Z\u00e4hne und Zahnfleisch angreifen und st\u00e4ndig neu infizieren. Aber es gibt auch gute, gesundheitsf\u00f6rdernde Bakterien, die sch\u00fctzend im Mundraum wirken. Studien haben gezeigt, dass sogenannte Probiotika bereits im Mund ihre Wirksamkeit entfalten k\u00f6nnen und nicht nur im Darm, wie bislang angenommen.<br \/>\nIm Mundraum verdr\u00e4ngen sie sch\u00e4dliche Mikroorganismen und verhindern so Zahnverfall, Karies, Parodontose sowie Zahnfleisch- und Atemwegsinfektionen. In seinem wegweisenden Buch erkl\u00e4rt Case Adams, wie Probiotika wirken und wie wir mit der gezielten Aufnahme guter Bakterien die sch\u00e4dliche gleichsam neutralisieren k\u00f6nnen. Zahnverfall und Zahnfleischerkrankungen werden urs\u00e4chlich und dauerhaft bek\u00e4mpft &#8211;<br \/>\ndadurch wird die Entstehung neuer Infektionsherde wirksam verhindert. Ein unverzichtbarer Ratgeber f\u00fcr alle, die Infektionen vorbeugen und ihr Immunsystem st\u00e4rken wollen. Fachlich gehaltvoll und dennoch allgemeinverst\u00e4ndlich geschrieben, ist er f\u00fcr Betroffene wie Therapeuten gleicherma\u00dfen geeignet.<\/p>\n","protected":false},"excerpt":{"rendered":"<p>Heilpraktiker Case Adams erkl\u00e4rt hier, wie Probiotika wirken und wie wir mit der gezielten Aufnahme guter Bakterien die sch\u00e4dliche gleichsam neutralisieren k\u00f6nnen. Direkt bei naturmed Fachbuchvertrieb bestellen!<\/p>\n","protected":false},"featured_media":34472,"comment_status":"closed","ping_status":"closed","template":"","meta":{"_acf_changed":false,"_relevanssi_hide_post":"","_relevanssi_hide_content":"","_relevanssi_pin_for_all":"","_relevanssi_pin_keywords":"","_relevanssi_unpin_keywords":"","_relevanssi_related_keywords":"","_relevanssi_related_include_ids":"","_relevanssi_related_exclude_ids":"","_relevanssi_related_no_append":"","_relevanssi_related_not_related":"","_relevanssi_related_posts":"","_relevanssi_noindex_reason":""},"product_brand":[],"product_cat":[18339,18382,18395],"class_list":{"0":"post-41860","1":"product","2":"type-product","3":"status-publish","4":"has-post-thumbnail","6":"book_author-adams-case","7":"product_cat-naturheilverfahren-en","8":"product_cat-therapien-en","9":"product_cat-zahnmedizin-alternativ-therapien-en","11":"first","12":"instock","13":"taxable","14":"shipping-taxable","15":"purchasable","16":"product-type-simple"},"acf":[],"_links":{"self":[{"href":"https:\/\/www.naturmed.de\/en\/wp-json\/wp\/v2\/product\/41860","targetHints":{"allow":["GET"]}}],"collection":[{"href":"https:\/\/www.naturmed.de\/en\/wp-json\/wp\/v2\/product"}],"about":[{"href":"https:\/\/www.naturmed.de\/en\/wp-json\/wp\/v2\/types\/product"}],"replies":[{"embeddable":true,"href":"https:\/\/www.naturmed.de\/en\/wp-json\/wp\/v2\/comments?post=41860"}],"wp:featuredmedia":[{"embeddable":true,"href":"https:\/\/www.naturmed.de\/en\/wp-json\/wp\/v2\/media\/34472"}],"wp:attachment":[{"href":"https:\/\/www.naturmed.de\/en\/wp-json\/wp\/v2\/media?parent=41860"}],"wp:term":[{"taxonomy":"product_brand","embeddable":true,"href":"https:\/\/www.naturmed.de\/en\/wp-json\/wp\/v2\/product_brand?post=41860"},{"taxonomy":"product_cat","embeddable":true,"href":"https:\/\/www.naturmed.de\/en\/wp-json\/wp\/v2\/product_cat?post=41860"}],"curies":[{"name":"wp","href":"https:\/\/api.w.org\/{rel}","templated":true}]}}