{"id":47689,"date":"2018-02-12T16:24:53","date_gmt":"2018-02-12T15:24:53","guid":{"rendered":"https:\/\/www.naturmed.de\/produkt\/fertility-symposium-2-2010-afternoon-online-video-sulistyo-f-mcinyre-m-tiberi-a\/"},"modified":"2019-11-25T12:40:20","modified_gmt":"2019-11-25T11:40:20","slug":"fertility-symposium-2-2010-afternoon-online-video-sulistyo-f-mcinyre-m-tiberi-a","status":"publish","type":"product","link":"https:\/\/www.naturmed.de\/en\/product\/fertility-symposium-2-2010-afternoon-online-video-sulistyo-f-mcinyre-m-tiberi-a\/","title":{"rendered":"Fertility-Symposium 2 (2010) &#8211; Afternoon (video)"},"content":{"rendered":"<p>Der 2. Teil des Videos von dem Fertilit\u00e4ts-Symposium beinhaltet Vortr\u00e4ge aus der Reproduktionspraxis (IVF) von drei Referenten.<br \/>\nFransiscus Sulistyo zeigt die Kinderwunschbehandlung anhand verschiedener Patientenbeispiele, Analysen, Behandlungsstrategien, Diskussionen, Vergleiche von Ergebnissen verschiedener eigener Studien in der Reproduktionsmedizin. Er fasst h\u00e4ufig auftretende klinische Symptomgruppen zusammen und bespricht deren Syndromdiagnose, Pathomechnismen und deren Behandlungsstrategien.<br \/>\nDanach spricht Alex Tiberi \u00fcber verschiedene Infertilit\u00e4tsprobleme mit immun-vermittelten Problematiken an kronketen Beispielen und chinesischen Rezepturen mit chinesischen Kr\u00e4utern.<br \/>\nAnschlie\u00dfend berichtet Michael McIntyre von drei Patienten. Er beschreibt verschiedene konkrete chinesische Kr\u00e4uter und deren Wirkung in Bezug auf Fertilit\u00e4t.<\/p>\n","protected":false},"excerpt":{"rendered":"<p>Der 2. Teil des Videos von dem Fertilit\u00e4ts-Symposium beinhaltet Vortr\u00e4ge aus der Reproduktionspraxis (IVF) von drei Referenten. Jetzt bei naturmed bestellen.<\/p>\n","protected":false},"featured_media":23358,"comment_status":"closed","ping_status":"closed","template":"","meta":{"_acf_changed":false,"_relevanssi_hide_post":"","_relevanssi_hide_content":"","_relevanssi_pin_for_all":"","_relevanssi_pin_keywords":"","_relevanssi_unpin_keywords":"","_relevanssi_related_keywords":"","_relevanssi_related_include_ids":"","_relevanssi_related_exclude_ids":"","_relevanssi_related_no_append":"","_relevanssi_related_not_related":"","_relevanssi_related_posts":"","_relevanssi_noindex_reason":""},"product_brand":[],"product_cat":[18452,18458,29689,29680,29565,18404,29979],"class_list":{"0":"post-47689","1":"product","2":"type-product","3":"status-publish","4":"has-post-thumbnail","6":"book_author-mcinyre-m-en","7":"book_author-sulistyo-f-en","8":"book_author-tiberi-a-en","9":"product_cat-clinical-practice-in-tcm","10":"product_cat-infertility","11":"product_cat-kinderwunsch-videos-en","12":"product_cat-tcm-behandlung-en","13":"product_cat-tcm-videos-en","14":"product_cat-tcmacupuncture-books","15":"product_cat-videos-tcm-kongress-en","16":"pa_videotyp-dvd-en","17":"pa_videotyp-streaming-en","19":"first","20":"instock","21":"taxable","22":"shipping-taxable","23":"purchasable","24":"product-type-variable"},"acf":[],"_links":{"self":[{"href":"https:\/\/www.naturmed.de\/en\/wp-json\/wp\/v2\/product\/47689","targetHints":{"allow":["GET"]}}],"collection":[{"href":"https:\/\/www.naturmed.de\/en\/wp-json\/wp\/v2\/product"}],"about":[{"href":"https:\/\/www.naturmed.de\/en\/wp-json\/wp\/v2\/types\/product"}],"replies":[{"embeddable":true,"href":"https:\/\/www.naturmed.de\/en\/wp-json\/wp\/v2\/comments?post=47689"}],"wp:featuredmedia":[{"embeddable":true,"href":"https:\/\/www.naturmed.de\/en\/wp-json\/wp\/v2\/media\/23358"}],"wp:attachment":[{"href":"https:\/\/www.naturmed.de\/en\/wp-json\/wp\/v2\/media?parent=47689"}],"wp:term":[{"taxonomy":"product_brand","embeddable":true,"href":"https:\/\/www.naturmed.de\/en\/wp-json\/wp\/v2\/product_brand?post=47689"},{"taxonomy":"product_cat","embeddable":true,"href":"https:\/\/www.naturmed.de\/en\/wp-json\/wp\/v2\/product_cat?post=47689"}],"curies":[{"name":"wp","href":"https:\/\/api.w.org\/{rel}","templated":true}]}}