{"id":47835,"date":"2019-01-23T16:17:35","date_gmt":"2019-01-23T15:17:35","guid":{"rendered":"https:\/\/www.naturmed.de\/produkt\/faszientraining-in-der-physiotherapie-bartrow-k\/"},"modified":"2024-07-24T12:57:27","modified_gmt":"2024-07-24T10:57:27","slug":"faszientraining-in-der-physiotherapie-bartrow-k","status":"publish","type":"product","link":"https:\/\/www.naturmed.de\/en\/product\/faszientraining-in-der-physiotherapie-bartrow-k\/","title":{"rendered":"Funktionelles Faszientraining in der Physiotherapie"},"content":{"rendered":"<p>Dieses praxisorientierte Lehrbuch vermittelt Sch\u00fclern und Studierenden der Physiotherapie und Berufseinsteigern das essentielle Handwerkszeug f\u00fcr die physiotherapeutische Untersuchung als Grundlage f\u00fcr eine erfolgversprechende Therapie. Praktisches Vorgehen, Untersuchungs- und Testverfahren, Befundinterpretation, Dokumentation, sowie kompaktes Hintergrundwissen werden strukturiert und verst\u00e4ndlich erl\u00e4utert. F\u00fcr jeden Untersuchungsschritt wird das Vorgehen anhand ausf\u00fchrlicher Patientenbeispiele und mit zahlreichen Abbildungen veranschaulicht.<br \/>\nPlus: Zusatzmaterialien zum Download<br \/>\nNeu in der 3. Auflage: typische Fallbeispiele zur Veranschaulichung des Clinical Reasoning Prozesses, erweiterte Hinweise zur Dokumentation von Befundergebnissen, zus\u00e4tzliche Informationen zum Flaggensystem in der Physiotherapie F\u00fcr Ausbildung, Studium, Berufsstart und f\u00fcr erfahrene Therapeuten, die ihr Praxiswissen auffrischen wollen.<\/p>\n","protected":false},"excerpt":{"rendered":"<p>Lernen Sie unterschiedliche Varianten kennen, Frontline, Backline, Spirallinie, Laterallinie und die verschiedenen Linien an Armen und Beinen zu mobilisieren und zu tonisieren und erfahren Sie, wie sogenannte Rollouts an den einzelnen K\u00f6rperbereichen durchzuarbeiten sind. Jetzt hier auf naturmed bestellen.<\/p>\n","protected":false},"featured_media":47834,"comment_status":"closed","ping_status":"closed","template":"","meta":{"_acf_changed":false,"_relevanssi_hide_post":"","_relevanssi_hide_content":"","_relevanssi_pin_for_all":"","_relevanssi_pin_keywords":"","_relevanssi_unpin_keywords":"","_relevanssi_related_keywords":"","_relevanssi_related_include_ids":"","_relevanssi_related_exclude_ids":"","_relevanssi_related_no_append":"","_relevanssi_related_not_related":"","_relevanssi_related_posts":"","_relevanssi_noindex_reason":""},"product_brand":[],"product_cat":[18317,18808,18806,18772],"class_list":{"0":"post-47835","1":"product","2":"type-product","3":"status-publish","4":"has-post-thumbnail","6":"book_author-bartrow-k","7":"product_cat-faszien-buecher-osteopathie-manuelle-therapie-buecher-en","8":"product_cat-faszien-training-fitness-und-sport-en","9":"product_cat-fitness-und-sport-en","10":"product_cat-patientenratgeber-en","12":"first","13":"instock","14":"taxable","15":"shipping-taxable","16":"purchasable","17":"product-type-simple"},"acf":[],"_links":{"self":[{"href":"https:\/\/www.naturmed.de\/en\/wp-json\/wp\/v2\/product\/47835","targetHints":{"allow":["GET"]}}],"collection":[{"href":"https:\/\/www.naturmed.de\/en\/wp-json\/wp\/v2\/product"}],"about":[{"href":"https:\/\/www.naturmed.de\/en\/wp-json\/wp\/v2\/types\/product"}],"replies":[{"embeddable":true,"href":"https:\/\/www.naturmed.de\/en\/wp-json\/wp\/v2\/comments?post=47835"}],"wp:featuredmedia":[{"embeddable":true,"href":"https:\/\/www.naturmed.de\/en\/wp-json\/wp\/v2\/media\/47834"}],"wp:attachment":[{"href":"https:\/\/www.naturmed.de\/en\/wp-json\/wp\/v2\/media?parent=47835"}],"wp:term":[{"taxonomy":"product_brand","embeddable":true,"href":"https:\/\/www.naturmed.de\/en\/wp-json\/wp\/v2\/product_brand?post=47835"},{"taxonomy":"product_cat","embeddable":true,"href":"https:\/\/www.naturmed.de\/en\/wp-json\/wp\/v2\/product_cat?post=47835"}],"curies":[{"name":"wp","href":"https:\/\/api.w.org\/{rel}","templated":true}]}}