{"id":48689,"date":"2019-07-03T07:31:33","date_gmt":"2019-07-03T05:31:33","guid":{"rendered":"https:\/\/www.naturmed.de\/produkt\/das-zusammenspiel-von-yang-und-yin-in-den-12-erdenzweigen-di-zhi-schuemer-a\/"},"modified":"2025-05-06T11:39:05","modified_gmt":"2025-05-06T09:39:05","slug":"das-zusammenspiel-von-yang-und-yin-in-den-12-erdenzweigen-di-zhi-schuemer-a","status":"publish","type":"product","link":"https:\/\/www.naturmed.de\/en\/product\/das-zusammenspiel-von-yang-und-yin-in-den-12-erdenzweigen-di-zhi-schuemer-a\/","title":{"rendered":"Das Zusammenspiel von Yang und Yin in den 12 Erdenzweigen Tian Gan Di Zhi (Video)"},"content":{"rendered":"<h3><strong>Das Zusammenspiel von Yang und Yin in den 12 Erdenzweigen Di Zhi<\/strong><\/h3>\n<h3>Akupunktur und die Philosophie der Himmelsst\u00e4mme und Erdenzweige Tian Gan Di Zhi<\/h3>\n<p>Die Ebene der Erdenzweige (Di Zhi) beschreibt die Elemente auf der Ebene der Zeit und des zyklischen Wandels. Die Erdenzweige sind die Grundlage f\u00fcr die Organuhr und die Energetik der Jahreszeiten.<\/p>\n<p>Die Erde kreist innerhalb eines Jahres um die Sonne, unterteilt in die 12 lunaren Monate. Sie dreht sich zudem innerhalb eines Tages um sich selbst, wodurch die 12 Doppelstunden der Organuhr entstehen. Beides wird repr\u00e4sentiert durch die 12 Zweige Di Zhi.<\/p>\n<p>Im zeitlichen Verlauf flie\u00dft die Energie also in der Reihenfolge der Erdenzweige und so sind sie auch verkn\u00fcpft mit der Qi Zirkulation in den Meridianen. Die Energie flie\u00dft in der Reihenfolge der Erdenzweige mit ihren zugeh\u00f6rigen Meridianen durch das Meridiansystem ( Gallenblase, Leber, Lunge\u2026).<\/p>\n<p>Das Anwachsen des Yang durch den Zyklus der ersten sechs Erdenzweige und das Wachsen des Yin in den zweiten sechs Erdenzweigen wird widergespiegelt in den 12 Fluthexagrammen, welche den Erdenzweigen zugeordnet sind. Durch die Betrachtung der Fluthexagramme k\u00f6nnen wir besser verstehen, wie aus der Beziehung von Yin und Yang die F\u00e4higkeiten von \u00d6ffnen und Schlie\u00dfen, Ausdehnung und Kontraktion, Steigen und Sinken entstehen.<\/p>\n<p>Die Betrachtung der Monatshexagramme ebenso wie der Schriftzeichen der einzelnen Erdenzweige hilft uns, unser Verst\u00e4ndnis der Energetik jedes einzelnen Schrittes durch den Jahres-und Tagesverlauf zu vertiefen. So entsteht ein vielschichtiges Bild der energetischen Qualit\u00e4ten des Energieflusses durch die Zyklen der Zeit und deren Einfluss auf die Konstitution eines Menschen. Es wird zudem die energetische Grundlage der\u00a0chinesischen Tierkreiszeichen deutlich, welche insbesondere eng mit unseren emotionalen Ressourcen verbunden sind und ebenfalls auf der Systematik der Erdenzweige beruhen.<\/p>\n<p>Die bekannteste Anwendung der Erdenzweige ist die Mittag-Mitternachtsregel: die balancierende Behandlung auf der Ebene der Erdenzweige. Der Ausgleich der gegen\u00fcberliegenden Erdenzweige mit ihrer entgegengesetzten Energiebewegung bringt uns in Kontakt mit unserem urspr\u00fcnglichen Shen (Yuan Shen) im Herzen. Hier findet die innere Begegnung und Harmonisierung von Yin und Yang statt und f\u00fchrt zu der M\u00f6glichkeit, auch schwere Erkrankungen zu zerstreuen.<\/p>\n<p>Der Chinesische Kalender ist durch die 10 Himmelsst\u00e4mme (Tian Gan), 12 Erdenzweige (Di Zhi) und Sechs Schichten (Liu Qi) strukturiert. Der Kalender ist dabei ein Vehikel, um die Verbindung von Himmel, Mensch und Erde zu beschreiben. Die Himmelsst\u00e4mme und Erdenzweige repr\u00e4sentieren also auch energetische Ebenen im Menschen. Die Erdenzweige beschreiben dabei insbesondere die Energetik der zeitlichen Zyklen in uns. Die Teilnehmer des Kurses lernen, dies in konkrete Akupunkturrezepte umzusetzen. So entstehen neue Behandlungsoptionen, welche st\u00e4rker an der individuellen Konstitution und Krankheitsdynamik des Patienten ausgerichtet sind und die Verbindung des Menschen zu Himmel und Erde f\u00fcr eine tiefgreifende Behandlung nutzen.<\/p>\n","protected":false},"excerpt":{"rendered":"<p>Seminar von A. Sch\u00fcmer \u00fcber Yang und Ying in den 12 Erdenzweigen. Die Ebene der Erdarme (Di Zhi) beschreibt die Elemente in der Ebene der Zeit und der zyklischen Ver\u00e4nderung. Video jetzt bei naturmed bestellen.<\/p>\n","protected":false},"featured_media":50203,"comment_status":"open","ping_status":"closed","template":"","meta":{"_acf_changed":false,"_relevanssi_hide_post":"","_relevanssi_hide_content":"","_relevanssi_pin_for_all":"","_relevanssi_pin_keywords":"","_relevanssi_unpin_keywords":"","_relevanssi_related_keywords":"","_relevanssi_related_include_ids":"","_relevanssi_related_exclude_ids":"","_relevanssi_related_no_append":"","_relevanssi_related_not_related":"","_relevanssi_related_posts":"","_relevanssi_noindex_reason":""},"product_brand":[],"product_cat":[18408,29659,29670,30370,30714,18446,31390,30366,29565,18404,29979],"class_list":{"0":"post-48689","1":"product","2":"type-product","3":"status-publish","4":"has-post-thumbnail","6":"book_author-schuemer-a","7":"product_cat-acupuncture-books","8":"product_cat-akupunktur-videos-tcm-videos-en","9":"product_cat-akupunkturtechnik-videos-en","10":"product_cat-buecher-der-referenten-en","11":"product_cat-buecher-zum-kongress-en","12":"product_cat-organuhr-en","13":"product_cat-stems-and-branches-books","14":"product_cat-tcm-congress-rothenburg-en","15":"product_cat-tcm-videos-en","16":"product_cat-tcmacupuncture-books","17":"product_cat-videos-tcm-kongress-en","18":"pa_videotyp-dvd-en","19":"pa_videotyp-streaming-en","21":"first","22":"instock","23":"taxable","24":"shipping-taxable","25":"purchasable","26":"product-type-variable"},"acf":[],"_links":{"self":[{"href":"https:\/\/www.naturmed.de\/en\/wp-json\/wp\/v2\/product\/48689","targetHints":{"allow":["GET"]}}],"collection":[{"href":"https:\/\/www.naturmed.de\/en\/wp-json\/wp\/v2\/product"}],"about":[{"href":"https:\/\/www.naturmed.de\/en\/wp-json\/wp\/v2\/types\/product"}],"replies":[{"embeddable":true,"href":"https:\/\/www.naturmed.de\/en\/wp-json\/wp\/v2\/comments?post=48689"}],"wp:featuredmedia":[{"embeddable":true,"href":"https:\/\/www.naturmed.de\/en\/wp-json\/wp\/v2\/media\/50203"}],"wp:attachment":[{"href":"https:\/\/www.naturmed.de\/en\/wp-json\/wp\/v2\/media?parent=48689"}],"wp:term":[{"taxonomy":"product_brand","embeddable":true,"href":"https:\/\/www.naturmed.de\/en\/wp-json\/wp\/v2\/product_brand?post=48689"},{"taxonomy":"product_cat","embeddable":true,"href":"https:\/\/www.naturmed.de\/en\/wp-json\/wp\/v2\/product_cat?post=48689"}],"curies":[{"name":"wp","href":"https:\/\/api.w.org\/{rel}","templated":true}]}}