{"id":51459,"date":"2018-02-12T16:25:28","date_gmt":"2018-02-12T15:25:28","guid":{"rendered":"https:\/\/www.naturmed.de\/produkt\/cosmic-orbit-qigong-online-video-zhongxian-wu-master-wu\/"},"modified":"2024-11-11T16:05:34","modified_gmt":"2024-11-11T15:05:34","slug":"cosmic-orbit-qigong-online-video-zhongxian-wu-master-wu","status":"publish","type":"product","link":"https:\/\/www.naturmed.de\/en\/product\/cosmic-orbit-qigong-online-video-zhongxian-wu-master-wu\/","title":{"rendered":"Cosmic Orbit Qigong"},"content":{"rendered":"<h2>Cosmic Orbit Qigongby Master\u00a0<i><\/i> Zhongyian Wu<\/h2>\n<p>Zhongxian Wu emphasizes that Qigong is not an additional part of the Chinese Medicine, but the root of the Chinese Medicine. Our body have to understand the five elements and the yin and yang theory, not our mind. Wu is explaining that everything consist of the dao. So it is very important to rely on our body centre and to experience the energy from the root of our body, otherwise we get very empty of our energy.<\/p>\n<h2>Kosmischer Orbit des Qigongs <i><\/i> Zhongxian Wu<\/h2>\n<p>Zhongxian Wu erl\u00e4utert, dass das Qigong nicht nur einem zus\u00e4tzlichen Teil, sondern der Wurzel der Chinesischen Medizin entspricht. Unser K\u00f6rper muss die F\u00fcnf Elemente Lehre und die Yin- und Yang-Theorie verstehen und nicht unser Geist. Wu erkl\u00e4rt, dass alles aus dem Dao heraus existiert. Deshalb ist es sehr wichtig, dass wir uns auf unser K\u00f6rperzentrum verlassen, um die Energie aus der K\u00f6rperwurzel zu erfahren. Anderenfalls werden wir sehr schnell keine Energie mehr zur Verf\u00fcgung haben.<\/p>\n","protected":false},"excerpt":{"rendered":"<p>Zhongxian Wu emphasizes that Qigong is not an additional part of the Chinese Medicine, but the root of the Chinese Medicine. Order your video here.<\/p>\n","protected":false},"featured_media":23542,"comment_status":"closed","ping_status":"closed","template":"","meta":{"_acf_changed":false,"_relevanssi_hide_post":"","_relevanssi_hide_content":"","_relevanssi_pin_for_all":"","_relevanssi_pin_keywords":"","_relevanssi_unpin_keywords":"","_relevanssi_related_keywords":"","_relevanssi_related_include_ids":"","_relevanssi_related_exclude_ids":"","_relevanssi_related_no_append":"","_relevanssi_related_not_related":"","_relevanssi_related_posts":"","_relevanssi_noindex_reason":""},"product_brand":[],"product_cat":[18465,18467,29677,29565,18404],"class_list":{"0":"post-51459","1":"product","2":"type-product","3":"status-publish","4":"has-post-thumbnail","6":"book_author-zhongxian-wu-master-wu-en","7":"product_cat-qi-gong-taichi","8":"product_cat-qigong-forms","9":"product_cat-qigong-videos-en","10":"product_cat-tcm-videos-en","11":"product_cat-tcmacupuncture-books","12":"pa_videotyp-dvd-en","13":"pa_videotyp-streaming-en","15":"first","16":"instock","17":"taxable","18":"shipping-taxable","19":"purchasable","20":"product-type-variable"},"acf":[],"_links":{"self":[{"href":"https:\/\/www.naturmed.de\/en\/wp-json\/wp\/v2\/product\/51459","targetHints":{"allow":["GET"]}}],"collection":[{"href":"https:\/\/www.naturmed.de\/en\/wp-json\/wp\/v2\/product"}],"about":[{"href":"https:\/\/www.naturmed.de\/en\/wp-json\/wp\/v2\/types\/product"}],"replies":[{"embeddable":true,"href":"https:\/\/www.naturmed.de\/en\/wp-json\/wp\/v2\/comments?post=51459"}],"wp:featuredmedia":[{"embeddable":true,"href":"https:\/\/www.naturmed.de\/en\/wp-json\/wp\/v2\/media\/23542"}],"wp:attachment":[{"href":"https:\/\/www.naturmed.de\/en\/wp-json\/wp\/v2\/media?parent=51459"}],"wp:term":[{"taxonomy":"product_brand","embeddable":true,"href":"https:\/\/www.naturmed.de\/en\/wp-json\/wp\/v2\/product_brand?post=51459"},{"taxonomy":"product_cat","embeddable":true,"href":"https:\/\/www.naturmed.de\/en\/wp-json\/wp\/v2\/product_cat?post=51459"}],"curies":[{"name":"wp","href":"https:\/\/api.w.org\/{rel}","templated":true}]}}