{"id":61308,"date":"2020-07-07T13:47:14","date_gmt":"2020-07-07T11:47:14","guid":{"rendered":"https:\/\/www.naturmed.de\/produkt\/le-pouvoir-des-points-han-e-yue-ling\/"},"modified":"2022-04-12T15:09:23","modified_gmt":"2022-04-12T13:09:23","slug":"la-puissance-des-points-han-e-yue-ling","status":"publish","type":"product","link":"https:\/\/www.naturmed.de\/en\/product\/la-puissance-des-points-han-e-yue-ling\/","title":{"rendered":"La puissance des points Part 1"},"content":{"rendered":"<p>Enfin, un ouvrage fondamental consacr\u00e9 \u00e0 la pratique authentique de la m\u00e9decine traditionnelle chinoise (MTC), mettant laccent sur lAcupuncture avec la M\u00e9thode de l\u00c9quilibre rapide et efficace. Ce premier d&#8217;une s\u00e9rie de livres d\u00e9di\u00e9s \u00e0 la compr\u00e9hension et aux applications de la MTC explore et d\u00e9veloppe les enseignements du regrett\u00e9 Dr Richard Teh-Fu Tan. L&#8217;\u00e9tymologie originale, les indications et la fonction des points d&#8217;acupuncture sont magnifiquement d\u00e9crites et illustr\u00e9es dans ce manuel essentiel qui ne manquera pas de devenir une norme dans le curriculum d&#8217;enseignement.<\/p>\n","protected":false},"excerpt":{"rendered":"<p>Ce livre d\u00e9crit le d\u00e9but des Points Essentiels et leur application ainsi que l&#8217;application des Points M\u00e9ridiens R\u00e9guliers. Commandez ici maintenant.<\/p>\n","protected":false},"featured_media":61362,"comment_status":"open","ping_status":"closed","template":"","meta":{"_acf_changed":false,"_relevanssi_hide_post":"","_relevanssi_hide_content":"","_relevanssi_pin_for_all":"","_relevanssi_pin_keywords":"","_relevanssi_unpin_keywords":"","_relevanssi_related_keywords":"","_relevanssi_related_include_ids":"","_relevanssi_related_exclude_ids":"","_relevanssi_related_no_append":"","_relevanssi_related_not_related":"","_relevanssi_related_posts":"","_relevanssi_noindex_reason":""},"product_brand":[],"product_cat":[18408,18404,18426],"class_list":{"0":"post-61308","1":"product","2":"type-product","3":"status-publish","4":"has-post-thumbnail","6":"book_author-han-e-yue-ling","7":"product_cat-acupuncture-books","8":"product_cat-tcmacupuncture-books","9":"product_cat-tungs-acupuncture","11":"first","12":"instock","13":"taxable","14":"shipping-taxable","15":"purchasable","16":"product-type-simple"},"acf":[],"_links":{"self":[{"href":"https:\/\/www.naturmed.de\/en\/wp-json\/wp\/v2\/product\/61308","targetHints":{"allow":["GET"]}}],"collection":[{"href":"https:\/\/www.naturmed.de\/en\/wp-json\/wp\/v2\/product"}],"about":[{"href":"https:\/\/www.naturmed.de\/en\/wp-json\/wp\/v2\/types\/product"}],"replies":[{"embeddable":true,"href":"https:\/\/www.naturmed.de\/en\/wp-json\/wp\/v2\/comments?post=61308"}],"wp:featuredmedia":[{"embeddable":true,"href":"https:\/\/www.naturmed.de\/en\/wp-json\/wp\/v2\/media\/61362"}],"wp:attachment":[{"href":"https:\/\/www.naturmed.de\/en\/wp-json\/wp\/v2\/media?parent=61308"}],"wp:term":[{"taxonomy":"product_brand","embeddable":true,"href":"https:\/\/www.naturmed.de\/en\/wp-json\/wp\/v2\/product_brand?post=61308"},{"taxonomy":"product_cat","embeddable":true,"href":"https:\/\/www.naturmed.de\/en\/wp-json\/wp\/v2\/product_cat?post=61308"}],"curies":[{"name":"wp","href":"https:\/\/api.w.org\/{rel}","templated":true}]}}