{"id":64349,"date":"2018-02-12T16:25:28","date_gmt":"2018-02-12T15:25:28","guid":{"rendered":"https:\/\/www.naturmed.de\/produkt\/chan-mi-gong-the-spinal-qigong-video-rehle-e\/"},"modified":"2020-12-08T10:14:22","modified_gmt":"2020-12-08T09:14:22","slug":"chan-mi-gong-the-spinal-qigong-video-rehle-e","status":"publish","type":"product","link":"https:\/\/www.naturmed.de\/en\/product\/chan-mi-gong-the-spinal-qigong-video-rehle-e\/","title":{"rendered":"Chan Mi Gong the spinal Qigong (video)"},"content":{"rendered":"<p>Eva Rehle introduces us to the Chan Mi Gong spinal Qigong.<br \/>\nAt first she opens the forehead and the perineum (is called Mi Chu = secret room). Her advice to us is to smile with the third eye. She is does a lot of practical exercises in standing and sitting. Our attention moves to different body parts. The exercises takes place in the nature and in the study rooms. Eva Rehle gives us many, exciting tasks according to the surrounding. She shows us clearing exercises (washing with the Qi), acupressure exercises, 3 point standing (bai hui, hui in, gushing Spring). She leads different meditation exercises, with sound and light. The wave line movements of Chan Mi Gong are exactly described and leaded carefully by Eva Rehle.<\/p>\n<p>Eva Rehle f\u00fchrt uns in ihrem Vortrag in den Chan Mi Gong Wirbels\u00e4ulen-Qigong ein.<br \/>\nZuerst \u00f6ffnet sie mit uns zusammen den Stirnbereich und den Dam (Mi Chu = geheimer Raum). Ihr Rat an uns ist das Dritte Auge mit einem L\u00e4cheln zu \u00f6ffnen. Es werden praktische \u00dcbungen im Stehen und Sitzen angeleitet und unsere Aufmerksamkeit auf verschiedene K\u00f6rperbereiche gelenkt. Die \u00dcbungen finden sowohl im Freien, als auch in den Seminarr\u00e4umen statt. Eva Rehle gibt uns viele spannende \u00dcbungen und passt diese der Umgebung an. Sie zeigt uns reinigende \u00dcbungen (mit dem Qi waschen), Klopf\u00fcbungen, 3 Punkt-Stehen (Bai Hui, Hui In, Sprudelnde Quelle). Die wellenf\u00f6rmigen Bewegungen des Chan Mi Gong werden ausf\u00fchrlich beschrieben und sorgf\u00e4ltig von Eva Rehle angeleitet und korrigiert.<\/p>\n<p>TCM Kongress Rothenburg 2014,<br \/>\nvideo, 336 min., deutsch\/englisch.<\/p>\n","protected":false},"excerpt":{"rendered":"<p>Eva Rehle introduces us to the Chan Mi Gong spinal Qigong. She leads different meditation exercises, with sound and light. Order your video now at naturmed!<\/p>\n","protected":false},"featured_media":23472,"comment_status":"closed","ping_status":"closed","template":"","meta":{"_acf_changed":false,"_relevanssi_hide_post":"","_relevanssi_hide_content":"","_relevanssi_pin_for_all":"","_relevanssi_pin_keywords":"","_relevanssi_unpin_keywords":"","_relevanssi_related_keywords":"","_relevanssi_related_include_ids":"","_relevanssi_related_exclude_ids":"","_relevanssi_related_no_append":"","_relevanssi_related_not_related":"","_relevanssi_related_posts":"","_relevanssi_noindex_reason":""},"product_brand":[],"product_cat":[18465,18468,29677,29565,18404],"class_list":{"0":"post-64349","1":"product","2":"type-product","3":"status-publish","4":"has-post-thumbnail","6":"book_author-rehle-e","7":"product_cat-qi-gong-taichi","8":"product_cat-qigong-basics","9":"product_cat-qigong-videos-en","10":"product_cat-tcm-videos-en","11":"product_cat-tcmacupuncture-books","12":"pa_videotyp-dvd-en","13":"pa_videotyp-streaming-en","15":"first","16":"instock","17":"taxable","18":"shipping-taxable","19":"purchasable","20":"product-type-variable"},"acf":[],"_links":{"self":[{"href":"https:\/\/www.naturmed.de\/en\/wp-json\/wp\/v2\/product\/64349","targetHints":{"allow":["GET"]}}],"collection":[{"href":"https:\/\/www.naturmed.de\/en\/wp-json\/wp\/v2\/product"}],"about":[{"href":"https:\/\/www.naturmed.de\/en\/wp-json\/wp\/v2\/types\/product"}],"replies":[{"embeddable":true,"href":"https:\/\/www.naturmed.de\/en\/wp-json\/wp\/v2\/comments?post=64349"}],"wp:featuredmedia":[{"embeddable":true,"href":"https:\/\/www.naturmed.de\/en\/wp-json\/wp\/v2\/media\/23472"}],"wp:attachment":[{"href":"https:\/\/www.naturmed.de\/en\/wp-json\/wp\/v2\/media?parent=64349"}],"wp:term":[{"taxonomy":"product_brand","embeddable":true,"href":"https:\/\/www.naturmed.de\/en\/wp-json\/wp\/v2\/product_brand?post=64349"},{"taxonomy":"product_cat","embeddable":true,"href":"https:\/\/www.naturmed.de\/en\/wp-json\/wp\/v2\/product_cat?post=64349"}],"curies":[{"name":"wp","href":"https:\/\/api.w.org\/{rel}","templated":true}]}}