{"id":65109,"date":"2020-12-10T15:57:29","date_gmt":"2020-12-10T14:57:29","guid":{"rendered":"https:\/\/www.naturmed.de\/produkt\/acupuncture-for-headaches-video-montakab-h\/"},"modified":"2022-04-12T15:46:43","modified_gmt":"2022-04-12T13:46:43","slug":"acupuncture-for-headaches-video-montakab-h","status":"publish","type":"product","link":"https:\/\/www.naturmed.de\/en\/product\/acupuncture-for-headaches-video-montakab-h\/","title":{"rendered":"Acupuncture for Headaches (Video)"},"content":{"rendered":"<p>Nowadays, headaches are one of the most common complaints of patients. About 15-20% alone suffer from migraine at regular intervals. Acupuncture has been proven to be one of the best methods of treatment for headaches. However, the diagnosis and treatment of headaches and migraines often remains a challenge for the therapist, as the treatment often requires a combination of different patterns.<br \/>\nSince head energetics is very complex, chronic headaches are difficult to treat. Chronic head pathologies include not only the Zang Fu disharmony patterns and disorders of the pathways, but often also psychological and even mechanical causes.<br \/>\nThe video is only in English.<\/p>\n<p class=\"western\">Das Video ist in Englisch.<\/p>\n<p class=\"western\">Kopfweh ist einer der h\u00e4ufigsten Gr\u00fcnde f\u00fcr die Einnahme von schmerzsenkenden Medikamenten. Die Wirkung einer Kopfwehtablette beschr\u00e4nkt sich aber meist auf die Unterdr\u00fcckung des Symptoms, bringt Linderung, keine Heilung. Sie kann mit unangenehmen und unerw\u00fcnschten Nebenwirkungen verbunden sein, ja sogar selbst zur Ursache weiteren Kopfwehs werden.<\/p>\n<p class=\"western\">Chronische Kopfschmerzen strapazieren unser Gesundheitssystem und die Budgets unserer Krankenkassen. Sie belasten den Patienten psychisch und k\u00f6rperlich in seinem famili\u00e4ren und beruflichen Umfeld.<\/p>\n<p class=\"western\">Geplagte Patienten, die sich der Ursache des Problems n\u00e4hern wollen, suchen deshalb oft Rat in Praxen und bei Therapeuten der TCM.<\/p>\n<p class=\"western\">Heute sind Kopfschmerzen eine der h\u00e4ufigsten medizinischen Beschwerden. Zum Beispiel leiden 15-20 Prozent der betroffenen Patienten in regelm\u00e4\u00dfigen Abst\u00e4nden unter Migr\u00e4ne. Die dabei h\u00e4ufig auftretende \u00dcbelkeit zeigt eindr\u00fccklich, dass wir es mit einem komplexen Krankheitsgeschehen zu tun haben, dessen Lokalisation nicht auf den Kopf beschr\u00e4nkt ist.<\/p>\n<p class=\"western\">Der noch weiter verbreitete stressbedingte Spannungskopfschmerz schr\u00e4nkt die Lebensqualit\u00e4t eines Kopfschmerzpatienten erheblich ein und demonstriert uns den Zusammenhang von K\u00f6rper und Psyche.<\/p>\n<p class=\"western\">Die TCM und ihre Behandlungsmethoden \u2013 insbesondere die Akupunktur, also das Einstechen von Nadeln in spezifische Punkte auf Meridianen oder Leitbahnen des K\u00f6rpers, hat sich in Studien zur Linderung akuter Schmerzattacken wie auch zur Reduktion von Kopfschmerztagen eines Patienten insgesamt als wirksame Therapie erwiesen. Damit hat die Akupunktur einen signifikanten Effekt als vorbeugendes Verfahren bei chronischen Kopfschmerzen.<\/p>\n<p class=\"western\">Eine wissenschaftliche \u00dcbersichtsarbeit aus 2016 zur Wirkung von Akupunkturbehandlungen bei mannigfaltigen Arten von Kopfschmerz nennt alleine 11 Studien und Reviews, die sich mit dieser Thematik befassen.<\/p>\n<p class=\"western\">Die Diagnose und Behandlung von Kopfschmerzen und Migr\u00e4ne bleibt aber f\u00fcr den Arzt und Therapeuten oft eine Herausforderung, da die Akupunktur eine Kombination verschiedener Muster der Chinesischen Medizin ber\u00fccksichtigen muss, um zufriedenstellende und nachhaltige Wirkung durch ihre Punktkombination zu entfalten.<\/p>\n<p class=\"western\">Der Arzt Dr. Hamid Montakab gewinnt seine Erfahrungen mit Schmerzen am oder im Kopf nicht nur aus seiner therapeutischen Praxis, sondern kennt Kopfweh auch als Betroffener aus erster Hand. Die Wurzeln seiner Arbeit liegen in der Franz\u00f6sischen Akupunkturschule und im Daoismus. F\u00fcr ihn ist dabei Kopfschmerz weit mehr als ein m\u00f6glichst schnell durch eine Akupunkturbehandlung zu beendender Zustand. Der Schmerz ist ein wichtiges Symptom zur Identifikation des im Hintergrund stehenden funktionalen oder organischen Problems.<\/p>\n<p class=\"western\">Dieser im Rahmen des TCM Kongresses 2020 in Rothenburg gehaltene Vortrag beleuchtet die verschiedenen Arten von Kopfschmerz als Symptom der Pathologien des Qi und der Zang Fu Organ- und Leitbahnmuster. Hamid Montakab arbeitet das Symptom \u201eKopfschmerz\u201c in den pathophysiologischen Konzepten der Chinesischen Medizin als wichtigen Hinweis auf den zugrundeliegenden Mechanismus einer Krankheit heraus. Das tut er in einer Weise, die weit \u00fcber das in herk\u00f6mmlichen Lehrb\u00fcchern vermittelte Wissen hinausgeht. Montakab fordert seine Zuh\u00f6rer auf, nicht bei der ersten offensichtlichen Diagnose einer chronischen Kopfschmerzerkrankung stehen zu bleiben.<\/p>\n<p class=\"western\">Dabei ist die Energetik des Qi im Bereich des Kopfes als Treffpunkt aller Yang Meridiane, interner Meridianverl\u00e4ufe, longitudinaler Luo-Gef\u00e4\u00dfe, den tendino-muskul\u00e4ren und den divergenten Leitbahnen sowie der au\u00dferordentlichen Gef\u00e4\u00dfe ebenso komplex wie es im Weiteren ihre Behandlung ist.<\/p>\n<p class=\"western\">In der Behandlung orientiert sich Montakab nicht an theoretischer Finesse, sondern am praktischen Erfolg und verfolgt nur dann einen Behandlungsansatz weiter, wenn dieser ihm in der konkreten Anwendung seine Wirksamkeit gezeigt hat.<\/p>\n<p class=\"western\"><a name=\"_GoBack\"><\/a>Dies macht das vermittelte Wissen wertvoll f\u00fcr die allt\u00e4gliche Praxis. Der tiefe Einblick erm\u00f6glicht das effektive Etablieren einer diesem Krankheitsmechanismus entgegengesetzten Behandlungsstrategie und steigert damit die Wirksamkeit der einzelnen Akupunktursitzungen. Ergebnis sind Kombinationen von Akupunkturpunkten, die den Unterschied zu rein symptomatischen Anwendungen machen.<\/p>\n<p class=\"western\">Das Video ist in Englisch.<\/p>\n<p>&nbsp;<\/p>\n","protected":false},"excerpt":{"rendered":"<p>Headaches are one of the most common complaints of patients. Acupuncture has been proven to be one of the best methods of treatment for headaches. However, the diagnosis and treatment of headaches and migraines often remains a challenge for the therapist. Order here the video<\/p>\n","protected":false},"featured_media":65106,"comment_status":"open","ping_status":"closed","template":"","meta":{"_acf_changed":false,"_relevanssi_hide_post":"","_relevanssi_hide_content":"","_relevanssi_pin_for_all":"","_relevanssi_pin_keywords":"","_relevanssi_unpin_keywords":"","_relevanssi_related_keywords":"","_relevanssi_related_include_ids":"","_relevanssi_related_exclude_ids":"","_relevanssi_related_no_append":"","_relevanssi_related_not_related":"","_relevanssi_related_posts":"","_relevanssi_noindex_reason":""},"product_brand":[],"product_cat":[29659,18452,18459,29690,18404,29979],"class_list":{"0":"post-65109","1":"product","2":"type-product","3":"status-publish","4":"has-post-thumbnail","6":"book_author-montakab-h-en","7":"product_cat-akupunktur-videos-tcm-videos-en","8":"product_cat-clinical-practice-in-tcm","9":"product_cat-headache","10":"product_cat-kopfschmerz-migraene-videos-en","11":"product_cat-tcmacupuncture-books","12":"product_cat-videos-tcm-kongress-en","13":"pa_videotyp-dvd-en","14":"pa_videotyp-streaming-en","16":"first","17":"instock","18":"taxable","19":"shipping-taxable","20":"purchasable","21":"product-type-variable"},"acf":[],"_links":{"self":[{"href":"https:\/\/www.naturmed.de\/en\/wp-json\/wp\/v2\/product\/65109","targetHints":{"allow":["GET"]}}],"collection":[{"href":"https:\/\/www.naturmed.de\/en\/wp-json\/wp\/v2\/product"}],"about":[{"href":"https:\/\/www.naturmed.de\/en\/wp-json\/wp\/v2\/types\/product"}],"replies":[{"embeddable":true,"href":"https:\/\/www.naturmed.de\/en\/wp-json\/wp\/v2\/comments?post=65109"}],"wp:featuredmedia":[{"embeddable":true,"href":"https:\/\/www.naturmed.de\/en\/wp-json\/wp\/v2\/media\/65106"}],"wp:attachment":[{"href":"https:\/\/www.naturmed.de\/en\/wp-json\/wp\/v2\/media?parent=65109"}],"wp:term":[{"taxonomy":"product_brand","embeddable":true,"href":"https:\/\/www.naturmed.de\/en\/wp-json\/wp\/v2\/product_brand?post=65109"},{"taxonomy":"product_cat","embeddable":true,"href":"https:\/\/www.naturmed.de\/en\/wp-json\/wp\/v2\/product_cat?post=65109"}],"curies":[{"name":"wp","href":"https:\/\/api.w.org\/{rel}","templated":true}]}}