{"id":67592,"date":"2021-04-16T10:27:43","date_gmt":"2021-04-16T08:27:43","guid":{"rendered":"https:\/\/www.naturmed.de\/produkt\/a-field-guide-to-the-huangdi-neijing-suwen-chang-a\/"},"modified":"2025-10-23T16:05:00","modified_gmt":"2025-10-23T14:05:00","slug":"a-field-guide-to-the-huangdi-neijing-suwen-chang-a","status":"publish","type":"product","link":"https:\/\/www.naturmed.de\/en\/product\/a-field-guide-to-the-huangdi-neijing-suwen-chang-a\/","title":{"rendered":"A Field Guide to the Hu\u00e1ngd\u00ec N\u00e8ijing S\u00f9w\u00e8n"},"content":{"rendered":"<h2>Understand the Huangdi Neijing Su Wen<\/h2>\n<p>it is one of the most important classical texts Yellow Emperor&#8217;s Classic of Chinese Medicine of Chinese Medicine. There are many different translations in the market. Often more or less reliable. This introductory book provides a summary of each chapter which emphasises the clinical relevance of the text.<br \/>\nThe author Amy Chang draws out how the text can be used to be transformed in the clinical practice. It avoids overly scholarly discussions and is an easy and enlightening reading.<\/p>\n","protected":false},"excerpt":{"rendered":"<p>The Yellow Emperor&#8217;s Classic of Chinese Medicine is one of the most important classical text of Chinese Medicine. Here in easy and enlightening to read. Order here<\/p>\n","protected":false},"featured_media":67461,"comment_status":"open","ping_status":"closed","template":"","meta":{"_acf_changed":false,"_relevanssi_hide_post":"","_relevanssi_hide_content":"","_relevanssi_pin_for_all":"","_relevanssi_pin_keywords":"","_relevanssi_unpin_keywords":"","_relevanssi_related_keywords":"","_relevanssi_related_include_ids":"","_relevanssi_related_exclude_ids":"","_relevanssi_related_no_append":"","_relevanssi_related_not_related":"","_relevanssi_related_posts":"","_relevanssi_noindex_reason":""},"product_brand":[],"product_cat":[18445,18441,18404],"class_list":{"0":"post-67592","1":"product","2":"type-product","3":"status-publish","4":"has-post-thumbnail","6":"book_author-chang-a","7":"product_cat-classical-tcm-texts","8":"product_cat-grundlagen-der-tcm-en","9":"product_cat-tcmacupuncture-books","11":"first","12":"instock","13":"sale","14":"taxable","15":"shipping-taxable","16":"purchasable","17":"product-type-simple"},"acf":[],"_links":{"self":[{"href":"https:\/\/www.naturmed.de\/en\/wp-json\/wp\/v2\/product\/67592","targetHints":{"allow":["GET"]}}],"collection":[{"href":"https:\/\/www.naturmed.de\/en\/wp-json\/wp\/v2\/product"}],"about":[{"href":"https:\/\/www.naturmed.de\/en\/wp-json\/wp\/v2\/types\/product"}],"replies":[{"embeddable":true,"href":"https:\/\/www.naturmed.de\/en\/wp-json\/wp\/v2\/comments?post=67592"}],"wp:featuredmedia":[{"embeddable":true,"href":"https:\/\/www.naturmed.de\/en\/wp-json\/wp\/v2\/media\/67461"}],"wp:attachment":[{"href":"https:\/\/www.naturmed.de\/en\/wp-json\/wp\/v2\/media?parent=67592"}],"wp:term":[{"taxonomy":"product_brand","embeddable":true,"href":"https:\/\/www.naturmed.de\/en\/wp-json\/wp\/v2\/product_brand?post=67592"},{"taxonomy":"product_cat","embeddable":true,"href":"https:\/\/www.naturmed.de\/en\/wp-json\/wp\/v2\/product_cat?post=67592"}],"curies":[{"name":"wp","href":"https:\/\/api.w.org\/{rel}","templated":true}]}}