{"id":68979,"date":"2021-07-06T12:48:39","date_gmt":"2021-07-06T10:48:39","guid":{"rendered":"https:\/\/www.naturmed.de\/produkt\/la-puissance-des-points-part-2-han-e-yue-ling\/"},"modified":"2025-01-30T13:33:37","modified_gmt":"2025-01-30T12:33:37","slug":"la-puissance-des-points-part-2-han-e-yue-ling","status":"publish","type":"product","link":"https:\/\/www.naturmed.de\/en\/product\/la-puissance-des-points-part-2-han-e-yue-ling\/","title":{"rendered":"La puissance des points Part 2"},"content":{"rendered":"<p>Dans ce deuxi\u00e8me livre d&#8217;une s\u00e9rie d\u00e9taillant les techniques avanc\u00e9es, les applications et le contexte de la m\u00e9thode d&#8217;acupuncture Balance, le Dr Eileen Yue-Ling Han d\u00e9veloppe les connaissances de base \u00e9tablies dans Le pouvoir des points, une exploration de l&#8217;\u00e9tymologie, des indications et des fonctions des acupoints prescrits et perfectionn\u00e9s par le regrett\u00e9 Dr Richard Teh-Fu Tan. Faites progresser votre pratique de l&#8217;acupuncture et am\u00e9liorez les r\u00e9sultats gr\u00e2ce \u00e0 ce programme qui associe de mani\u00e8re transparente l&#8217;art et la science d&#8217;une pratique s\u00e9culaire \u00e0 des \u00e9tudes de cas contemporaines qui refl\u00e8tent les besoins des praticiens d&#8217;aujourd&#8217;hui et de leurs patients.<\/p>\n","protected":false},"excerpt":{"rendered":"<p>Dans ce deuxi\u00e8me livre, le Dr Eileen Yue-Ling Han d\u00e9veloppe les connaissances fondamentales \u00e9tablies dans Le pouvoir des points. Commandez ici<\/p>\n","protected":false},"featured_media":68905,"comment_status":"open","ping_status":"closed","template":"","meta":{"_acf_changed":false,"_relevanssi_hide_post":"","_relevanssi_hide_content":"","_relevanssi_pin_for_all":"","_relevanssi_pin_keywords":"","_relevanssi_unpin_keywords":"","_relevanssi_related_keywords":"","_relevanssi_related_include_ids":"","_relevanssi_related_exclude_ids":"","_relevanssi_related_no_append":"","_relevanssi_related_not_related":"","_relevanssi_related_posts":"","_relevanssi_noindex_reason":""},"product_brand":[],"product_cat":[18408,18404,18426],"class_list":{"0":"post-68979","1":"product","2":"type-product","3":"status-publish","4":"has-post-thumbnail","6":"book_author-han-e-yue-ling","7":"product_cat-acupuncture-books","8":"product_cat-tcmacupuncture-books","9":"product_cat-tungs-acupuncture","11":"first","12":"outofstock","13":"taxable","14":"shipping-taxable","15":"purchasable","16":"product-type-simple"},"acf":[],"_links":{"self":[{"href":"https:\/\/www.naturmed.de\/en\/wp-json\/wp\/v2\/product\/68979","targetHints":{"allow":["GET"]}}],"collection":[{"href":"https:\/\/www.naturmed.de\/en\/wp-json\/wp\/v2\/product"}],"about":[{"href":"https:\/\/www.naturmed.de\/en\/wp-json\/wp\/v2\/types\/product"}],"replies":[{"embeddable":true,"href":"https:\/\/www.naturmed.de\/en\/wp-json\/wp\/v2\/comments?post=68979"}],"wp:featuredmedia":[{"embeddable":true,"href":"https:\/\/www.naturmed.de\/en\/wp-json\/wp\/v2\/media\/68905"}],"wp:attachment":[{"href":"https:\/\/www.naturmed.de\/en\/wp-json\/wp\/v2\/media?parent=68979"}],"wp:term":[{"taxonomy":"product_brand","embeddable":true,"href":"https:\/\/www.naturmed.de\/en\/wp-json\/wp\/v2\/product_brand?post=68979"},{"taxonomy":"product_cat","embeddable":true,"href":"https:\/\/www.naturmed.de\/en\/wp-json\/wp\/v2\/product_cat?post=68979"}],"curies":[{"name":"wp","href":"https:\/\/api.w.org\/{rel}","templated":true}]}}