{"id":69226,"date":"2021-07-28T10:35:44","date_gmt":"2021-07-28T08:35:44","guid":{"rendered":"https:\/\/www.naturmed.de\/produkt\/celestial-secrets\/"},"modified":"2024-11-25T12:14:35","modified_gmt":"2024-11-25T11:14:35","slug":"celestial-secrets","status":"publish","type":"product","link":"https:\/\/www.naturmed.de\/en\/product\/celestial-secrets\/","title":{"rendered":"Celestial Secrets"},"content":{"rendered":"<p>Sabine Wilms is a wellknown TCM expert. In her new book the first English translation of a rare medieval Chinese manuscript with the full title Fux\u00edngju\u00e9 z\u00e0ngfu y\u00f2ngy\u00e0o fay\u00e0o (Secret Tips for Helpful Action &#8211; The Key to Using Medicinals on the Z\u00e0ngfu Organs).<br \/>\nIn addition to a verbatim annotated translation of the complete full text by Dr. Sabine Wilms, this book contains a detailed scholarly introduction that analyzes the history of the text and its relationship to an ancient mythological tangy\u00e8jing (classic of decoctions) with which it is sometimes mistakenly identified. The eminent Jingfang practitioner Sharon Weizenbaum has kindly contributed a preface and clinical commentary.<\/p>\n","protected":false},"excerpt":{"rendered":"<p>This book is the first English translation of the Fux\u00edngju\u00e9 z\u00e0ngfu y\u00f2ngy\u00e0o fay\u00e0o (or secret tips for helpful action &#8211; The Key to Using Medicinals on the Z\u00e0ngfu Organs). Order here<\/p>\n","protected":false},"featured_media":69225,"comment_status":"open","ping_status":"closed","template":"","meta":{"_acf_changed":false,"_relevanssi_hide_post":"","_relevanssi_hide_content":"","_relevanssi_pin_for_all":"","_relevanssi_pin_keywords":"","_relevanssi_unpin_keywords":"","_relevanssi_related_keywords":"","_relevanssi_related_include_ids":"","_relevanssi_related_exclude_ids":"","_relevanssi_related_no_append":"","_relevanssi_related_not_related":"","_relevanssi_related_posts":"","_relevanssi_noindex_reason":""},"product_brand":[],"product_cat":[18445,18419],"class_list":{"0":"post-69226","1":"product","2":"type-product","3":"status-publish","4":"has-post-thumbnail","6":"book_author-wilms-s-en","7":"product_cat-classical-tcm-texts","8":"product_cat-meridians","10":"first","11":"instock","12":"taxable","13":"shipping-taxable","14":"purchasable","15":"product-type-simple"},"acf":[],"_links":{"self":[{"href":"https:\/\/www.naturmed.de\/en\/wp-json\/wp\/v2\/product\/69226","targetHints":{"allow":["GET"]}}],"collection":[{"href":"https:\/\/www.naturmed.de\/en\/wp-json\/wp\/v2\/product"}],"about":[{"href":"https:\/\/www.naturmed.de\/en\/wp-json\/wp\/v2\/types\/product"}],"replies":[{"embeddable":true,"href":"https:\/\/www.naturmed.de\/en\/wp-json\/wp\/v2\/comments?post=69226"}],"wp:featuredmedia":[{"embeddable":true,"href":"https:\/\/www.naturmed.de\/en\/wp-json\/wp\/v2\/media\/69225"}],"wp:attachment":[{"href":"https:\/\/www.naturmed.de\/en\/wp-json\/wp\/v2\/media?parent=69226"}],"wp:term":[{"taxonomy":"product_brand","embeddable":true,"href":"https:\/\/www.naturmed.de\/en\/wp-json\/wp\/v2\/product_brand?post=69226"},{"taxonomy":"product_cat","embeddable":true,"href":"https:\/\/www.naturmed.de\/en\/wp-json\/wp\/v2\/product_cat?post=69226"}],"curies":[{"name":"wp","href":"https:\/\/api.w.org\/{rel}","templated":true}]}}