{"id":69230,"date":"2021-07-22T12:51:07","date_gmt":"2021-07-22T10:51:07","guid":{"rendered":"https:\/\/www.naturmed.de\/produkt\/phytotherapeutische-strategien-aus-japan-video-kalg-a\/"},"modified":"2021-07-28T10:40:00","modified_gmt":"2021-07-28T08:40:00","slug":"phytotherapeutische-strategien-aus-japan-video-kalg-a","status":"publish","type":"product","link":"https:\/\/www.naturmed.de\/en\/product\/phytotherapeutische-strategien-aus-japan-video-kalg-a\/","title":{"rendered":"Phytotherapeutische Strategien aus Japan (Video)"},"content":{"rendered":"<p>Die chinesische Medizin erreichte Japan schon fr\u00fch und entwickelte sich auf ihre eigene Weise. Die japanischen \u00c4rzte wurden vor allem von klassischen chinesischen Werken wie dem Shang Han Za Bin Lun oder Qian Jin Yao Fang gepr\u00e4gt. Doch auch j\u00fcngere medizinische Werke, vor allem aus der Song- und Tang-Dynastie, inspirierten japanische \u00c4rzte. Dadurch entstanden in Japan eigenst\u00e4ndige Stile der chinesischen Medizin, die unter dem Namen Kampo zusammengefasst werden.<br \/>\nAndreas Kalg stellt hier einen relativ neuen Kampo Stil vor. Gegr\u00fcndet von Mori Dohaku, entstand dieser Ikkan Do-Stil im 19. Jahrhundert und wird auch heute noch ausge\u00fcbt. Mori Dohaku war zu einem neuen Verst\u00e4ndnis von Allergien und Hautkrankheiten gekommen. Um diese zu behandeln, hatte er alte chinesische Formeln so ver\u00e4ndert, dass sie zu seinem Verst\u00e4ndnis von Krankheiten passten.<br \/>\nIn diesem Kurs stellt er Formeln von Mori Dohaku und anderen namhaften japanischen \u00c4rzten der Zeit vor, mit denen man Allergien, Hautkrankheiten und Stoffwechselst\u00f6rungen therapieren kann.<\/p>\n<p>Chinese Medicine had reached Japan very early and evolved there in a unique manner. Japanese doctors drew on early classical Chinese sources like the Shang Han Za Bing Lun or Qian Jin Yao Fang. But also, medical texts from the Song and Tang dynasties had an important influence on the Japanese style of Chinese Medicine, which came to be known as Kampo.<\/p>\n<p>The Kampo style that I want to present here is a rather new one, from the 19th and early 20th century, called Ikkan-Do, founded by Mori Dohaku. Mori Dohaku had developed a new understanding of allergies and skin disorders. He adopted Chinese medical formulas and modified them to meet his understanding of those disorders.<\/p>\n<p>Language German and English<\/p>\n","protected":false},"excerpt":{"rendered":"<p>Anderas Kalg in einem Seminar zum Thema Phytotherapeutische Strategien aus Japan zur Behandlung von Allergien und Hauterkrankungen. Hier bestellen.<\/p>\n","protected":false},"featured_media":69118,"comment_status":"open","ping_status":"closed","template":"","meta":{"_acf_changed":false,"_relevanssi_hide_post":"","_relevanssi_hide_content":"","_relevanssi_pin_for_all":"","_relevanssi_pin_keywords":"","_relevanssi_unpin_keywords":"","_relevanssi_related_keywords":"","_relevanssi_related_include_ids":"","_relevanssi_related_exclude_ids":"","_relevanssi_related_no_append":"","_relevanssi_related_not_related":"","_relevanssi_related_posts":"","_relevanssi_noindex_reason":""},"product_brand":[],"product_cat":[29684,29662,29674,29565,18404,29979],"class_list":{"0":"post-69230","1":"product","2":"type-product","3":"status-publish","4":"has-post-thumbnail","6":"book_author-andreas-kalg","7":"product_cat-hautkrankheiten-videos-en","8":"product_cat-japanische-akupunktur-video-en","9":"product_cat-tcm-kraeuter-videos-en","10":"product_cat-tcm-videos-en","11":"product_cat-tcmacupuncture-books","12":"product_cat-videos-tcm-kongress-en","13":"pa_videotyp-dvd-en","14":"pa_videotyp-streaming-en","16":"first","17":"instock","18":"taxable","19":"shipping-taxable","20":"purchasable","21":"product-type-variable"},"acf":[],"_links":{"self":[{"href":"https:\/\/www.naturmed.de\/en\/wp-json\/wp\/v2\/product\/69230","targetHints":{"allow":["GET"]}}],"collection":[{"href":"https:\/\/www.naturmed.de\/en\/wp-json\/wp\/v2\/product"}],"about":[{"href":"https:\/\/www.naturmed.de\/en\/wp-json\/wp\/v2\/types\/product"}],"replies":[{"embeddable":true,"href":"https:\/\/www.naturmed.de\/en\/wp-json\/wp\/v2\/comments?post=69230"}],"wp:featuredmedia":[{"embeddable":true,"href":"https:\/\/www.naturmed.de\/en\/wp-json\/wp\/v2\/media\/69118"}],"wp:attachment":[{"href":"https:\/\/www.naturmed.de\/en\/wp-json\/wp\/v2\/media?parent=69230"}],"wp:term":[{"taxonomy":"product_brand","embeddable":true,"href":"https:\/\/www.naturmed.de\/en\/wp-json\/wp\/v2\/product_brand?post=69230"},{"taxonomy":"product_cat","embeddable":true,"href":"https:\/\/www.naturmed.de\/en\/wp-json\/wp\/v2\/product_cat?post=69230"}],"curies":[{"name":"wp","href":"https:\/\/api.w.org\/{rel}","templated":true}]}}